{"id":471,"date":"2020-06-12T16:52:06","date_gmt":"2020-06-12T14:52:06","guid":{"rendered":"https:\/\/www.sciencespo.fr\/research\/migration-diversite\/home\/?page_id=471"},"modified":"2023-12-15T22:34:37","modified_gmt":"2023-12-15T21:34:37","slug":"cartographie-des-cours-course-offer","status":"publish","type":"page","link":"https:\/\/www.sciencespo.fr\/research\/migration-diversite\/home\/cartographie-des-cours-course-offer\/","title":{"rendered":"Cartographie des cours \/ Course offer"},"content":{"rendered":"\t\t<div data-elementor-type=\"wp-page\" data-elementor-id=\"471\" class=\"elementor elementor-471\" data-elementor-settings=\"[]\">\n\t\t\t\t\t\t<div class=\"elementor-inner\">\n\t\t\t\t\t\t\t<div class=\"elementor-section-wrap\">\n\t\t\t\t\t\t\t<section class=\"elementor-section elementor-top-section elementor-element elementor-element-238d444 elementor-section-boxed elementor-section-height-default elementor-section-height-default\" data-id=\"238d444\" data-element_type=\"section\">\n\t\t\t\t\t\t<div class=\"elementor-container elementor-column-gap-default\">\n\t\t\t\t\t\t\t<div class=\"elementor-row\">\n\t\t\t\t\t<div class=\"elementor-column elementor-col-100 elementor-top-column elementor-element elementor-element-cd8c516\" data-id=\"cd8c516\" data-element_type=\"column\">\n\t\t\t<div class=\"elementor-column-wrap elementor-element-populated\">\n\t\t\t\t\t\t\t<div class=\"elementor-widget-wrap\">\n\t\t\t\t\t\t<div class=\"elementor-element elementor-element-ad9fe7d elementor-widget elementor-widget-heading\" data-id=\"ad9fe7d\" data-element_type=\"widget\" data-widget_type=\"heading.default\">\n\t\t\t\t<div class=\"elementor-widget-container\">\n\t\t\t<h1 class=\"elementor-heading-title elementor-size-default\">Cartographie des cours<\/h1>\t\t<\/div>\n\t\t\t\t<\/div>\n\t\t\t\t\t\t<\/div>\n\t\t\t\t\t<\/div>\n\t\t<\/div>\n\t\t\t\t\t\t\t\t<\/div>\n\t\t\t\t\t<\/div>\n\t\t<\/section>\n\t\t\t\t<section class=\"elementor-section elementor-top-section elementor-element elementor-element-6527551 elementor-section-boxed elementor-section-height-default elementor-section-height-default\" data-id=\"6527551\" data-element_type=\"section\">\n\t\t\t\t\t\t<div class=\"elementor-container elementor-column-gap-default\">\n\t\t\t\t\t\t\t<div class=\"elementor-row\">\n\t\t\t\t\t<div class=\"elementor-column elementor-col-100 elementor-top-column elementor-element elementor-element-8060ffc\" data-id=\"8060ffc\" data-element_type=\"column\">\n\t\t\t<div class=\"elementor-column-wrap elementor-element-populated\">\n\t\t\t\t\t\t\t<div class=\"elementor-widget-wrap\">\n\t\t\t\t\t\t<div class=\"elementor-element elementor-element-a552345 elementor-widget elementor-widget-heading\" data-id=\"a552345\" data-element_type=\"widget\" data-widget_type=\"heading.default\">\n\t\t\t\t<div class=\"elementor-widget-container\">\n\t\t\t<h1 class=\"elementor-heading-title elementor-size-medium\">Course offer<\/h1>\t\t<\/div>\n\t\t\t\t<\/div>\n\t\t\t\t\t\t<\/div>\n\t\t\t\t\t<\/div>\n\t\t<\/div>\n\t\t\t\t\t\t\t\t<\/div>\n\t\t\t\t\t<\/div>\n\t\t<\/section>\n\t\t\t\t<section class=\"elementor-section elementor-top-section elementor-element elementor-element-a46883b elementor-section-boxed elementor-section-height-default elementor-section-height-default\" data-id=\"a46883b\" data-element_type=\"section\">\n\t\t\t\t\t\t<div class=\"elementor-container elementor-column-gap-default\">\n\t\t\t\t\t\t\t<div class=\"elementor-row\">\n\t\t\t\t\t<div class=\"elementor-column elementor-col-100 elementor-top-column elementor-element elementor-element-088ca65\" data-id=\"088ca65\" data-element_type=\"column\">\n\t\t\t<div class=\"elementor-column-wrap elementor-element-populated\">\n\t\t\t\t\t\t\t<div class=\"elementor-widget-wrap\">\n\t\t\t\t\t\t<div class=\"elementor-element elementor-element-7dd93d1 elementor-widget elementor-widget-text-editor\" data-id=\"7dd93d1\" data-element_type=\"widget\" data-widget_type=\"text-editor.default\">\n\t\t\t\t<div class=\"elementor-widget-container\">\n\t\t\t\t\t<div class=\"elementor-text-editor elementor-clearfix\"><h2>Coll\u00e8ge universitaire \/ Undergraduate College<\/h2><p><a href=\"https:\/\/syllabus.sciencespo.fr\/en\/?202220\/221148\">BROWN WHITE AND BLACK. READING ALBERT MEMMI AND FRANZ FANON<\/a><\/p><p><a href=\"https:\/\/syllabus.sciencespo.fr\/en\/?mapping\/188938#_gl=1*1xjoxu5*_gcl_au*MTM2ODE2NzY2MC4xNjk5MTg3MzY0\">COMPARATIVE RACIAL AND ETHNIC STUDIES: FRANCE AND THE UNITED STATES<\/a><\/p><p><a href=\"https:\/\/syllabus.sciencespo.fr\/fr\/?mapping\/188933#_gl=1*dbgcoa*_gcl_au*MTM2ODE2NzY2MC4xNjk5MTg3MzY0\">DROIT DES R\u00c9FUGI\u00c9S EN M\u00c9DITERRAN\u00c9E<\/a><\/p><p><a href=\"https:\/\/syllabus.sciencespo.fr\/fr\/?202310\/237562\">ECONOMIE DES R\u00c9FUGI\u00c9S<\/a>\u00a0<\/p><p><a href=\"https:\/\/syllabus.sciencespo.fr\/fr\/?202310\/237562\">EQUALITY AND DIVERSITY IN THE UNITED STATES<\/a>\u00a0<\/p><p><a href=\"https:\/\/syllabus.sciencespo.fr\/fr\/?202320\/243266\">GENDER AND MIGRATION, CONFLICT AND DEVELOPMENT<\/a><\/p><p><a href=\"https:\/\/syllabus.sciencespo.fr\/fr\/?202320\/243266\">GEOPOLITICS OF MIGRATIONS: FLOWS, POLITICS AND ORGANISATIONS<\/a><\/p><p><a href=\"https:\/\/syllabus.sciencespo.fr\/fr\/?202210\/214323\">GOVERNING BORDERS IN THE 21ST CENTURY<\/a><a style=\"font-size: 25px;\" name=\"_Toc44346049\"><\/a><\/p><p><a href=\"https:\/\/syllabus.sciencespo.fr\/fr\/?202210\/214323\">MIGRATION LAW: FROM THEORY TO ADVOCACY<\/a><\/p><p><a href=\"https:\/\/syllabus.sciencespo.fr\/fr\/?202310\/237562\">MIGRATION POLICIES IN EUROPE<\/a><\/p><p><a href=\"https:\/\/syllabus.sciencespo.fr\/fr\/?202320\/243266\">MINORITIES AND MINORITIZATION IN THE CONTEMPORARY MIDDLE EAST AND NORTH AFRICA<\/a><\/p><p><a href=\"https:\/\/syllabus.sciencespo.fr\/fr\/?202320\/245301\">PERSPECTIVES IN ECONOMICS AND SOCIOLOGY: ISSUES OF MIGRATION, DISCRIMINATION, JUSTICE AND RELIGION<\/a><\/p><p><a href=\"https:\/\/syllabus.sciencespo.fr\/fr\/?202310\/237562\">RACE, DISCRIMINATION AND RACIAL INEQUALITIES ON BOTH SIDES OF THE ATLANTIC<\/a>\u00a0<\/p><p><a href=\"https:\/\/syllabus.sciencespo.fr\/fr\/?202320\/243266\">RACIAL INEQUALITY IN US HISTORY FROM 1619 TO BLACK LIVES MATTER<\/a><\/p><p><a href=\"https:\/\/syllabus.sciencespo.fr\/fr\/?202210\/214323\">REFUGEE PROTECTION<\/a>\u00a0<a style=\"font-size: 25px;\" name=\"_Toc44346049\"><\/a><\/p><p><a href=\"https:\/\/syllabus.sciencespo.fr\/fr\/?202310\/237562\">THE EURO, MIGRATION AND CLIMATE CHANGE: EUROPEAN CHALLENGES AND OPPORTUNITIES\u00a0<\/a><\/p><h3><a name=\"_Toc44346051\"><\/a><a name=\"_Toc44346053\"><\/a><a name=\"_Toc44346055\"><\/a><\/h3><h2><a name=\"_Toc44346060\"><\/a>Ecoles de master \/ Graduate Programs<a name=\"_Toc44346061\"><\/a><\/h2><h3>Ecole d&rsquo;affaires internationales \/ Paris School of International Affairs\u00a0<\/h3><p><a href=\"https:\/\/syllabus.sciencespo.fr\/cours\/202210\/216721.html\">BORDER SECURITY AND BORDER MANAGEMENT<\/a>\u00a0<\/p><p><a href=\"https:\/\/syllabus.sciencespo.fr\/en\/?202210\/218062\">GOVERNING MIGRATION IN EUROPE AND BEYOND : CATEGORIES, POLICIES, ACTORS<\/a>\u00a0<\/p><p><a href=\"https:\/\/syllabus.sciencespo.fr\/en\/?202210\/218062\">INTERNATIONAL MIGRATION AND JUSTICE IN THE EU<\/a>\u00a0<\/p><p><a href=\"https:\/\/syllabus.sciencespo.fr\/en\/?202210\/218062\">INTRODUCTION TO THE POLITICS OF INTERNATIONAL MIGRATION<\/a>\u00a0<\/p><p><a href=\"https:\/\/syllabus.sciencespo.fr\/cours\/202220\/210761.html\">MIGRATION AND HUMAN RIGHTS: A COMPARATIVE PERSPECTIVE ACROSS WORLD REGIONS<\/a> <a name=\"_Toc44346063\"><\/a>\u00a0<\/p><p><a href=\"https:\/\/syllabus.sciencespo.fr\/en\/?202210\/218062\">MIGRATIONS THROUGH THE LENS OF GENDER<\/a><\/p><p><a href=\"https:\/\/syllabus.sciencespo.fr\/cours\/202210\/207106.html\">REFUGEE GOVERNANCE AND POLICY IN THE MIDDLE EAST<\/a><\/p><h3><a name=\"_Toc44346064\"><\/a>Ecole de la recherche \/ School of Research<\/h3><p><a href=\"https:\/\/syllabus.sciencespo.fr\/fr\/?mapping\/176839#_ga=2.2578611.247635761.1667302758-189553132.1641477653\">SOCIOLOGY OF MIGRATION<\/a>\u00a0<\/p><h3><a name=\"_Toc44346065\"><\/a>Ecole d\u2019Affaires publiques \/School of Public Affairs<\/h3><p><a href=\"https:\/\/syllabus.sciencespo.fr\/en\/?mapping\/190786\">EQUALITY OF OPPORTUNITY AND ANTIDISCRIMINATION POLICIES<\/a>\u00a0<\/p><p><a href=\"https:\/\/syllabus.sciencespo.fr\/cours\/202210\/206249.html\">MIGRATION AND INTEGRATION POLICIES: A SUSTAINABLE DEVELOPMENT APPROACH<\/a>\u00a0<\/p><p><a href=\"https:\/\/syllabus.sciencespo.fr\/cours\/202210\/202926.html\">POLITIQUES ANTI-DISCRIMINATION ET STATISTIQUES ETHNIQUES<\/a><\/p><h3><a name=\"_Toc44346066\"><\/a>Ecole de droit \/ Law School<\/h3><p><a href=\"https:\/\/syllabus.sciencespo.fr\/cours\/202210\/203444.html\">DROIT EUROP\u00c9EN DES MIGRANTS<\/a>\u00a0<\/p><h3><a name=\"_Toc44346067\"><\/a>Ecole du management et de l\u2019impact \/ School of Management and Impact<\/h3><p><a href=\"https:\/\/syllabus.sciencespo.fr\/en\/?202210\/213759\">FIGHTING THE RE-EMERGENCE OF POVERTY IN ADVANCED ECONOMIES<\/a>\u00a0<\/p><\/div>\n\t\t\t\t<\/div>\n\t\t\t\t<\/div>\n\t\t\t\t\t\t<\/div>\n\t\t\t\t\t<\/div>\n\t\t<\/div>\n\t\t\t\t\t\t\t\t<\/div>\n\t\t\t\t\t<\/div>\n\t\t<\/section>\n\t\t\t\t\t\t<\/div>\n\t\t\t\t\t\t<\/div>\n\t\t\t\t\t<\/div>\n\t\t","protected":false},"excerpt":{"rendered":"<p>Cartographie des cours Course offer Coll\u00e8ge universitaire \/ Undergraduate College BROWN WHITE AND BLACK. READING ALBERT MEMMI AND FRANZ FANON COMPARATIVE RACIAL AND ETHNIC STUDIES: FRANCE AND THE UNITED STATES DROIT DES R\u00c9FUGI\u00c9S EN M\u00c9DITERRAN\u00c9E ECONOMIE DES R\u00c9FUGI\u00c9S\u00a0 EQUALITY AND DIVERSITY IN THE UNITED STATES\u00a0 GENDER AND MIGRATION, CONFLICT AND DEVELOPMENT GEOPOLITICS OF MIGRATIONS: FLOWS, POLITICS AND ORGANISATIONS GOVERNING BORDERS IN THE 21ST CENTURY MIGRATION LAW: FROM THEORY TO ADVOCACY MIGRATION POLICIES IN EUROPE MINORITIES AND MINORITIZATION IN THE CONTEMPORARY MIDDLE EAST AND NORTH AFRICA PERSPECTIVES IN ECONOMICS AND SOCIOLOGY: ISSUES OF MIGRATION, DISCRIMINATION, JUSTICE AND RELIGION RACE, DISCRIMINATION AND<span class=\"excerpt-hellip\"> [\u2026]<\/span><\/p>\n","protected":false},"author":3,"featured_media":0,"parent":0,"menu_order":0,"comment_status":"closed","ping_status":"closed","template":"","meta":[],"_links":{"self":[{"href":"https:\/\/www.sciencespo.fr\/research\/migration-diversite\/home\/wp-json\/wp\/v2\/pages\/471"}],"collection":[{"href":"https:\/\/www.sciencespo.fr\/research\/migration-diversite\/home\/wp-json\/wp\/v2\/pages"}],"about":[{"href":"https:\/\/www.sciencespo.fr\/research\/migration-diversite\/home\/wp-json\/wp\/v2\/types\/page"}],"author":[{"embeddable":true,"href":"https:\/\/www.sciencespo.fr\/research\/migration-diversite\/home\/wp-json\/wp\/v2\/users\/3"}],"replies":[{"embeddable":true,"href":"https:\/\/www.sciencespo.fr\/research\/migration-diversite\/home\/wp-json\/wp\/v2\/comments?post=471"}],"version-history":[{"count":97,"href":"https:\/\/www.sciencespo.fr\/research\/migration-diversite\/home\/wp-json\/wp\/v2\/pages\/471\/revisions"}],"predecessor-version":[{"id":4226,"href":"https:\/\/www.sciencespo.fr\/research\/migration-diversite\/home\/wp-json\/wp\/v2\/pages\/471\/revisions\/4226"}],"wp:attachment":[{"href":"https:\/\/www.sciencespo.fr\/research\/migration-diversite\/home\/wp-json\/wp\/v2\/media?parent=471"}],"curies":[{"name":"wp","href":"https:\/\/api.w.org\/{rel}","templated":true}]}}