{"id":4043,"date":"2023-06-05T17:30:16","date_gmt":"2023-06-05T15:30:16","guid":{"rendered":"https:\/\/www.sciencespo.fr\/research\/migration-diversite\/home\/?page_id=4043"},"modified":"2023-06-06T18:18:13","modified_gmt":"2023-06-06T16:18:13","slug":"laboratoires-participants-participating-laboratories","status":"publish","type":"page","link":"https:\/\/www.sciencespo.fr\/research\/migration-diversite\/home\/laboratoires-participants-participating-laboratories\/","title":{"rendered":"Laboratoires participants \/ Participating laboratories"},"content":{"rendered":"\t\t<div data-elementor-type=\"wp-page\" data-elementor-id=\"4043\" class=\"elementor elementor-4043\" data-elementor-settings=\"[]\">\n\t\t\t\t\t\t<div class=\"elementor-inner\">\n\t\t\t\t\t\t\t<div class=\"elementor-section-wrap\">\n\t\t\t\t\t\t\t<section class=\"elementor-section elementor-top-section elementor-element elementor-element-51d8438 elementor-section-boxed elementor-section-height-default elementor-section-height-default\" data-id=\"51d8438\" data-element_type=\"section\">\n\t\t\t\t\t\t<div class=\"elementor-container elementor-column-gap-default\">\n\t\t\t\t\t\t\t<div class=\"elementor-row\">\n\t\t\t\t\t<div class=\"elementor-column elementor-col-100 elementor-top-column elementor-element elementor-element-5706d005\" data-id=\"5706d005\" data-element_type=\"column\">\n\t\t\t<div class=\"elementor-column-wrap elementor-element-populated\">\n\t\t\t\t\t\t\t<div class=\"elementor-widget-wrap\">\n\t\t\t\t\t\t<div class=\"elementor-element elementor-element-6547765f elementor-widget elementor-widget-text-editor\" data-id=\"6547765f\" data-element_type=\"widget\" data-widget_type=\"text-editor.default\">\n\t\t\t\t<div class=\"elementor-widget-container\">\n\t\t\t\t\t<div class=\"elementor-text-editor elementor-clearfix\"><p><!-- wp:heading --><\/p>\n<h2>Les laboratoires de Sciences Po participant au projet \/ Sciences Po research centers involved<\/h2>\n<p><!-- \/wp:heading --><!-- wp:paragraph --><\/p>\n<p><!-- \/wp:paragraph --><!-- wp:heading {\"level\":5} --><\/p>\n<h5>Centre de recherches internationales (CERI) \/ Centre for International Studies (CERI)<\/h5>\n<p><!-- \/wp:heading --><!-- wp:paragraph --><\/p>\n<p><a href=\"https:\/\/www.sciencespo.fr\/ceri\/fr\"><em>En savoir plus \/ More information<\/em><\/a><\/p>\n<p><!-- \/wp:paragraph --><!-- wp:heading {\"level\":5} --><\/p>\n<h5>Centre d\u2019\u00e9tudes europ\u00e9ennes et de politique compar\u00e9e (CEE) \/ Centre for European Studies and Comparative Politics (CEE)\u00a0<\/h5>\n<p><!-- \/wp:heading --><!-- wp:paragraph --><\/p>\n<p><a href=\"https:\/\/www.sciencespo.fr\/centre-etudes-europeennes\/fr\"><em>En savoir plus \/ More information<\/em><\/a><\/p>\n<p><!-- \/wp:paragraph --><!-- wp:paragraph --><\/p>\n<p><strong>Laboratoire interdisciplinaire d\u2019\u00e9valuation des politiques publiques (LIEPP) \/ Laboratory for Interdisciplinary Evaluation of Public Policies (LIEPP)<\/strong><\/p>\n<p><!-- \/wp:paragraph --><!-- wp:paragraph --><\/p>\n<p><a href=\"https:\/\/www.sciencespo.fr\/liepp\/fr\"><em>En savoir plus \/ More information<\/em><\/a><\/p>\n<p><!-- \/wp:paragraph --><!-- wp:heading {\"level\":5} --><\/p>\n<h5>Centre de recherche sur les in\u00e9galit\u00e9s sociales (CRIS) \/ Centre for Research on Social Inequalities (CRIS)<\/h5>\n<p><!-- \/wp:heading --><!-- wp:paragraph --><\/p>\n<p><a href=\"https:\/\/www.sciencespo.fr\/osc\/en.html\"><em>En savoir plus \/ More information<\/em><\/a><\/p>\n<p><!-- \/wp:paragraph --><!-- wp:heading {\"level\":5} --><\/p>\n<h5>Ecole de droit de Sciences Po (EDD) \/ Sciences Po Law School<\/h5>\n<p><!-- \/wp:heading --><!-- wp:paragraph --><\/p>\n<p><em><a href=\"https:\/\/www.sciencespo.fr\/ecole-de-droit\/fr.html\">En savoir plus \/ More information<\/a><\/em><\/p>\n<p><!-- \/wp:paragraph --><!-- wp:heading {\"level\":5} --><\/p>\n<h5>D\u00e9partement d\u2019\u00e9conomie de Sciences Po \/ Sciences Po Department of Economics<\/h5>\n<p><!-- \/wp:heading --><!-- wp:paragraph --><\/p>\n<p><a href=\"https:\/\/www.sciencespo.fr\/department-economics\/en.html\"><em>En savoir plus \/ More information<\/em><\/a><\/p>\n<p><!-- \/wp:paragraph --><!-- wp:heading {\"level\":5} --><\/p>\n<h5>Centre d\u2019histoire de Sciences Po \/ Sciences Po Centre for History<\/h5>\n<p><!-- \/wp:heading --><!-- wp:paragraph --><\/p>\n<p><a href=\"http:\/\/chsp.sciences-po.fr\/\"><em>En savoir plus \/ More information<\/em><\/a><\/p>\n<p><!-- \/wp:paragraph --><!-- wp:heading {\"level\":5} --><\/p>\n<h5>Centre de recherches politiques de Sciences Po (CEVIPOF) \/ Centre for Political Research at Sciences Po (CEVIPOF)<\/h5>\n<p><!-- \/wp:heading --><!-- wp:paragraph --><\/p>\n<p><a href=\"http:\/\/www.sciencespo.fr\/cevipof\/fr\"><em>En savoir plus \/ More information<\/em><\/a><\/p>\n<p><!-- \/wp:paragraph --><\/p><\/div>\n\t\t\t\t<\/div>\n\t\t\t\t<\/div>\n\t\t\t\t\t\t<\/div>\n\t\t\t\t\t<\/div>\n\t\t<\/div>\n\t\t\t\t\t\t\t\t<\/div>\n\t\t\t\t\t<\/div>\n\t\t<\/section>\n\t\t\t\t\t\t<\/div>\n\t\t\t\t\t\t<\/div>\n\t\t\t\t\t<\/div>\n\t\t","protected":false},"excerpt":{"rendered":"<p>Les laboratoires de Sciences Po participant au projet \/ Sciences Po research centers involved Centre de recherches internationales (CERI) \/ Centre for International Studies (CERI) En savoir plus \/ More information Centre d\u2019\u00e9tudes europ\u00e9ennes et de politique compar\u00e9e (CEE) \/ Centre for European Studies and Comparative Politics (CEE)\u00a0 En savoir plus \/ More information Laboratoire interdisciplinaire d\u2019\u00e9valuation des politiques publiques (LIEPP) \/ Laboratory for Interdisciplinary Evaluation of Public Policies (LIEPP) En savoir plus \/ More information Centre de recherche sur les in\u00e9galit\u00e9s sociales (CRIS) \/ Centre for Research on Social Inequalities (CRIS) En savoir plus \/ More information Ecole de<span class=\"excerpt-hellip\"> [\u2026]<\/span><\/p>\n","protected":false},"author":2,"featured_media":0,"parent":0,"menu_order":0,"comment_status":"closed","ping_status":"closed","template":"","meta":[],"_links":{"self":[{"href":"https:\/\/www.sciencespo.fr\/research\/migration-diversite\/home\/wp-json\/wp\/v2\/pages\/4043"}],"collection":[{"href":"https:\/\/www.sciencespo.fr\/research\/migration-diversite\/home\/wp-json\/wp\/v2\/pages"}],"about":[{"href":"https:\/\/www.sciencespo.fr\/research\/migration-diversite\/home\/wp-json\/wp\/v2\/types\/page"}],"author":[{"embeddable":true,"href":"https:\/\/www.sciencespo.fr\/research\/migration-diversite\/home\/wp-json\/wp\/v2\/users\/2"}],"replies":[{"embeddable":true,"href":"https:\/\/www.sciencespo.fr\/research\/migration-diversite\/home\/wp-json\/wp\/v2\/comments?post=4043"}],"version-history":[{"count":11,"href":"https:\/\/www.sciencespo.fr\/research\/migration-diversite\/home\/wp-json\/wp\/v2\/pages\/4043\/revisions"}],"predecessor-version":[{"id":4105,"href":"https:\/\/www.sciencespo.fr\/research\/migration-diversite\/home\/wp-json\/wp\/v2\/pages\/4043\/revisions\/4105"}],"wp:attachment":[{"href":"https:\/\/www.sciencespo.fr\/research\/migration-diversite\/home\/wp-json\/wp\/v2\/media?parent=4043"}],"curies":[{"name":"wp","href":"https:\/\/api.w.org\/{rel}","templated":true}]}}