{"id":283,"date":"2020-05-26T18:30:47","date_gmt":"2020-05-26T16:30:47","guid":{"rendered":"https:\/\/www.sciencespo.fr\/research\/migration-diversite\/home\/?page_id=283"},"modified":"2026-02-26T14:36:00","modified_gmt":"2026-02-26T13:36:00","slug":"recherche-research","status":"publish","type":"page","link":"https:\/\/www.sciencespo.fr\/research\/migration-diversite\/home\/recherche-research\/","title":{"rendered":"Axes de recherche \/ Research  areas"},"content":{"rendered":"\t\t<div data-elementor-type=\"wp-page\" data-elementor-id=\"283\" class=\"elementor elementor-283\" data-elementor-settings=\"[]\">\n\t\t\t\t\t\t<div class=\"elementor-inner\">\n\t\t\t\t\t\t\t<div class=\"elementor-section-wrap\">\n\t\t\t\t\t\t\t<section class=\"elementor-section elementor-top-section elementor-element elementor-element-ff657fb elementor-section-boxed elementor-section-height-default elementor-section-height-default\" data-id=\"ff657fb\" data-element_type=\"section\">\n\t\t\t\t\t\t<div class=\"elementor-container elementor-column-gap-default\">\n\t\t\t\t\t\t\t<div class=\"elementor-row\">\n\t\t\t\t\t<div class=\"elementor-column elementor-col-100 elementor-top-column elementor-element elementor-element-bd0d15d\" data-id=\"bd0d15d\" data-element_type=\"column\">\n\t\t\t<div class=\"elementor-column-wrap elementor-element-populated\">\n\t\t\t\t\t\t\t<div class=\"elementor-widget-wrap\">\n\t\t\t\t\t\t<div class=\"elementor-element elementor-element-1e0e715 elementor-widget elementor-widget-heading\" data-id=\"1e0e715\" data-element_type=\"widget\" data-widget_type=\"heading.default\">\n\t\t\t\t<div class=\"elementor-widget-container\">\n\t\t\t<h1 class=\"elementor-heading-title elementor-size-default\">Axes de recherche \u00e0 Sciences po<\/h1>\t\t<\/div>\n\t\t\t\t<\/div>\n\t\t\t\t\t\t<\/div>\n\t\t\t\t\t<\/div>\n\t\t<\/div>\n\t\t\t\t\t\t\t\t<\/div>\n\t\t\t\t\t<\/div>\n\t\t<\/section>\n\t\t\t\t<section class=\"elementor-section elementor-top-section elementor-element elementor-element-3b493c4 elementor-section-boxed elementor-section-height-default elementor-section-height-default\" data-id=\"3b493c4\" data-element_type=\"section\">\n\t\t\t\t\t\t<div class=\"elementor-container elementor-column-gap-default\">\n\t\t\t\t\t\t\t<div class=\"elementor-row\">\n\t\t\t\t\t<div class=\"elementor-column elementor-col-100 elementor-top-column elementor-element elementor-element-091c3cf\" data-id=\"091c3cf\" data-element_type=\"column\">\n\t\t\t<div class=\"elementor-column-wrap elementor-element-populated\">\n\t\t\t\t\t\t\t<div class=\"elementor-widget-wrap\">\n\t\t\t\t\t\t<div class=\"elementor-element elementor-element-789b8d0 elementor-widget elementor-widget-heading\" data-id=\"789b8d0\" data-element_type=\"widget\" data-widget_type=\"heading.default\">\n\t\t\t\t<div class=\"elementor-widget-container\">\n\t\t\t<h1 class=\"elementor-heading-title elementor-size-medium\">Research Areas At Sciences Po<\/h1>\t\t<\/div>\n\t\t\t\t<\/div>\n\t\t\t\t\t\t<\/div>\n\t\t\t\t\t<\/div>\n\t\t<\/div>\n\t\t\t\t\t\t\t\t<\/div>\n\t\t\t\t\t<\/div>\n\t\t<\/section>\n\t\t\t\t<section class=\"elementor-section elementor-top-section elementor-element elementor-element-9b8613c elementor-section-boxed elementor-section-height-default elementor-section-height-default\" data-id=\"9b8613c\" data-element_type=\"section\">\n\t\t\t\t\t\t<div class=\"elementor-container elementor-column-gap-default\">\n\t\t\t\t\t\t\t<div class=\"elementor-row\">\n\t\t\t\t\t<div class=\"elementor-column elementor-col-100 elementor-top-column elementor-element elementor-element-e862ab8\" data-id=\"e862ab8\" data-element_type=\"column\">\n\t\t\t<div class=\"elementor-column-wrap elementor-element-populated\">\n\t\t\t\t\t\t\t<div class=\"elementor-widget-wrap\">\n\t\t\t\t\t\t<div class=\"elementor-element elementor-element-b2b7210 elementor-widget elementor-widget-text-editor\" data-id=\"b2b7210\" data-element_type=\"widget\" data-widget_type=\"text-editor.default\">\n\t\t\t\t<div class=\"elementor-widget-container\">\n\t\t\t\t\t<div class=\"elementor-text-editor elementor-clearfix\"><p>Le collectif MiDi vise \u00e0 f\u00e9d\u00e9rer les chercheurs et chercheuses autour des questions de migration et de diversit\u00e9.\u00a0La recherche \u00e0 Sciences Po sur ces questions est diverse et traverse les programmes et projets <a href=\"https:\/\/www.sciencespo.fr\/research\/migration-diversite\/home\/les-partenaires\/\">des diff\u00e9rents laboratoires<\/a>.\u00a0Certains centres ont \u00e9galement int\u00e9gr\u00e9 dans leurs projets scientifiques \u00a0des axes de recherche directement li\u00e9s aux questions migratoires et de diversit\u00e9.\u00a0<\/p><p><em>The MiDi research groups aims to bring together researchers around questions of migration and diversity. The research at Sciences Po \u00a0on these questions is very diverse and crosses the programs and projects of <a href=\"https:\/\/www.sciencespo.fr\/research\/migration-diversite\/home\/les-partenaires\/\">various research centers.<\/a>\u00a0Several research centers have integrated research orientations directly linked with migratory and diversity issues within their scientific projects.\u00a0<\/em><\/p><\/div>\n\t\t\t\t<\/div>\n\t\t\t\t<\/div>\n\t\t\t\t\t\t<\/div>\n\t\t\t\t\t<\/div>\n\t\t<\/div>\n\t\t\t\t\t\t\t\t<\/div>\n\t\t\t\t\t<\/div>\n\t\t<\/section>\n\t\t\t\t<section class=\"elementor-section elementor-top-section elementor-element elementor-element-624c422 elementor-section-boxed elementor-section-height-default elementor-section-height-default\" data-id=\"624c422\" data-element_type=\"section\">\n\t\t\t\t\t\t<div class=\"elementor-container elementor-column-gap-default\">\n\t\t\t\t\t\t\t<div class=\"elementor-row\">\n\t\t\t\t\t<div class=\"elementor-column elementor-col-100 elementor-top-column elementor-element elementor-element-cc4790f\" data-id=\"cc4790f\" data-element_type=\"column\">\n\t\t\t<div class=\"elementor-column-wrap elementor-element-populated\">\n\t\t\t\t\t\t\t<div class=\"elementor-widget-wrap\">\n\t\t\t\t\t\t<div class=\"elementor-element elementor-element-de549b9 elementor-widget elementor-widget-spacer\" data-id=\"de549b9\" data-element_type=\"widget\" data-widget_type=\"spacer.default\">\n\t\t\t\t<div class=\"elementor-widget-container\">\n\t\t\t\t\t<div class=\"elementor-spacer\">\n\t\t\t<div class=\"elementor-spacer-inner\"><\/div>\n\t\t<\/div>\n\t\t\t\t<\/div>\n\t\t\t\t<\/div>\n\t\t\t\t<section class=\"elementor-section elementor-inner-section elementor-element elementor-element-5c97de7 elementor-section-boxed elementor-section-height-default elementor-section-height-default\" data-id=\"5c97de7\" data-element_type=\"section\">\n\t\t\t\t\t\t<div class=\"elementor-container elementor-column-gap-default\">\n\t\t\t\t\t\t\t<div class=\"elementor-row\">\n\t\t\t\t\t<div class=\"elementor-column elementor-col-33 elementor-inner-column elementor-element elementor-element-170648f\" data-id=\"170648f\" data-element_type=\"column\">\n\t\t\t<div class=\"elementor-column-wrap elementor-element-populated\">\n\t\t\t\t\t\t\t<div class=\"elementor-widget-wrap\">\n\t\t\t\t\t\t<div class=\"elementor-element elementor-element-2bd3933 elementor-widget elementor-widget-text-editor\" data-id=\"2bd3933\" data-element_type=\"widget\" data-widget_type=\"text-editor.default\">\n\t\t\t\t<div class=\"elementor-widget-container\">\n\t\t\t\t\t<div class=\"elementor-text-editor elementor-clearfix\"><h3 style=\"font-style: normal; font-variant-caps: normal; letter-spacing: normal;\">-CERI-<\/h3><h2><a href=\"https:\/\/www.sciencespo.fr\/ceri\/fr\/recherche\/grp-sem\/migration-et-politique\/\">Migration et politque \/ Migration and Politics<\/a><\/h2><p>Le groupe de recherche Migrations et mobilit\u00e9s se r\u00e9unit r\u00e9guli\u00e8rement autour d\u2019interventions de chercheurs fran\u00e7ais et \u00e9trangers pr\u00e9sentant leurs travaux sur des questions li\u00e9es aux migrations, \u00e0 l\u2019exil, aux identit\u00e9s dans une perspective interdisciplinaire.\u00a0<\/p><p><em>The research group Migrations et mobility convenes regularly around French and international scholars who present their research on questions linked to migration, exile, identities, in an interdisciplinary perspective. The seminar aims to present and discuss recent research on migratory issues.<\/em><\/p><\/div>\n\t\t\t\t<\/div>\n\t\t\t\t<\/div>\n\t\t\t\t\t\t<\/div>\n\t\t\t\t\t<\/div>\n\t\t<\/div>\n\t\t\t\t<div class=\"elementor-column elementor-col-33 elementor-inner-column elementor-element elementor-element-f001ab4\" data-id=\"f001ab4\" data-element_type=\"column\">\n\t\t\t<div class=\"elementor-column-wrap elementor-element-populated\">\n\t\t\t\t\t\t\t<div class=\"elementor-widget-wrap\">\n\t\t\t\t\t\t<div class=\"elementor-element elementor-element-0998eb9 elementor-widget elementor-widget-text-editor\" data-id=\"0998eb9\" data-element_type=\"widget\" data-widget_type=\"text-editor.default\">\n\t\t\t\t<div class=\"elementor-widget-container\">\n\t\t\t\t\t<div class=\"elementor-text-editor elementor-clearfix\"><h3 style=\"font-style: normal; font-variant-caps: normal; letter-spacing: normal;\">-CEE-<\/h3><h2><a href=\"http:\/\/sciencespo.fr\/centre-etudes-europeennes\/fr\/axe-de-recherche\/les-villes-frontieres-et-immobilites\">Les villes, fronti\u00e8res et (im)mobilit\u00e9s<\/a> \/ <a href=\"https:\/\/www.sciencespo.fr\/centre-etudes-europeennes\/en\/research-area\/cities-borders-and-immobility\">Cities, borders and (im)mobility<\/a><\/h2><p class=\"normal\">La question de la r\u00e9gulation politique des villes et des m\u00e9tropoles, adoss\u00e9e \u00e0 un examen de leur structuration sociale et \u00e9conomique est au coeur des travaux de cet axe, qui se d\u00e9cline au sein du CEE autour de trois grandes orientations de recherche\u00a0en relation avec l\u2019<a title=\"Ecole Urbaine de Sciences Po - nouvelle fen\u00eatre\" href=\"http:\/\/www.sciencespo.fr\/ecole-urbaine\/fr\" target=\"_blank\" rel=\"noopener\">Ecole Urbaine de Sciences Po<\/a>.\u00a0<\/p><p class=\"Normal1\"><em>The question of the political regulation of cities and metropolitan regions, together with the examination of their social and economic structures, are at the heart of the work on this axis\u00a0around three main research orientations and in collaboration with\u00a0<a title=\"Sciences Po School of Urban Affairs - new window\" href=\"http:\/\/www.sciencespo.fr\/ecole-urbaine\/fr\" target=\"_blank\" rel=\"noopener\">Sciences Po\u2019s School of Urban Affairs<\/a>.<\/em><\/p><\/div>\n\t\t\t\t<\/div>\n\t\t\t\t<\/div>\n\t\t\t\t\t\t<\/div>\n\t\t\t\t\t<\/div>\n\t\t<\/div>\n\t\t\t\t<div class=\"elementor-column elementor-col-33 elementor-inner-column elementor-element elementor-element-e27346e\" data-id=\"e27346e\" data-element_type=\"column\">\n\t\t\t<div class=\"elementor-column-wrap elementor-element-populated\">\n\t\t\t\t\t\t\t<div class=\"elementor-widget-wrap\">\n\t\t\t\t\t\t<div class=\"elementor-element elementor-element-72351d9 elementor-widget elementor-widget-text-editor\" data-id=\"72351d9\" data-element_type=\"widget\" data-widget_type=\"text-editor.default\">\n\t\t\t\t<div class=\"elementor-widget-container\">\n\t\t\t\t\t<div class=\"elementor-text-editor elementor-clearfix\"><\/div>\n\t\t\t\t<\/div>\n\t\t\t\t<\/div>\n\t\t\t\t\t\t<\/div>\n\t\t\t\t\t<\/div>\n\t\t<\/div>\n\t\t\t\t\t\t\t\t<\/div>\n\t\t\t\t\t<\/div>\n\t\t<\/section>\n\t\t\t\t<div class=\"elementor-element elementor-element-94e8a44 elementor-widget elementor-widget-spacer\" data-id=\"94e8a44\" data-element_type=\"widget\" data-widget_type=\"spacer.default\">\n\t\t\t\t<div class=\"elementor-widget-container\">\n\t\t\t\t\t<div class=\"elementor-spacer\">\n\t\t\t<div class=\"elementor-spacer-inner\"><\/div>\n\t\t<\/div>\n\t\t\t\t<\/div>\n\t\t\t\t<\/div>\n\t\t\t\t<section class=\"elementor-section elementor-inner-section elementor-element elementor-element-900ba58 elementor-section-boxed elementor-section-height-default elementor-section-height-default\" data-id=\"900ba58\" data-element_type=\"section\">\n\t\t\t\t\t\t<div class=\"elementor-container elementor-column-gap-default\">\n\t\t\t\t\t\t\t<div class=\"elementor-row\">\n\t\t\t\t\t<div class=\"elementor-column elementor-col-50 elementor-inner-column elementor-element elementor-element-f7a5b00\" data-id=\"f7a5b00\" data-element_type=\"column\">\n\t\t\t<div class=\"elementor-column-wrap elementor-element-populated\">\n\t\t\t\t\t\t\t<div class=\"elementor-widget-wrap\">\n\t\t\t\t\t\t<div class=\"elementor-element elementor-element-d5878bc elementor-widget elementor-widget-text-editor\" data-id=\"d5878bc\" data-element_type=\"widget\" data-widget_type=\"text-editor.default\">\n\t\t\t\t<div class=\"elementor-widget-container\">\n\t\t\t\t\t<div class=\"elementor-text-editor elementor-clearfix\"><h3 style=\"font-style: normal; font-variant-caps: normal; letter-spacing: normal;\">-LIEPP-<\/h3><h2><a href=\"https:\/\/www.sciencespo.fr\/liepp\/fr\/content\/axe-discriminations-et-politiques-categorielles\">Discriminations et politiques cat\u00e9gorielles \/\u00a0<\/a>\u00a0<a href=\"https:\/\/www.sciencespo.fr\/liepp\/en\/content\/discriminations-and-category-based-policies-research-group-0\">Discriminations and category-based policies<\/a><\/h2><p>Cet axe de recherche interdisciplinaire contribue au d\u00e9bat public en \u00e9valuant l&rsquo;ampleur et l&rsquo;\u00e9volution des discriminations en France et en analysant les d\u00e9fis qu&rsquo;elles posent \u00e0 l&rsquo;action publique de lutte contre les in\u00e9galit\u00e9s. Il combine des travaux portant sur la mesure des discriminations, sur l\u2019exp\u00e9rience des discriminations, et sur les politiques (anti-)discriminatoires.<\/p><p><i>This interdisciplinary research group is devoted to contributing to the public debate by assessing the extent and evolution of discrimination in France and\u00a0analyzing\u00a0the challenges it poses to public policy. It combines research on the measurement of discrimination, on the experience of discrimination, and on (anti-)discriminatory policies.<\/i><\/p><\/div>\n\t\t\t\t<\/div>\n\t\t\t\t<\/div>\n\t\t\t\t\t\t<\/div>\n\t\t\t\t\t<\/div>\n\t\t<\/div>\n\t\t\t\t<div class=\"elementor-column elementor-col-50 elementor-inner-column elementor-element elementor-element-dd7f0e8\" data-id=\"dd7f0e8\" data-element_type=\"column\">\n\t\t\t<div class=\"elementor-column-wrap elementor-element-populated\">\n\t\t\t\t\t\t\t<div class=\"elementor-widget-wrap\">\n\t\t\t\t\t\t<div class=\"elementor-element elementor-element-19ffcfe elementor-widget elementor-widget-text-editor\" data-id=\"19ffcfe\" data-element_type=\"widget\" data-widget_type=\"text-editor.default\">\n\t\t\t\t<div class=\"elementor-widget-container\">\n\t\t\t\t\t<div class=\"elementor-text-editor elementor-clearfix\"><h3 style=\"font-style: normal; font-variant-caps: normal; letter-spacing: normal;\">-CEVIPOF-<\/h3><h2><a href=\"http:\/\/www.sciencespo.fr\/cevipof\/sites\/sciencespo.fr.cevipof\/files\/Projet%20scientifique%202017.pdf\">Figures et transformations de la citoyennet\u00e9 \/ Figures and transformations of citizenship<\/a><\/h2><p class=\"normal\">Cet axe est consacr\u00e9 \u00e0 l\u2019\u00e9tude de la citoyennet\u00e9, en tant que statut juridique, pratique politique, ethos et comportement, exp\u00e9rience historique ou encore horizon d\u2019attente. L\u2019\u00e9tude des figures et transformations contemporaines de la citoyennet\u00e9 d\u00e9mocratique m\u00e9rite d\u2019\u00eatre ouverte \u00e0 des approches vari\u00e9es, permettant des croisements innovants entre enjeux philosophique et retomb\u00e9es empiriques<\/p><p class=\"Normal1\"><em>This research group is devoted to the study of citizenship as a legal status, political practice, ethos\u00a0and behavior, historical experience or horizon of expectation. The study of contemporary figures and transformations of democratic citizenship\u00a0deserves to be open to various approaches, allowing innovative crossovers between\u00a0philosophical stakes and empirical fallout.<\/em><\/p><\/div>\n\t\t\t\t<\/div>\n\t\t\t\t<\/div>\n\t\t\t\t\t\t<\/div>\n\t\t\t\t\t<\/div>\n\t\t<\/div>\n\t\t\t\t\t\t\t\t<\/div>\n\t\t\t\t\t<\/div>\n\t\t<\/section>\n\t\t\t\t\t\t<\/div>\n\t\t\t\t\t<\/div>\n\t\t<\/div>\n\t\t\t\t\t\t\t\t<\/div>\n\t\t\t\t\t<\/div>\n\t\t<\/section>\n\t\t\t\t\t\t<\/div>\n\t\t\t\t\t\t<\/div>\n\t\t\t\t\t<\/div>\n\t\t","protected":false},"excerpt":{"rendered":"<p>Axes de recherche \u00e0 Sciences po Research Areas At Sciences Po Le collectif MiDi vise \u00e0 f\u00e9d\u00e9rer les chercheurs et chercheuses autour des questions de migration et de diversit\u00e9.\u00a0La recherche \u00e0 Sciences Po sur ces questions est diverse et traverse les programmes et projets des diff\u00e9rents laboratoires.\u00a0Certains centres ont \u00e9galement int\u00e9gr\u00e9 dans leurs projets scientifiques \u00a0des axes de recherche directement li\u00e9s aux questions migratoires et de diversit\u00e9.\u00a0 The MiDi research groups aims to bring together researchers around questions of migration and diversity. The research at Sciences Po \u00a0on these questions is very diverse and crosses the programs and projects of<span class=\"excerpt-hellip\"> [\u2026]<\/span><\/p>\n","protected":false},"author":3,"featured_media":0,"parent":0,"menu_order":0,"comment_status":"closed","ping_status":"closed","template":"","meta":[],"_links":{"self":[{"href":"https:\/\/www.sciencespo.fr\/research\/migration-diversite\/home\/wp-json\/wp\/v2\/pages\/283"}],"collection":[{"href":"https:\/\/www.sciencespo.fr\/research\/migration-diversite\/home\/wp-json\/wp\/v2\/pages"}],"about":[{"href":"https:\/\/www.sciencespo.fr\/research\/migration-diversite\/home\/wp-json\/wp\/v2\/types\/page"}],"author":[{"embeddable":true,"href":"https:\/\/www.sciencespo.fr\/research\/migration-diversite\/home\/wp-json\/wp\/v2\/users\/3"}],"replies":[{"embeddable":true,"href":"https:\/\/www.sciencespo.fr\/research\/migration-diversite\/home\/wp-json\/wp\/v2\/comments?post=283"}],"version-history":[{"count":28,"href":"https:\/\/www.sciencespo.fr\/research\/migration-diversite\/home\/wp-json\/wp\/v2\/pages\/283\/revisions"}],"predecessor-version":[{"id":4855,"href":"https:\/\/www.sciencespo.fr\/research\/migration-diversite\/home\/wp-json\/wp\/v2\/pages\/283\/revisions\/4855"}],"wp:attachment":[{"href":"https:\/\/www.sciencespo.fr\/research\/migration-diversite\/home\/wp-json\/wp\/v2\/media?parent=283"}],"curies":[{"name":"wp","href":"https:\/\/api.w.org\/{rel}","templated":true}]}}