{"id":20,"date":"2020-05-18T16:16:41","date_gmt":"2020-05-18T14:16:41","guid":{"rendered":"https:\/\/www.sciencespo.fr\/research\/migration-diversite\/home\/?page_id=20"},"modified":"2024-02-13T15:04:32","modified_gmt":"2024-02-13T14:04:32","slug":"les-partenaires","status":"publish","type":"page","link":"https:\/\/www.sciencespo.fr\/research\/migration-diversite\/home\/les-partenaires\/","title":{"rendered":"Partenaires \/ Partnerships"},"content":{"rendered":"\t\t<div data-elementor-type=\"wp-page\" data-elementor-id=\"20\" class=\"elementor elementor-20\" data-elementor-settings=\"[]\">\n\t\t\t\t\t\t<div class=\"elementor-inner\">\n\t\t\t\t\t\t\t<div class=\"elementor-section-wrap\">\n\t\t\t\t\t\t\t<section class=\"elementor-section elementor-top-section elementor-element elementor-element-4b11787a elementor-section-boxed elementor-section-height-default elementor-section-height-default\" data-id=\"4b11787a\" data-element_type=\"section\">\n\t\t\t\t\t\t<div class=\"elementor-container elementor-column-gap-default\">\n\t\t\t\t\t\t\t<div class=\"elementor-row\">\n\t\t\t\t\t<div class=\"elementor-column elementor-col-100 elementor-top-column elementor-element elementor-element-278c1775\" data-id=\"278c1775\" data-element_type=\"column\">\n\t\t\t<div class=\"elementor-column-wrap elementor-element-populated\">\n\t\t\t\t\t\t\t<div class=\"elementor-widget-wrap\">\n\t\t\t\t\t\t<div class=\"elementor-element elementor-element-a2fadde elementor-widget elementor-widget-heading\" data-id=\"a2fadde\" data-element_type=\"widget\" data-widget_type=\"heading.default\">\n\t\t\t\t<div class=\"elementor-widget-container\">\n\t\t\t<h1 class=\"elementor-heading-title elementor-size-default\">Les partenaires<\/h1>\t\t<\/div>\n\t\t\t\t<\/div>\n\t\t\t\t<div class=\"elementor-element elementor-element-1175a91 elementor-widget elementor-widget-heading\" data-id=\"1175a91\" data-element_type=\"widget\" data-widget_type=\"heading.default\">\n\t\t\t\t<div class=\"elementor-widget-container\">\n\t\t\t<h1 class=\"elementor-heading-title elementor-size-medium\">Partnerships<\/h1>\t\t<\/div>\n\t\t\t\t<\/div>\n\t\t\t\t<div class=\"elementor-element elementor-element-61d695a elementor-widget elementor-widget-spacer\" data-id=\"61d695a\" data-element_type=\"widget\" data-widget_type=\"spacer.default\">\n\t\t\t\t<div class=\"elementor-widget-container\">\n\t\t\t\t\t<div class=\"elementor-spacer\">\n\t\t\t<div class=\"elementor-spacer-inner\"><\/div>\n\t\t<\/div>\n\t\t\t\t<\/div>\n\t\t\t\t<\/div>\n\t\t\t\t\t\t<\/div>\n\t\t\t\t\t<\/div>\n\t\t<\/div>\n\t\t\t\t\t\t\t\t<\/div>\n\t\t\t\t\t<\/div>\n\t\t<\/section>\n\t\t\t\t<section class=\"elementor-section elementor-top-section elementor-element elementor-element-e46c786 elementor-section-boxed elementor-section-height-default elementor-section-height-default\" data-id=\"e46c786\" data-element_type=\"section\">\n\t\t\t\t\t\t<div class=\"elementor-container elementor-column-gap-default\">\n\t\t\t\t\t\t\t<div class=\"elementor-row\">\n\t\t\t\t\t<div class=\"elementor-column elementor-col-50 elementor-top-column elementor-element elementor-element-e967a17\" data-id=\"e967a17\" data-element_type=\"column\">\n\t\t\t<div class=\"elementor-column-wrap elementor-element-populated\">\n\t\t\t\t\t\t\t<div class=\"elementor-widget-wrap\">\n\t\t\t\t\t\t<div class=\"elementor-element elementor-element-8499e0f elementor-widget elementor-widget-text-editor\" data-id=\"8499e0f\" data-element_type=\"widget\" data-widget_type=\"text-editor.default\">\n\t\t\t\t<div class=\"elementor-widget-container\">\n\t\t\t\t\t<div class=\"elementor-text-editor elementor-clearfix\"><h5><img loading=\"lazy\" class=\"alignnone wp-image-4070\" src=\"https:\/\/www.sciencespo.fr\/research\/migration-diversite\/wp-content\/uploads\/2023\/06\/TMU.png\" alt=\"\" width=\"172\" height=\"89\" srcset=\"https:\/\/www.sciencespo.fr\/research\/migration-diversite\/wp-content\/uploads\/2023\/06\/TMU.png 363w, https:\/\/www.sciencespo.fr\/research\/migration-diversite\/wp-content\/uploads\/2023\/06\/TMU-300x155.png 300w, https:\/\/www.sciencespo.fr\/research\/migration-diversite\/wp-content\/uploads\/2023\/06\/TMU-260x135.png 260w, https:\/\/www.sciencespo.fr\/research\/migration-diversite\/wp-content\/uploads\/2023\/06\/TMU-50x26.png 50w, https:\/\/www.sciencespo.fr\/research\/migration-diversite\/wp-content\/uploads\/2023\/06\/TMU-145x75.png 145w\" sizes=\"(max-width: 172px) 100vw, 172px\" \/><\/h5><h5>Toronto Metropolitan University<\/h5><div>MiDi est partenaire de la <a href=\"https:\/\/www.torontomu.ca\/cerc-migration\/\" target=\"_blank\" rel=\"noopener\" data-saferedirecturl=\"https:\/\/www.google.com\/url?q=https:\/\/www.torontomu.ca\/cerc-migration\/&amp;source=gmail&amp;ust=1665224112547000&amp;usg=AOvVaw0K6L7gxgEpJ8Q7NEU6gyw0\">Chaire d\u2019Excellence de Recherche du Canada sur les Migrations et l\u2019Int\u00e9gration de la Toronto Metropolitan University<\/a>\u00a0dans le cadre du\u00a0<a href=\"https:\/\/www.torontomu.ca\/cerc-migration\/Opportunities\/global-exchange-fellowship\/\" target=\"_blank\" rel=\"noopener\" data-saferedirecturl=\"https:\/\/www.google.com\/url?q=https:\/\/www.torontomu.ca\/cerc-migration\/Opportunities\/global-exchange-fellowship\/&amp;source=gmail&amp;ust=1665224112547000&amp;usg=AOvVaw1uQF1sOMVz65miOzffOoW0\">Global Exchange Program<\/a>. Les candidatures des membres de MiDi sont examin\u00e9es une fois par an et donnent la priorit\u00e9 aux doctorant.e.s, post-dosctorant.e.s et jeunes chercheuses.eurs. Les candidatures sont ouvertes en f\u00e9vrier pour un s\u00e9jour dans l\u2019ann\u00e9e civile.<\/div><div>\u00a0<\/div><div><em>MiDi is part of the <a href=\"https:\/\/www.torontomu.ca\/cerc-migration\/Opportunities\/global-exchange-fellowship\/\" target=\"_blank\" rel=\"noopener\" data-saferedirecturl=\"https:\/\/www.google.com\/url?q=https:\/\/www.torontomu.ca\/cerc-migration\/Opportunities\/global-exchange-fellowship\/&amp;source=gmail&amp;ust=1665224112547000&amp;usg=AOvVaw1uQF1sOMVz65miOzffOoW0\">Global Exchange Fellowship program<\/a> organized by <a href=\"https:\/\/www.torontomu.ca\/cerc-migration\/\" target=\"_blank\" rel=\"noopener\" data-saferedirecturl=\"https:\/\/www.google.com\/url?q=https:\/\/www.torontomu.ca\/cerc-migration\/&amp;source=gmail&amp;ust=1665224112547000&amp;usg=AOvVaw0K6L7gxgEpJ8Q7NEU6gyw0\">CERC in Migration and Integration-Toronto Metropolitan University<\/a>. The exchange program gives priority to PhD students, postdoctoral fellows and early career researchers. Applications are open in February for an exchange during the calendar year.<\/em><\/div><\/div>\n\t\t\t\t<\/div>\n\t\t\t\t<\/div>\n\t\t\t\t\t\t<\/div>\n\t\t\t\t\t<\/div>\n\t\t<\/div>\n\t\t\t\t<div class=\"elementor-column elementor-col-50 elementor-top-column elementor-element elementor-element-129a423\" data-id=\"129a423\" data-element_type=\"column\">\n\t\t\t<div class=\"elementor-column-wrap elementor-element-populated\">\n\t\t\t\t\t\t\t<div class=\"elementor-widget-wrap\">\n\t\t\t\t\t\t<div class=\"elementor-element elementor-element-198fe1a elementor-widget elementor-widget-text-editor\" data-id=\"198fe1a\" data-element_type=\"widget\" data-widget_type=\"text-editor.default\">\n\t\t\t\t<div class=\"elementor-widget-container\">\n\t\t\t\t\t<div class=\"elementor-text-editor elementor-clearfix\"><h5><img loading=\"lazy\" class=\"alignnone  wp-image-4068\" src=\"https:\/\/www.sciencespo.fr\/research\/migration-diversite\/wp-content\/uploads\/2023\/06\/Imiscoe-e1686065833365.png\" alt=\"\" width=\"186\" height=\"41\" srcset=\"https:\/\/www.sciencespo.fr\/research\/migration-diversite\/wp-content\/uploads\/2023\/06\/Imiscoe-e1686065833365.png 325w, https:\/\/www.sciencespo.fr\/research\/migration-diversite\/wp-content\/uploads\/2023\/06\/Imiscoe-e1686065833365-300x66.png 300w, https:\/\/www.sciencespo.fr\/research\/migration-diversite\/wp-content\/uploads\/2023\/06\/Imiscoe-e1686065833365-260x58.png 260w, https:\/\/www.sciencespo.fr\/research\/migration-diversite\/wp-content\/uploads\/2023\/06\/Imiscoe-e1686065833365-50x11.png 50w, https:\/\/www.sciencespo.fr\/research\/migration-diversite\/wp-content\/uploads\/2023\/06\/Imiscoe-e1686065833365-150x33.png 150w\" sizes=\"(max-width: 186px) 100vw, 186px\" \/><\/h5><h5>International Migration, Integration and Social Cohesion in Europe Research Network (IMISCOE)<\/h5><p>Sciences Po est d\u00e9sormais membre du r\u00e9seau <a href=\"https:\/\/www.imiscoe.org\/\">IMISCOE<\/a>, f\u00e9d\u00e9ration europ\u00e9enne des institutions scientifiques travaillant sur les migrations.<\/p><p><em>Sciences Po is now a member of the research network <a href=\"https:\/\/www.imiscoe.org\/\">IMISCOE<\/a>, Europe&rsquo;s largest network of scholars in the area of migration and integration.<\/em><\/p><\/div>\n\t\t\t\t<\/div>\n\t\t\t\t<\/div>\n\t\t\t\t\t\t<\/div>\n\t\t\t\t\t<\/div>\n\t\t<\/div>\n\t\t\t\t\t\t\t\t<\/div>\n\t\t\t\t\t<\/div>\n\t\t<\/section>\n\t\t\t\t<section class=\"elementor-section elementor-top-section elementor-element elementor-element-50ffa16 elementor-section-boxed elementor-section-height-default elementor-section-height-default\" data-id=\"50ffa16\" data-element_type=\"section\">\n\t\t\t\t\t\t<div class=\"elementor-container elementor-column-gap-default\">\n\t\t\t\t\t\t\t<div class=\"elementor-row\">\n\t\t\t\t\t<div class=\"elementor-column elementor-col-100 elementor-top-column elementor-element elementor-element-120da8c\" data-id=\"120da8c\" data-element_type=\"column\">\n\t\t\t<div class=\"elementor-column-wrap elementor-element-populated\">\n\t\t\t\t\t\t\t<div class=\"elementor-widget-wrap\">\n\t\t\t\t\t\t<section class=\"elementor-section elementor-inner-section elementor-element elementor-element-0451380 elementor-section-boxed elementor-section-height-default elementor-section-height-default\" data-id=\"0451380\" data-element_type=\"section\">\n\t\t\t\t\t\t<div class=\"elementor-container elementor-column-gap-default\">\n\t\t\t\t\t\t\t<div class=\"elementor-row\">\n\t\t\t\t\t<div class=\"elementor-column elementor-col-50 elementor-inner-column elementor-element elementor-element-039b302\" data-id=\"039b302\" data-element_type=\"column\">\n\t\t\t<div class=\"elementor-column-wrap elementor-element-populated\">\n\t\t\t\t\t\t\t<div class=\"elementor-widget-wrap\">\n\t\t\t\t\t\t<div class=\"elementor-element elementor-element-07a47c0 elementor-widget elementor-widget-text-editor\" data-id=\"07a47c0\" data-element_type=\"widget\" data-widget_type=\"text-editor.default\">\n\t\t\t\t<div class=\"elementor-widget-container\">\n\t\t\t\t\t<div class=\"elementor-text-editor elementor-clearfix\"><h5><img loading=\"lazy\" class=\"alignnone  wp-image-4077\" src=\"https:\/\/www.sciencespo.fr\/research\/migration-diversite\/wp-content\/uploads\/2023\/06\/Screen-Shot-2023-06-06-at-5.43.08-PM.png\" alt=\"\" width=\"199\" height=\"52\" srcset=\"https:\/\/www.sciencespo.fr\/research\/migration-diversite\/wp-content\/uploads\/2023\/06\/Screen-Shot-2023-06-06-at-5.43.08-PM.png 1650w, https:\/\/www.sciencespo.fr\/research\/migration-diversite\/wp-content\/uploads\/2023\/06\/Screen-Shot-2023-06-06-at-5.43.08-PM-300x79.png 300w, https:\/\/www.sciencespo.fr\/research\/migration-diversite\/wp-content\/uploads\/2023\/06\/Screen-Shot-2023-06-06-at-5.43.08-PM-1024x268.png 1024w, https:\/\/www.sciencespo.fr\/research\/migration-diversite\/wp-content\/uploads\/2023\/06\/Screen-Shot-2023-06-06-at-5.43.08-PM-768x201.png 768w, https:\/\/www.sciencespo.fr\/research\/migration-diversite\/wp-content\/uploads\/2023\/06\/Screen-Shot-2023-06-06-at-5.43.08-PM-1536x402.png 1536w, https:\/\/www.sciencespo.fr\/research\/migration-diversite\/wp-content\/uploads\/2023\/06\/Screen-Shot-2023-06-06-at-5.43.08-PM-260x68.png 260w, https:\/\/www.sciencespo.fr\/research\/migration-diversite\/wp-content\/uploads\/2023\/06\/Screen-Shot-2023-06-06-at-5.43.08-PM-50x13.png 50w, https:\/\/www.sciencespo.fr\/research\/migration-diversite\/wp-content\/uploads\/2023\/06\/Screen-Shot-2023-06-06-at-5.43.08-PM-150x39.png 150w, https:\/\/www.sciencespo.fr\/research\/migration-diversite\/wp-content\/uploads\/2023\/06\/Screen-Shot-2023-06-06-at-5.43.08-PM-1630x432.png 1630w\" sizes=\"(max-width: 199px) 100vw, 199px\" \/><\/h5><h5>Institut Convergences Migrations<\/h5><p><a href=\"https:\/\/www.icmigrations.cnrs.fr\/\">L&rsquo;Institut Convergences Migrations<\/a> vise \u00e0 favoriser le dialogue science-soci\u00e9t\u00e9 \u00e0 travers l\u2019\u00e9clairage critique de l\u2019actualit\u00e9 gr\u00e2ce \u00e0 la revue en ligne <a href=\"http:\/\/icmigrations.fr\/defacto\/\"><em>De facto<\/em><\/a> et un partenariat diversifi\u00e9 avec les acteurs locaux.<\/p><p><em>The <a href=\"https:\/\/www.icmigrations.cnrs.fr\/\">Convergences Migrations Institute<\/a> aims to foster science-society dialogue through the online journal <a href=\"http:\/\/icmigrations.fr\/defacto\/\">De facto <\/a>and through diverse partnerships with local stakeholders.<\/em><\/p><\/div>\n\t\t\t\t<\/div>\n\t\t\t\t<\/div>\n\t\t\t\t<div class=\"elementor-element elementor-element-169f866 elementor-widget elementor-widget-text-editor\" data-id=\"169f866\" data-element_type=\"widget\" data-widget_type=\"text-editor.default\">\n\t\t\t\t<div class=\"elementor-widget-container\">\n\t\t\t\t\t<div class=\"elementor-text-editor elementor-clearfix\"><h5>\u00a0<\/h5><h5><img loading=\"lazy\" class=\"alignnone  wp-image-4080\" src=\"https:\/\/www.sciencespo.fr\/research\/migration-diversite\/wp-content\/uploads\/2023\/06\/Screen-Shot-2023-06-06-at-5.50.35-PM.png\" alt=\"\" width=\"175\" height=\"62\" srcset=\"https:\/\/www.sciencespo.fr\/research\/migration-diversite\/wp-content\/uploads\/2023\/06\/Screen-Shot-2023-06-06-at-5.50.35-PM.png 454w, https:\/\/www.sciencespo.fr\/research\/migration-diversite\/wp-content\/uploads\/2023\/06\/Screen-Shot-2023-06-06-at-5.50.35-PM-300x106.png 300w, https:\/\/www.sciencespo.fr\/research\/migration-diversite\/wp-content\/uploads\/2023\/06\/Screen-Shot-2023-06-06-at-5.50.35-PM-260x92.png 260w, https:\/\/www.sciencespo.fr\/research\/migration-diversite\/wp-content\/uploads\/2023\/06\/Screen-Shot-2023-06-06-at-5.50.35-PM-50x18.png 50w, https:\/\/www.sciencespo.fr\/research\/migration-diversite\/wp-content\/uploads\/2023\/06\/Screen-Shot-2023-06-06-at-5.50.35-PM-150x53.png 150w\" sizes=\"(max-width: 175px) 100vw, 175px\" \/><\/h5><h5>Berkeley Interdisciplinary Migration Initiative<\/h5><p><a href=\"https:\/\/bimi.berkeley.edu\/home\">L&rsquo;initiative interdisciplinaire de Berkeley sur les migrations (Berkeley Interdisciplinary Migration Initiative)<\/a> est une initiative s\u0153ur de MiDi. La collaboration institutionnelle en mati\u00e8re de recherche et d&rsquo;enseignement est encourag\u00e9e entre les deux r\u00e9seaux interdisciplinaires.<\/p><p><em>The <a href=\"https:\/\/bimi.berkeley.edu\/home\">Berkeley Interdisciplinary Migration Initiative<\/a> is a sister initiative of MiDi. Institutional collaboration in research and teaching is fostered between the two interdisciplinary networks.\u00a0<\/em><\/p><\/div>\n\t\t\t\t<\/div>\n\t\t\t\t<\/div>\n\t\t\t\t\t\t<\/div>\n\t\t\t\t\t<\/div>\n\t\t<\/div>\n\t\t\t\t<div class=\"elementor-column elementor-col-50 elementor-inner-column elementor-element elementor-element-7efad0f\" data-id=\"7efad0f\" data-element_type=\"column\">\n\t\t\t<div class=\"elementor-column-wrap elementor-element-populated\">\n\t\t\t\t\t\t\t<div class=\"elementor-widget-wrap\">\n\t\t\t\t\t\t<div class=\"elementor-element elementor-element-7ef8c1b elementor-widget elementor-widget-text-editor\" data-id=\"7ef8c1b\" data-element_type=\"widget\" data-widget_type=\"text-editor.default\">\n\t\t\t\t<div class=\"elementor-widget-container\">\n\t\t\t\t\t<div class=\"elementor-text-editor elementor-clearfix\"><h5><img loading=\"lazy\" class=\"alignnone wp-image-4079\" src=\"https:\/\/www.sciencespo.fr\/research\/migration-diversite\/wp-content\/uploads\/2023\/06\/Screen-Shot-2023-06-06-at-5.45.18-PM.png\" alt=\"\" width=\"189\" height=\"78\" srcset=\"https:\/\/www.sciencespo.fr\/research\/migration-diversite\/wp-content\/uploads\/2023\/06\/Screen-Shot-2023-06-06-at-5.45.18-PM.png 439w, https:\/\/www.sciencespo.fr\/research\/migration-diversite\/wp-content\/uploads\/2023\/06\/Screen-Shot-2023-06-06-at-5.45.18-PM-300x124.png 300w, https:\/\/www.sciencespo.fr\/research\/migration-diversite\/wp-content\/uploads\/2023\/06\/Screen-Shot-2023-06-06-at-5.45.18-PM-260x107.png 260w, https:\/\/www.sciencespo.fr\/research\/migration-diversite\/wp-content\/uploads\/2023\/06\/Screen-Shot-2023-06-06-at-5.45.18-PM-50x21.png 50w, https:\/\/www.sciencespo.fr\/research\/migration-diversite\/wp-content\/uploads\/2023\/06\/Screen-Shot-2023-06-06-at-5.45.18-PM-150x62.png 150w\" sizes=\"(max-width: 189px) 100vw, 189px\" \/><\/h5><h5 style=\"caret-color: #000000; color: #000000; font-style: normal; font-variant-caps: normal; letter-spacing: normal;\">Waseda University<\/h5><p>L\u2019Universit\u00e9 Waseda et Sciences Po ont construit un <a href=\"https:\/\/www.sciencespo.fr\/research\/migration-diversite\/home\/2020\/07\/06\/dialogue-wasepo-wasepo-dialogue\/\">partenariat<\/a> durable qui comprend un \u00e9change r\u00e9gulier d\u2019\u00e9tudiant-e-s et de chercheuses et chercheurs. Depuis 2019, les \u00e9changes acad\u00e9miques se construisent autour du WasePo Dialogue \u00ab\u00a0Humans and Mobilities\u00a0\u00bb.<\/p><p><em>Waseda University and Sciences Po have built a long-lasting <a href=\"https:\/\/www.sciencespo.fr\/research\/migration-diversite\/home\/2020\/07\/06\/dialogue-wasepo-wasepo-dialogue\/\">partnership<\/a> that includes a steady exchange of students and faculty. Since 2019, the faculty exchanges are based on the <\/em>WasePo Dialogue \u00ab\u00a0Humans and Mobilities\u00a0\u00bb.<\/p><\/div>\n\t\t\t\t<\/div>\n\t\t\t\t<\/div>\n\t\t\t\t<div class=\"elementor-element elementor-element-bc727df elementor-widget elementor-widget-text-editor\" data-id=\"bc727df\" data-element_type=\"widget\" data-widget_type=\"text-editor.default\">\n\t\t\t\t<div class=\"elementor-widget-container\">\n\t\t\t\t\t<div class=\"elementor-text-editor elementor-clearfix\"><\/div>\n\t\t\t\t<\/div>\n\t\t\t\t<\/div>\n\t\t\t\t\t\t<\/div>\n\t\t\t\t\t<\/div>\n\t\t<\/div>\n\t\t\t\t\t\t\t\t<\/div>\n\t\t\t\t\t<\/div>\n\t\t<\/section>\n\t\t\t\t\t\t<\/div>\n\t\t\t\t\t<\/div>\n\t\t<\/div>\n\t\t\t\t\t\t\t\t<\/div>\n\t\t\t\t\t<\/div>\n\t\t<\/section>\n\t\t\t\t\t\t<\/div>\n\t\t\t\t\t\t<\/div>\n\t\t\t\t\t<\/div>\n\t\t","protected":false},"excerpt":{"rendered":"<p>Les partenaires Partnerships Toronto Metropolitan University MiDi est partenaire de la Chaire d\u2019Excellence de Recherche du Canada sur les Migrations et l\u2019Int\u00e9gration de la Toronto Metropolitan University\u00a0dans le cadre du\u00a0Global Exchange Program. Les candidatures des membres de MiDi sont examin\u00e9es une fois par an et donnent la priorit\u00e9 aux doctorant.e.s, post-dosctorant.e.s et jeunes chercheuses.eurs. Les candidatures sont ouvertes en f\u00e9vrier pour un s\u00e9jour dans l\u2019ann\u00e9e civile.\u00a0MiDi is part of the Global Exchange Fellowship program organized by CERC in Migration and Integration-Toronto Metropolitan University. The exchange program gives priority to PhD students, postdoctoral fellows and early career researchers. Applications are open<span class=\"excerpt-hellip\"> [\u2026]<\/span><\/p>\n","protected":false},"author":2,"featured_media":0,"parent":0,"menu_order":0,"comment_status":"closed","ping_status":"closed","template":"","meta":[],"_links":{"self":[{"href":"https:\/\/www.sciencespo.fr\/research\/migration-diversite\/home\/wp-json\/wp\/v2\/pages\/20"}],"collection":[{"href":"https:\/\/www.sciencespo.fr\/research\/migration-diversite\/home\/wp-json\/wp\/v2\/pages"}],"about":[{"href":"https:\/\/www.sciencespo.fr\/research\/migration-diversite\/home\/wp-json\/wp\/v2\/types\/page"}],"author":[{"embeddable":true,"href":"https:\/\/www.sciencespo.fr\/research\/migration-diversite\/home\/wp-json\/wp\/v2\/users\/2"}],"replies":[{"embeddable":true,"href":"https:\/\/www.sciencespo.fr\/research\/migration-diversite\/home\/wp-json\/wp\/v2\/comments?post=20"}],"version-history":[{"count":55,"href":"https:\/\/www.sciencespo.fr\/research\/migration-diversite\/home\/wp-json\/wp\/v2\/pages\/20\/revisions"}],"predecessor-version":[{"id":4270,"href":"https:\/\/www.sciencespo.fr\/research\/migration-diversite\/home\/wp-json\/wp\/v2\/pages\/20\/revisions\/4270"}],"wp:attachment":[{"href":"https:\/\/www.sciencespo.fr\/research\/migration-diversite\/home\/wp-json\/wp\/v2\/media?parent=20"}],"curies":[{"name":"wp","href":"https:\/\/api.w.org\/{rel}","templated":true}]}}