{"id":2,"date":"2020-05-14T12:46:17","date_gmt":"2020-05-14T10:46:17","guid":{"rendered":"https:\/\/www.sciencespo.fr\/research\/migration-diversite\/home\/?page_id=2"},"modified":"2023-06-06T19:12:28","modified_gmt":"2023-06-06T17:12:28","slug":"page-d-exemple","status":"publish","type":"page","link":"https:\/\/www.sciencespo.fr\/research\/migration-diversite\/home\/","title":{"rendered":"Le collectif \/ The group"},"content":{"rendered":"\t\t<div data-elementor-type=\"wp-page\" data-elementor-id=\"2\" class=\"elementor elementor-2\" data-elementor-settings=\"[]\">\n\t\t\t\t\t\t<div class=\"elementor-inner\">\n\t\t\t\t\t\t\t<div class=\"elementor-section-wrap\">\n\t\t\t\t\t\t\t<section class=\"elementor-section elementor-top-section elementor-element elementor-element-7b77b0dc elementor-section-boxed elementor-section-height-default elementor-section-height-default\" data-id=\"7b77b0dc\" data-element_type=\"section\">\n\t\t\t\t\t\t<div class=\"elementor-container elementor-column-gap-default\">\n\t\t\t\t\t\t\t<div class=\"elementor-row\">\n\t\t\t\t\t<div class=\"elementor-column elementor-col-100 elementor-top-column elementor-element elementor-element-6bfe802e\" data-id=\"6bfe802e\" data-element_type=\"column\">\n\t\t\t<div class=\"elementor-column-wrap elementor-element-populated\">\n\t\t\t\t\t\t\t<div class=\"elementor-widget-wrap\">\n\t\t\t\t\t\t<div class=\"elementor-element elementor-element-75a52b09 elementor-widget elementor-widget-text-editor\" data-id=\"75a52b09\" data-element_type=\"widget\" data-widget_type=\"text-editor.default\">\n\t\t\t\t<div class=\"elementor-widget-container\">\n\t\t\t\t\t<div class=\"elementor-text-editor elementor-clearfix\"><p><!-- wp:paragraph --><\/p>\n<p>MiDi, Migration et Diversit\u00e9, est <strong>une initiative collective interdisciplinaire<\/strong> qui permet de f\u00e9d\u00e9rer les chercheurs et chercheuses des diff\u00e9rents\u00a0centres de recherche de Sciences Po <strong>autour des questions de migrations internationales et de diversit\u00e9.<\/strong><\/p>\n<p><em>MiDi, Migration and Diversity, is <strong>a collective interdisciplinary initiative<\/strong> which brings together researchers from the different research centers of Sciences Po, <strong>around the issues of international migration and diversity.<\/strong><\/em><\/p>\n<p><!-- \/wp:paragraph --><\/p><\/div>\n\t\t\t\t<\/div>\n\t\t\t\t<\/div>\n\t\t\t\t<div class=\"elementor-element elementor-element-b6bb21d elementor-widget elementor-widget-mfn_blog_slider\" data-id=\"b6bb21d\" data-element_type=\"widget\" data-settings=\"{&quot;_animation&quot;:&quot;none&quot;}\" data-widget_type=\"mfn_blog_slider.default\">\n\t\t\t\t<div class=\"elementor-widget-container\">\n\t\t\t<div class=\"blog_slider clearfix  hide-more\" data-count=\"4\"><div class=\"blog_slider_header clearfix\"><div class=\"slider_navigation\"><\/div><\/div><ul class=\"blog_slider_ul\"><li class=\"post-4816 post type-post status-publish format-standard has-post-thumbnail hentry category-actualites\"><div class=\"item_wrapper\"><div class=\"image_frame scale-with-grid\"><div class=\"image_wrapper\"><a href=\"https:\/\/www.sciencespo.fr\/research\/migration-diversite\/home\/2025\/12\/15\/annonces-des-laureats-du-prix-de-la-recherche-midi-2025-announcement-of-the-winners-of-the-2025-midi-research-prize\/\"><img width=\"837\" height=\"571\" src=\"https:\/\/www.sciencespo.fr\/research\/migration-diversite\/wp-content\/uploads\/2025\/12\/image-1.png\" class=\"scale-with-grid wp-post-image\" alt=\"\" loading=\"lazy\" srcset=\"https:\/\/www.sciencespo.fr\/research\/migration-diversite\/wp-content\/uploads\/2025\/12\/image-1.png 837w, https:\/\/www.sciencespo.fr\/research\/migration-diversite\/wp-content\/uploads\/2025\/12\/image-1-300x205.png 300w, https:\/\/www.sciencespo.fr\/research\/migration-diversite\/wp-content\/uploads\/2025\/12\/image-1-768x524.png 768w, https:\/\/www.sciencespo.fr\/research\/migration-diversite\/wp-content\/uploads\/2025\/12\/image-1-214x146.png 214w, https:\/\/www.sciencespo.fr\/research\/migration-diversite\/wp-content\/uploads\/2025\/12\/image-1-50x34.png 50w, https:\/\/www.sciencespo.fr\/research\/migration-diversite\/wp-content\/uploads\/2025\/12\/image-1-110x75.png 110w\" sizes=\"(max-width: 837px) 100vw, 837px\" \/><\/a><\/div><\/div><div class=\"date_label\">15 d\u00e9cembre 2025<\/div><div class=\"desc\"><h4><a href=\"https:\/\/www.sciencespo.fr\/research\/migration-diversite\/home\/2025\/12\/15\/annonces-des-laureats-du-prix-de-la-recherche-midi-2025-announcement-of-the-winners-of-the-2025-midi-research-prize\/\">ANNONCE DES LAUR\u00c9ATS DU PRIX DE LA RECHERCHE MIDI 2025 \/ ANNOUNCEMENT OF THE WINNERS OF THE 2025 MIDI RESEARCH PRIZE<\/a><\/h4><hr class=\"hr_color\" \/><a href=\"https:\/\/www.sciencespo.fr\/research\/migration-diversite\/home\/2025\/12\/15\/annonces-des-laureats-du-prix-de-la-recherche-midi-2025-announcement-of-the-winners-of-the-2025-midi-research-prize\/\" class=\"button button_left has-icon\"><span class=\"button_icon\"><i class=\"icon-layout\"><\/i><\/span><span class=\"button_label\">Lire la suite<\/span><\/a><\/div><\/div><\/li><li class=\"post-4796 post type-post status-publish format-standard has-post-thumbnail hentry category-actualites category-evenements category-les-prochains-evenements\"><div class=\"item_wrapper\"><div class=\"image_frame scale-with-grid\"><div class=\"image_wrapper\"><a href=\"https:\/\/www.sciencespo.fr\/research\/migration-diversite\/home\/2025\/11\/14\/02-12-2025-film-screening-queer-exile\/\"><img width=\"900\" height=\"600\" src=\"https:\/\/www.sciencespo.fr\/research\/migration-diversite\/wp-content\/uploads\/2025\/11\/film-still-2-900x600.jpg\" class=\"scale-with-grid wp-post-image\" alt=\"\" loading=\"lazy\" \/><\/a><\/div><\/div><div class=\"date_label\">14 novembre 2025<\/div><div class=\"desc\"><h4><a href=\"https:\/\/www.sciencespo.fr\/research\/migration-diversite\/home\/2025\/11\/14\/02-12-2025-film-screening-queer-exile\/\">02\/12\/2025 [FILM SCREENING] QUEER EXILE<\/a><\/h4><hr class=\"hr_color\" \/><a href=\"https:\/\/www.sciencespo.fr\/research\/migration-diversite\/home\/2025\/11\/14\/02-12-2025-film-screening-queer-exile\/\" class=\"button button_left has-icon\"><span class=\"button_icon\"><i class=\"icon-layout\"><\/i><\/span><span class=\"button_label\">Lire la suite<\/span><\/a><\/div><\/div><\/li><li class=\"post-4775 post type-post status-publish format-standard has-post-thumbnail hentry category-actualites\"><div class=\"item_wrapper\"><div class=\"image_frame scale-with-grid\"><div class=\"image_wrapper\"><a href=\"https:\/\/www.sciencespo.fr\/research\/migration-diversite\/home\/2025\/06\/23\/appel-a-candidatures-pour-le-prix-de-la-recherche-midi-2025\/\"><img width=\"900\" height=\"600\" src=\"https:\/\/www.sciencespo.fr\/research\/migration-diversite\/wp-content\/uploads\/2024\/01\/Prix-MiDi-900x600.png\" class=\"scale-with-grid wp-post-image\" alt=\"\" loading=\"lazy\" srcset=\"https:\/\/www.sciencespo.fr\/research\/migration-diversite\/wp-content\/uploads\/2024\/01\/Prix-MiDi-900x600.png 900w, https:\/\/www.sciencespo.fr\/research\/migration-diversite\/wp-content\/uploads\/2024\/01\/Prix-MiDi-300x200.png 300w, https:\/\/www.sciencespo.fr\/research\/migration-diversite\/wp-content\/uploads\/2024\/01\/Prix-MiDi-1024x682.png 1024w, https:\/\/www.sciencespo.fr\/research\/migration-diversite\/wp-content\/uploads\/2024\/01\/Prix-MiDi-768x512.png 768w, https:\/\/www.sciencespo.fr\/research\/migration-diversite\/wp-content\/uploads\/2024\/01\/Prix-MiDi-1536x1024.png 1536w, https:\/\/www.sciencespo.fr\/research\/migration-diversite\/wp-content\/uploads\/2024\/01\/Prix-MiDi-219x146.png 219w, https:\/\/www.sciencespo.fr\/research\/migration-diversite\/wp-content\/uploads\/2024\/01\/Prix-MiDi-50x33.png 50w, https:\/\/www.sciencespo.fr\/research\/migration-diversite\/wp-content\/uploads\/2024\/01\/Prix-MiDi-113x75.png 113w, https:\/\/www.sciencespo.fr\/research\/migration-diversite\/wp-content\/uploads\/2024\/01\/Prix-MiDi.png 1772w\" sizes=\"(max-width: 900px) 100vw, 900px\" \/><\/a><\/div><\/div><div class=\"date_label\">23 juin 2025<\/div><div class=\"desc\"><h4><a href=\"https:\/\/www.sciencespo.fr\/research\/migration-diversite\/home\/2025\/06\/23\/appel-a-candidatures-pour-le-prix-de-la-recherche-midi-2025\/\">APPEL \u00c0 CANDIDATURES POUR LE PRIX DE LA RECHERCHE MIDI 2025<\/a><\/h4><hr class=\"hr_color\" \/><a href=\"https:\/\/www.sciencespo.fr\/research\/migration-diversite\/home\/2025\/06\/23\/appel-a-candidatures-pour-le-prix-de-la-recherche-midi-2025\/\" class=\"button button_left has-icon\"><span class=\"button_icon\"><i class=\"icon-layout\"><\/i><\/span><span class=\"button_label\">Lire la suite<\/span><\/a><\/div><\/div><\/li><li class=\"post-4737 post type-post status-publish format-standard has-post-thumbnail hentry category-actualites category-evenements category-les-prochains-evenements\"><div class=\"item_wrapper\"><div class=\"image_frame scale-with-grid\"><div class=\"image_wrapper\"><a href=\"https:\/\/www.sciencespo.fr\/research\/migration-diversite\/home\/2025\/05\/22\/28-05-2025-journalisme-et-migrations-autour-de-la-charte-de-marseille\/\"><img width=\"600\" height=\"382\" src=\"https:\/\/www.sciencespo.fr\/research\/migration-diversite\/wp-content\/uploads\/2023\/01\/Medias-migrations-visuel-0-generique-e1647513313374.png\" class=\"scale-with-grid wp-post-image\" alt=\"\" loading=\"lazy\" srcset=\"https:\/\/www.sciencespo.fr\/research\/migration-diversite\/wp-content\/uploads\/2023\/01\/Medias-migrations-visuel-0-generique-e1647513313374.png 600w, https:\/\/www.sciencespo.fr\/research\/migration-diversite\/wp-content\/uploads\/2023\/01\/Medias-migrations-visuel-0-generique-e1647513313374-300x191.png 300w, https:\/\/www.sciencespo.fr\/research\/migration-diversite\/wp-content\/uploads\/2023\/01\/Medias-migrations-visuel-0-generique-e1647513313374-229x146.png 229w, https:\/\/www.sciencespo.fr\/research\/migration-diversite\/wp-content\/uploads\/2023\/01\/Medias-migrations-visuel-0-generique-e1647513313374-50x32.png 50w, https:\/\/www.sciencespo.fr\/research\/migration-diversite\/wp-content\/uploads\/2023\/01\/Medias-migrations-visuel-0-generique-e1647513313374-118x75.png 118w\" sizes=\"(max-width: 600px) 100vw, 600px\" \/><\/a><\/div><\/div><div class=\"date_label\">22 mai 2025<\/div><div class=\"desc\"><h4><a href=\"https:\/\/www.sciencespo.fr\/research\/migration-diversite\/home\/2025\/05\/22\/28-05-2025-journalisme-et-migrations-autour-de-la-charte-de-marseille\/\">28\/05\/2025 JOURNALISME ET MIGRATIONS &#8211; AUTOUR DE LA CHARTE DE MARSEILLE<\/a><\/h4><hr class=\"hr_color\" \/><a href=\"https:\/\/www.sciencespo.fr\/research\/migration-diversite\/home\/2025\/05\/22\/28-05-2025-journalisme-et-migrations-autour-de-la-charte-de-marseille\/\" class=\"button button_left has-icon\"><span class=\"button_icon\"><i class=\"icon-layout\"><\/i><\/span><span class=\"button_label\">Lire la suite<\/span><\/a><\/div><\/div><\/li><\/ul><div class=\"slider_pager slider_pagination\"><\/div><\/div>\n\t\t<\/div>\n\t\t\t\t<\/div>\n\t\t\t\t<div class=\"elementor-element elementor-element-1fed322 elementor-widget elementor-widget-text-editor\" data-id=\"1fed322\" data-element_type=\"widget\" data-widget_type=\"text-editor.default\">\n\t\t\t\t<div class=\"elementor-widget-container\">\n\t\t\t\t\t<div class=\"elementor-text-editor elementor-clearfix\"><p>Le collectif de recherche rassemble des scientifiques du CERI, du CEE, du CRIS, de l&rsquo;\u00c9cole de droit, du Centre d&rsquo;histoire, du D\u00e9partement&nbsp;d\u2019\u00e9conomie, du CEVIPOF et du LIEPP. Les recherches qui se font \u00e0 Sciences Po sur le sujet couvrent des th\u00e9matiques tr\u00e8s larges: flux migratoires, droit d\u2019asile, fronti\u00e8res, int\u00e9gration des immigr\u00e9\u00b7e\u00b7s, discriminations et in\u00e9galit\u00e9s dans les contextes europ\u00e9en et mondial.&nbsp;<\/p>\n<p>Le collectif de recherche MiDi a vocation <strong>\u00e0 f\u00e9d\u00e9rer les chercheurs et chercheuses<\/strong> et <strong>dynamiser la recherche en cours<\/strong>. Il permet de rendre plus visible la production scientifique aussi bien \u00e0 l&rsquo;int\u00e9rieur, pour la communaut\u00e9 de Sciences Po, en particulier les \u00e9tudiant\u00b7e\u00b7s, qu&rsquo;\u00e0 l&rsquo;ext\u00e9rieur, pour nos partenaires institutionnels et pour favoriser les coop\u00e9rations dans des projets internationaux. Gr\u00e2ce \u00e0 ce collectif, Sciences Po est aujourd&rsquo;hui membre de l&rsquo;<a href=\"https:\/\/www.imiscoe.org\/\">IMISCOE<\/a>, une f\u00e9d\u00e9ration europ\u00e9enne des institutions scientifiques travaillant sur les migrations.<\/p>\n<p><em>&nbsp;<\/em><\/p>\n<p><em>The research collective brings together scientists from CERI, the CEE, the OSC, the Law School, the Department of History, the Department of Economics, CEVIPOF and LIEPP. The research that is done at Sciences Po on the subject covers very broad themes: migratory flows, right of asylum, borders, integration of immigrants, discrimination and inequality in the European and global contexts.<\/em><\/p>\n<p><em>The MiDi research collective aims to <strong>unite researchers<\/strong> and <strong>boost current research<\/strong>. It makes scientific production more visible both inside, for the Sciences Po community, in particular students, and outside, for our institutional partners and to encourage cooperation in international projects. Thanks to this collective, Sciences Po is today a member of <a href=\"https:\/\/www.imiscoe.org\/\">IMISCOE<\/a>, a European federation of scientific institutions working on migration.<\/em><\/p><\/div>\n\t\t\t\t<\/div>\n\t\t\t\t<\/div>\n\t\t\t\t\t\t<\/div>\n\t\t\t\t\t<\/div>\n\t\t<\/div>\n\t\t\t\t\t\t\t\t<\/div>\n\t\t\t\t\t<\/div>\n\t\t<\/section>\n\t\t\t\t<section class=\"elementor-section elementor-top-section elementor-element elementor-element-ff8bc65 elementor-section-boxed elementor-section-height-default elementor-section-height-default\" data-id=\"ff8bc65\" data-element_type=\"section\">\n\t\t\t\t\t\t<div class=\"elementor-container elementor-column-gap-default\">\n\t\t\t\t\t\t\t<div class=\"elementor-row\">\n\t\t\t\t\t<div class=\"elementor-column elementor-col-100 elementor-top-column elementor-element elementor-element-a1c5a78\" data-id=\"a1c5a78\" data-element_type=\"column\">\n\t\t\t<div class=\"elementor-column-wrap\">\n\t\t\t\t\t\t\t<div class=\"elementor-widget-wrap\">\n\t\t\t\t\t\t\t\t<\/div>\n\t\t\t\t\t<\/div>\n\t\t<\/div>\n\t\t\t\t\t\t\t\t<\/div>\n\t\t\t\t\t<\/div>\n\t\t<\/section>\n\t\t\t\t\t\t<\/div>\n\t\t\t\t\t\t<\/div>\n\t\t\t\t\t<\/div>\n\t\t","protected":false},"excerpt":{"rendered":"<p>MiDi, Migration et Diversit\u00e9, est une initiative collective interdisciplinaire qui permet de f\u00e9d\u00e9rer les chercheurs et chercheuses des diff\u00e9rents\u00a0centres de recherche de Sciences Po autour des questions de migrations internationales et de diversit\u00e9. MiDi, Migration and Diversity, is a collective interdisciplinary initiative which brings together researchers from the different research centers of Sciences Po, around the issues of international migration and diversity. 6 juin 2023 22\/06\/2023 [S\u00c9MINAIRE] DIEU VA OUVRIR LA MER: FABRIQUER DES OBJETS HYBRIDES ENTRE ARTISTES, CHERCHEURS ET ACTEURS DE LA MIGRATION Lire la suite 1 juin 2023 12\/06\/2023 [JOURN\u00c9E D\u00c9TUDE] ASIAN MINORITIES IN EUROPE AND IN NORTH<span class=\"excerpt-hellip\"> [\u2026]<\/span><\/p>\n","protected":false},"author":1,"featured_media":0,"parent":0,"menu_order":0,"comment_status":"closed","ping_status":"closed","template":"","meta":[],"_links":{"self":[{"href":"https:\/\/www.sciencespo.fr\/research\/migration-diversite\/home\/wp-json\/wp\/v2\/pages\/2"}],"collection":[{"href":"https:\/\/www.sciencespo.fr\/research\/migration-diversite\/home\/wp-json\/wp\/v2\/pages"}],"about":[{"href":"https:\/\/www.sciencespo.fr\/research\/migration-diversite\/home\/wp-json\/wp\/v2\/types\/page"}],"author":[{"embeddable":true,"href":"https:\/\/www.sciencespo.fr\/research\/migration-diversite\/home\/wp-json\/wp\/v2\/users\/1"}],"replies":[{"embeddable":true,"href":"https:\/\/www.sciencespo.fr\/research\/migration-diversite\/home\/wp-json\/wp\/v2\/comments?post=2"}],"version-history":[{"count":29,"href":"https:\/\/www.sciencespo.fr\/research\/migration-diversite\/home\/wp-json\/wp\/v2\/pages\/2\/revisions"}],"predecessor-version":[{"id":4108,"href":"https:\/\/www.sciencespo.fr\/research\/migration-diversite\/home\/wp-json\/wp\/v2\/pages\/2\/revisions\/4108"}],"wp:attachment":[{"href":"https:\/\/www.sciencespo.fr\/research\/migration-diversite\/home\/wp-json\/wp\/v2\/media?parent=2"}],"curies":[{"name":"wp","href":"https:\/\/api.w.org\/{rel}","templated":true}]}}