{"id":1814,"date":"2017-01-23T15:00:38","date_gmt":"2017-01-23T13:00:38","guid":{"rendered":"http:\/\/www.sciencespo.fr\/research\/cogito\/home\/?page_id=1814"},"modified":"2021-12-08T09:48:33","modified_gmt":"2021-12-08T07:48:33","slug":"sign-up","status":"publish","type":"page","link":"https:\/\/www.sciencespo.fr\/research\/cogito\/home\/sign-up\/","title":{"rendered":"Abonnez-vous \u00e0 Cogito &#8211; Sign-up to Cogito"},"content":{"rendered":"<p><!-- Begin Mailchimp Signup Form -->\n<link href=\"\/\/cdn-images.mailchimp.com\/embedcode\/classic-10_7.css\" rel=\"stylesheet\" type=\"text\/css\">\n<style type=\"text\/css\">\n\t#mc_embed_signup{background:#fff; clear:left; font:14px Helvetica,Arial,sans-serif; }\n\t\/* Add your own Mailchimp form style overrides in your site stylesheet or in this style block.\n\t   We recommend moving this block and the preceding CSS link to the HEAD of your HTML file. *\/\n<\/style>\n<div id=\"mc_embed_signup\">\n<form action=\"https:\/\/sciencespo.us12.list-manage.com\/subscribe\/post?u=11120ad95166b7b6aabb4a78a&amp;id=707f7323ec\" method=\"post\" id=\"mc-embedded-subscribe-form\" name=\"mc-embedded-subscribe-form\" class=\"validate\" target=\"_blank\" novalidate>\n<div id=\"mc_embed_signup_scroll\">\n<h2>Subscribe<\/h2>\n<div class=\"indicates-required\"><span class=\"asterisk\">*<\/span> indicates required<\/div>\n<div class=\"mc-field-group\">\n\t<label for=\"mce-EMAIL\">Email  <span class=\"asterisk\">*<\/span><br \/>\n<\/label><br \/>\n\t<input type=\"email\" value=\"\" name=\"EMAIL\" class=\"required email\" id=\"mce-EMAIL\">\n<\/div>\n<div class=\"mc-field-group\">\n\t<label for=\"mce-MERGE1\">Pr\u00e9nom &#8211; First Name  <span class=\"asterisk\">*<\/span><br \/>\n<\/label><br \/>\n\t<input type=\"text\" value=\"\" name=\"MERGE1\" class=\"required\" id=\"mce-MERGE1\">\n<\/div>\n<div class=\"mc-field-group\">\n\t<label for=\"mce-MERGE2\">Nom &#8211; Last Name  <span class=\"asterisk\">*<\/span><br \/>\n<\/label><br \/>\n\t<input type=\"text\" value=\"\" name=\"MERGE2\" class=\"required\" id=\"mce-MERGE2\">\n<\/div>\n<div class=\"mc-field-group input-group\">\n    <strong>Langue &#8211; Language <\/strong><\/p>\n<ul>\n<li><input type=\"radio\" value=\"Fran\u00e7ais - French\" name=\"MMERGE6\" id=\"mce-MMERGE6-0\"><label for=\"mce-MMERGE6-0\">Fran\u00e7ais &#8211; French<\/label><\/li>\n<li><input type=\"radio\" value=\"Anglais - English\" name=\"MMERGE6\" id=\"mce-MMERGE6-1\"><label for=\"mce-MMERGE6-1\">Anglais &#8211; English<\/label><\/li>\n<li><input type=\"radio\" value=\"Les deux - Both\" name=\"MMERGE6\" id=\"mce-MMERGE6-2\"><label for=\"mce-MMERGE6-2\">Les deux &#8211; Both<\/label><\/li>\n<\/ul>\n<\/div>\n<div class=\"mc-field-group input-group\">\n    <strong>Institution <\/strong><\/p>\n<ul>\n<li><input type=\"radio\" value=\"Sciences Po\" name=\"MMERGE5\" id=\"mce-MMERGE5-0\"><label for=\"mce-MMERGE5-0\">Sciences Po<\/label><\/li>\n<li><input type=\"radio\" value=\"Autre universit\u00e9 - Other University\" name=\"MMERGE5\" id=\"mce-MMERGE5-1\"><label for=\"mce-MMERGE5-1\">Autre universit\u00e9 &#8211; Other University<\/label><\/li>\n<li><input type=\"radio\" value=\"Secteur non acad\u00e9mique - Non academic sector\" name=\"MMERGE5\" id=\"mce-MMERGE5-2\"><label for=\"mce-MMERGE5-2\">Secteur non acad\u00e9mique &#8211; Non academic sector<\/label><\/li>\n<\/ul>\n<\/div>\n<div class=\"mc-field-group input-group\">\n    <strong>Statut\/Fonction <\/strong><\/p>\n<ul>\n<li><input type=\"radio\" value=\"Etudiant - Student\" name=\"MMERGE3\" id=\"mce-MMERGE3-0\"><label for=\"mce-MMERGE3-0\">Etudiant &#8211; Student<\/label><\/li>\n<li><input type=\"radio\" value=\"Enseignant\/Chercheur - Academic\" name=\"MMERGE3\" id=\"mce-MMERGE3-1\"><label for=\"mce-MMERGE3-1\">Enseignant\/Chercheur &#8211; Academic<\/label><\/li>\n<li><input type=\"radio\" value=\"Salari\u00e9 de Sciences Po - Sciences Po's employee\" name=\"MMERGE3\" id=\"mce-MMERGE3-2\"><label for=\"mce-MMERGE3-2\">Salari\u00e9 de Sciences Po &#8211; Sciences Po&rsquo;s employee<\/label><\/li>\n<li><input type=\"radio\" value=\"Autre - Other\" name=\"MMERGE3\" id=\"mce-MMERGE3-3\"><label for=\"mce-MMERGE3-3\">Autre &#8211; Other<\/label><\/li>\n<\/ul>\n<\/div>\n<div class=\"mc-field-group input-group\">\n    <strong>Email Format <\/strong><\/p>\n<ul>\n<li><input type=\"radio\" value=\"html\" name=\"EMAILTYPE\" id=\"mce-EMAILTYPE-0\"><label for=\"mce-EMAILTYPE-0\">html<\/label><\/li>\n<li><input type=\"radio\" value=\"text\" name=\"EMAILTYPE\" id=\"mce-EMAILTYPE-1\"><label for=\"mce-EMAILTYPE-1\">text<\/label><\/li>\n<\/ul>\n<\/div>\n<div id=\"mce-responses\" class=\"clear\">\n<div class=\"response\" id=\"mce-error-response\" style=\"display:none\"><\/div>\n<div class=\"response\" id=\"mce-success-response\" style=\"display:none\"><\/div><\/div>\n<p>    <!-- real people should not fill this in and expect good things - do not remove this or risk form bot signups--><\/p>\n<div style=\"position: absolute; left: -5000px;\" aria-hidden=\"true\"><input type=\"text\" name=\"b_11120ad95166b7b6aabb4a78a_707f7323ec\" tabindex=\"-1\" value=\"\"><\/div>\n<div class=\"clear\"><input type=\"submit\" value=\"Subscribe\" name=\"subscribe\" id=\"mc-embedded-subscribe\" class=\"button\"><\/div><\/div>\n<\/form>\n<\/div>\n<p><script type='text\/javascript' src='\/\/s3.amazonaws.com\/downloads.mailchimp.com\/js\/mc-validate.js'><\/script><script type='text\/javascript'>(function($) {window.fnames = new Array(); window.ftypes = new Array();fnames[0]='EMAIL';ftypes[0]='email';fnames[1]='MERGE1';ftypes[1]='text';fnames[2]='MERGE2';ftypes[2]='text';fnames[6]='MMERGE6';ftypes[6]='radio';fnames[5]='MMERGE5';ftypes[5]='radio';fnames[3]='MMERGE3';ftypes[3]='radio';fnames[4]='MMERGE4';ftypes[4]='text';fnames[7]='STATUTSCPO';ftypes[7]='text';fnames[8]='MMERGE8';ftypes[8]='text'; \/*\n * Translated default messages for the $ validation plugin.\n * Locale: FR\n *\/\n$.extend($.validator.messages, {\n        required: \"Ce champ est requis.\",\n        remote: \"Veuillez remplir ce champ pour continuer.\",\n        email: \"Veuillez entrer une adresse email valide.\",\n        url: \"Veuillez entrer une URL valide.\",\n        date: \"Veuillez entrer une date valide.\",\n        dateISO: \"Veuillez entrer une date valide (ISO).\",\n        number: \"Veuillez entrer un nombre valide.\",\n        digits: \"Veuillez entrer (seulement) une valeur num\u00e9rique.\",\n        creditcard: \"Veuillez entrer un num\u00e9ro de carte de cr\u00e9dit valide.\",\n        equalTo: \"Veuillez entrer une nouvelle fois la m\u00eame valeur.\",\n        accept: \"Veuillez entrer une valeur avec une extension valide.\",\n        maxlength: $.validator.format(\"Veuillez ne pas entrer plus de {0} caract\u00e8res.\"),\n        minlength: $.validator.format(\"Veuillez entrer au moins {0} caract\u00e8res.\"),\n        rangelength: $.validator.format(\"Veuillez entrer entre {0} et {1} caract\u00e8res.\"),\n        range: $.validator.format(\"Veuillez entrer une valeur entre {0} et {1}.\"),\n        max: $.validator.format(\"Veuillez entrer une valeur inf\u00e9rieure ou \u00e9gale \u00e0 {0}.\"),\n        min: $.validator.format(\"Veuillez entrer une valeur sup\u00e9rieure ou \u00e9gale \u00e0 {0}.\")\n});}(jQuery));var $mcj = jQuery.noConflict(true);<\/script><br \/>\n<!--End mc_embed_signup--><\/p>\n","protected":false},"excerpt":{"rendered":"<p>Subscribe * indicates required Email * Pr\u00e9nom &#8211; First Name * Nom &#8211; Last Name * Langue &#8211; Language Fran\u00e7ais &#8211; French Anglais &#8211; English<span class=\"excerpt-hellip\"> [\u2026]<\/span><\/p>\n","protected":false},"author":3,"featured_media":0,"parent":0,"menu_order":0,"comment_status":"closed","ping_status":"closed","template":"","meta":{"footnotes":""},"_links":{"self":[{"href":"https:\/\/www.sciencespo.fr\/research\/cogito\/home\/wp-json\/wp\/v2\/pages\/1814"}],"collection":[{"href":"https:\/\/www.sciencespo.fr\/research\/cogito\/home\/wp-json\/wp\/v2\/pages"}],"about":[{"href":"https:\/\/www.sciencespo.fr\/research\/cogito\/home\/wp-json\/wp\/v2\/types\/page"}],"author":[{"embeddable":true,"href":"https:\/\/www.sciencespo.fr\/research\/cogito\/home\/wp-json\/wp\/v2\/users\/3"}],"replies":[{"embeddable":true,"href":"https:\/\/www.sciencespo.fr\/research\/cogito\/home\/wp-json\/wp\/v2\/comments?post=1814"}],"version-history":[{"count":38,"href":"https:\/\/www.sciencespo.fr\/research\/cogito\/home\/wp-json\/wp\/v2\/pages\/1814\/revisions"}],"predecessor-version":[{"id":12615,"href":"https:\/\/www.sciencespo.fr\/research\/cogito\/home\/wp-json\/wp\/v2\/pages\/1814\/revisions\/12615"}],"wp:attachment":[{"href":"https:\/\/www.sciencespo.fr\/research\/cogito\/home\/wp-json\/wp\/v2\/media?parent=1814"}],"curies":[{"name":"wp","href":"https:\/\/api.w.org\/{rel}","templated":true}]}}