{"id":13854,"date":"2013-02-15T18:15:36","date_gmt":"2013-02-15T16:15:36","guid":{"rendered":"https:\/\/www.sciencespo.fr\/research\/cogito\/home\/?page_id=13854"},"modified":"2023-02-21T16:59:12","modified_gmt":"2023-02-21T14:59:12","slug":"guerres-et-paix","status":"publish","type":"page","link":"https:\/\/www.sciencespo.fr\/research\/cogito\/home\/guerres-et-paix\/","title":{"rendered":"Guerres et paix"},"content":{"rendered":"<p>Devant les ravages inou\u00efs provoqu\u00e9s par les guerres, la question du pourquoi de leurs origines ne cesse de se poser. Ouvrant ce dossier, cette interrogation philosophique prend corps dans l&rsquo;analyse de diff\u00e9rents types de conflits, r\u00e9els ou potentiels : imp\u00e9rialisme, terrorisme et contre-terrorisme, menaces nucl\u00e9aires. On s\u2019y penche tout autant sur la justice internationale, les entreprises de pacification et les conditions de leur efficacit\u00e9. Chaque contribution jette un \u00e9clairage sur la guerre men\u00e9e par Poutine contre l\u2019Ukraine. L\u2019ambition de ce dossier vise \u00e0 nous armer pour \u00e9tablir des paix durables, si ce n\u2019est la paix universelle, imagin\u00e9e par Kant selon lequel les d\u00e9mocraties ne se font pas la guerre.<\/p>\n<h2>Guerres et paix : le dossier<\/h2>\n<p><strong><a href=\"https:\/\/www.sciencespo.fr\/research\/cogito\/home\/des-savoirs-utiles-sur-les-guerre-et-les-paix\/\" target=\"_blank\" rel=\"noopener noreferrer\">Introduction : Des savoirs utiles sur les guerre et les paix<\/a><\/strong><br \/>\npar Sergue\u00ef Guriev, directeur de la formation et de la recherche<\/p>\n<p><strong><a href=\"https:\/\/www.sciencespo.fr\/research\/cogito\/home\/pourquoi-la-guerre-une-question-philosophique\" target=\"_blank\" rel=\"noopener noreferrer\">\u00ab Pourquoi la guerre \u00bb, une question philosophique ?<\/a><br \/>\n<\/strong>par Fr\u00e9d\u00e9ric Gros, Centre de recherches politiques (CEVIPOF)<\/p>\n<p><strong><a href=\"https:\/\/www.sciencespo.fr\/research\/cogito\/home\/le-contreterrorisme-comment-reussir-a-echouer-systematiquement\/\" target=\"_blank\" rel=\"noopener noreferrer\">Le contre-terrorisme : comment r\u00e9ussir \u00e0 \u00e9chouer syst\u00e9matiquement<\/a><\/strong><br \/>\npar Didier Bigo, Centre de recherches internationales (CERI)<\/p>\n<p><a href=\"https:\/\/www.sciencespo.fr\/research\/cogito\/home\/faire-face-aux-vulnerabilites-nucleaires\/\" target=\"_blank\" rel=\"noopener noreferrer\"><strong>Faire face aux vuln\u00e9rabilit\u00e9s nucl\u00e9aires<\/strong><\/a><br \/>\npar Beno\u00eet Pelopidas, Centre de recherches internationales (CERI)<\/p>\n<p><a href=\"https:\/\/www.sciencespo.fr\/research\/cogito\/home\/un-imperialisme-revele-dans-la-guerre-la-russie-a-nu\/\" target=\"_blank\" rel=\"noopener noreferrer\"><strong>Un imp\u00e9rialisme r\u00e9v\u00e9l\u00e9 dans la guerre. La Russie \u00e0 nu<\/strong><\/a><br \/>\npar Sabine Dullin, Centre d&rsquo;histoire<\/p>\n<p><a href=\"https:\/\/www.sciencespo.fr\/research\/cogito\/home\/conflits-armes-limpact-croissant-du-droit-international\/\" target=\"_blank\" rel=\"noopener noreferrer\"><strong>Conflits arm\u00e9s : l\u2019impact croissant du droit international<\/strong><\/a><br \/>\npar Adam Baczko, Centre de recherches internationales (CERI)<\/p>\n<p><a href=\"https:\/\/www.sciencespo.fr\/research\/cogito\/home\/la-verite-sans-la-justice-le-droit-face-aux-crimes-de-masse\/\" target=\"_blank\" rel=\"noopener noreferrer\"><strong>La v\u00e9rit\u00e9 sans la justice ? Le droit face aux crimes de masse<\/strong><\/a><br \/>\npar Julie Saada, \u00c9cole de droit<\/p>\n<p><a href=\"https:\/\/www.sciencespo.fr\/research\/cogito\/home\/justice-transitionnelle-et-propriete-des-liens-inextricables\/\" target=\"_blank\" rel=\"noopener noreferrer\"><strong>Justice transitionnelle et propri\u00e9t\u00e9 : des liens inextricables<\/strong><\/a><br \/>\npar Helena Alviar Garcia, \u00c9cole de droit<\/p>\n<p><strong><a href=\"https:\/\/www.sciencespo.fr\/research\/cogito\/home\/le-maintien-de-la-paix-par-lonu-trois-strategies-de-terrain\/\" target=\"_blank\" rel=\"noopener noreferrer\">Le maintien de la paix par l&rsquo;ONU : trois strat\u00e9gies de terrain<\/a><\/strong><br \/>\npar Chiara Ruffa<\/p>\n<p class=\"entry-title\"><a href=\"https:\/\/www.sciencespo.fr\/research\/cogito\/home\/annuaire-des-chercheur-es-et-doctorant-e-s-travaillant-su-les-conflits-armes\/\"><strong>Annuaire des chercheur.es et doctorant.e.s travaillant sur les conflits arm\u00e9s<\/strong><\/a><\/p>\n<h3><strong>Pr\u00e9c\u00e9demment dans Cogito<\/strong><\/h3>\n<p><a href=\"https:\/\/www.sciencespo.fr\/research\/cogito\/home\/des-dictatures-au-terrorisme-comment-sortir-de-la-violence\/\">Des dictatures au terrorisme, comment sortir de la violence ?<\/a>, Sandrine Lefranc, novembre 2022<\/p>\n<p><a href=\"https:\/\/www.sciencespo.fr\/research\/cogito\/home\/la-bienveillance-dans-les-relations-internationales\/\">La bienveillance dans les relations internationales<\/a>, Fr\u00e9d\u00e9ric Ramel, novembre 2022<\/p>\n<p><a href=\"https:\/\/www.sciencespo.fr\/research\/cogito\/home\/les-civils-face-aux-pilotes-tombes-en-europe-1939-1945\/\">Les civils face aux pilotes tomb\u00e9s en Europe, 1939-1945<\/a>, Claire Andrieu, f\u00e9vrier 2022<\/p>\n<p><a href=\"https:\/\/www.sciencespo.fr\/research\/cogito\/home\/defendre-lhumanite-en-protegeant-son-patrimoine\/\">D\u00e9fendre l\u2019humanit\u00e9 en prot\u00e9geant son patrimoine<\/a>, Mathilde Leloup, f\u00e9vrier 2021<\/p>\n<p><a href=\"https:\/\/www.sciencespo.fr\/research\/cogito\/home\/la-survie-des-juifs-en-france-1940-1944\/\">La survie des juifs en France (1940-1944)<\/a>, Jacques Semelin, juillet 2019<\/p>\n<p><a href=\"https:\/\/www.sciencespo.fr\/research\/cogito\/home\/la-mediation-un-outil-cle-de-pacification\/\">La m\u00e9diation : un outil cl\u00e9 de pacification<\/a>, Milena Dieckhoff, f\u00e9vrier 2018<\/p>\n<p><a href=\"https:\/\/www.sciencespo.fr\/research\/cogito\/home\/la-politique-des-symboles-le-gouvernement-francais-face-aux-attentats-terroristes-de-2015\/\">La politique des symboles : le gouvernement fran\u00e7ais face aux attentats de 2015<\/a>, Florence Faucher et Laurie Boussaguet, novembre 2018<\/p>\n<p><a href=\"https:\/\/www.sciencespo.fr\/research\/cogito\/home\/lhistoire-du-monde-se-fait-en-asie-une-autre-vision-du-xxe-siecle\/\">L\u2019histoire du monde se fait en Asie. Une autre vision du XXe si\u00e8cle<\/a>, Pierre Grosser, mars 2018<\/p>\n<p><a href=\"https:\/\/www.sciencespo.fr\/research\/cogito\/home\/commemorer-la-shoah-apres-guerre\/\">Comm\u00e9morer la Shoah apr\u00e8s-guerre<\/a>, Simon Perego, octobre 2017<\/p>\n<p><a href=\"https:\/\/www.sciencespo.fr\/research\/cogito\/home\/un-nouveau-regard-sur-les-allies-durant-la-seconde-guerre-mondiale\/\">Un nouveau regard sur les alli\u00e9s durant la Seconde Guerre mondiale<\/a>, Claire Andrieu, f\u00e9vrier 2017<\/p>\n<p><a href=\"https:\/\/www.sciencespo.fr\/research\/cogito\/home\/israel-les-raisons-de-la-paix\/\">Isra\u00ebl : les raisons de la paix<\/a>, Samy Cohen, f\u00e9vrier 2017<\/p>\n<p>&nbsp;<\/p>\n","protected":false},"excerpt":{"rendered":"<p>Devant les ravages inou\u00efs provoqu\u00e9s par les guerres, la question du pourquoi de leurs origines ne cesse de se poser. Ouvrant ce dossier, cette interrogation<span class=\"excerpt-hellip\"> [\u2026]<\/span><\/p>\n","protected":false},"author":3,"featured_media":0,"parent":0,"menu_order":0,"comment_status":"closed","ping_status":"closed","template":"","meta":{"footnotes":""},"_links":{"self":[{"href":"https:\/\/www.sciencespo.fr\/research\/cogito\/home\/wp-json\/wp\/v2\/pages\/13854"}],"collection":[{"href":"https:\/\/www.sciencespo.fr\/research\/cogito\/home\/wp-json\/wp\/v2\/pages"}],"about":[{"href":"https:\/\/www.sciencespo.fr\/research\/cogito\/home\/wp-json\/wp\/v2\/types\/page"}],"author":[{"embeddable":true,"href":"https:\/\/www.sciencespo.fr\/research\/cogito\/home\/wp-json\/wp\/v2\/users\/3"}],"replies":[{"embeddable":true,"href":"https:\/\/www.sciencespo.fr\/research\/cogito\/home\/wp-json\/wp\/v2\/comments?post=13854"}],"version-history":[{"count":21,"href":"https:\/\/www.sciencespo.fr\/research\/cogito\/home\/wp-json\/wp\/v2\/pages\/13854\/revisions"}],"predecessor-version":[{"id":14083,"href":"https:\/\/www.sciencespo.fr\/research\/cogito\/home\/wp-json\/wp\/v2\/pages\/13854\/revisions\/14083"}],"wp:attachment":[{"href":"https:\/\/www.sciencespo.fr\/research\/cogito\/home\/wp-json\/wp\/v2\/media?parent=13854"}],"curies":[{"name":"wp","href":"https:\/\/api.w.org\/{rel}","templated":true}]}}