{"id":13517,"date":"2022-06-30T12:06:21","date_gmt":"2022-06-30T10:06:21","guid":{"rendered":"https:\/\/www.sciencespo.fr\/research\/cogito\/home\/?page_id=13517"},"modified":"2023-11-07T16:10:18","modified_gmt":"2023-11-07T14:10:18","slug":"lenvironnement-dans-cogito","status":"publish","type":"page","link":"https:\/\/www.sciencespo.fr\/research\/cogito\/home\/lenvironnement-dans-cogito\/","title":{"rendered":"L&rsquo;environnement dans Cogito"},"content":{"rendered":"<h3>Le dossier<\/h3>\n<ul>\n<li>Introduction : <a href=\"https:\/\/www.sciencespo.fr\/research\/cogito\/home\/un-collectif-pour-repenser-lenvironnement\/\" target=\"_blank\" rel=\"noopener noreferrer\">Un collectif pour repenser l\u2019environnement<\/a><\/li>\n<li><a href=\"https:\/\/www.sciencespo.fr\/research\/cogito\/home\/la-fabrique-des-politiques-environnementales-le-cas-chinois\" target=\"_blank\" rel=\"noopener noreferrer\">La fabrique des politiques environnementales\u00a0: le cas chinois<\/a> , par Richard Balme<\/li>\n<li><a href=\"https:\/\/www.sciencespo.fr\/research\/cogito\/home\/la-consommation-engagee-que-peut-le-consommateur\/\" target=\"_blank\" rel=\"noopener noreferrer\">La consommation engag\u00e9e, que peut le consommateur ?<\/a> , par Sophie Dubuisson-Quellier<\/li>\n<li><a href=\"https:\/\/www.sciencespo.fr\/research\/cogito\/home\/villes-sobres-une-3eme-voie-entre-business-as-usual-et-decroissance\/\" target=\"_blank\" rel=\"noopener noreferrer\">Villes sobres\u00a0: entre <em>\u00ab\u00a0business as usual\u00a0\u00bb<\/em> et d\u00e9croissance\u00a0?<\/a>, par Charlotte Halpern<\/li>\n<li><a href=\"https:\/\/www.sciencespo.fr\/research\/cogito\/home\/lignes-de-faille-tremblements-de-terre-et-changement-historique\/\" target=\"_blank\" rel=\"noopener noreferrer\">Lignes de faille : tremblements de terre et changement historique<\/a>,\u00a0 par Giacomo Parrinello<\/li>\n<li><a href=\"https:\/\/www.sciencespo.fr\/research\/cogito\/home\/pesticides-et-sante-humaine-entre-toxicologie-et-epidemiologie\/\" target=\"_blank\" rel=\"noopener noreferrer\">Pesticides et sant\u00e9 humaine : entre toxicologie et \u00e9pid\u00e9miologie<\/a>, par Jean-No\u00ebl Jouzel<\/li>\n<li><a href=\"https:\/\/www.sciencespo.fr\/research\/cogito\/home\/thinking-together-to-make-our-planet-great-again\/\" target=\"_blank\" rel=\"noopener noreferrer\">Pensez ensemble (en m\u00eame temps) la Terre de mani\u00e8re \u00e9gale\u00a0!<\/a>, par Bernard Reber<\/li>\n<li><a href=\"https:\/\/www.sciencespo.fr\/research\/cogito\/home\/chercheurs-et-ingenieurs-de-recherche-travaillant-sur-lenvironnement\" target=\"_blank\" rel=\"noopener noreferrer\">Annuaire des chercheurs, ing\u00e9nieurs de recherche et doctorants travaillant sur les questions environnementales<\/a><\/li>\n<\/ul>\n<h3>Autres articles<\/h3>\n<div class=\"post-title\">\n<ul>\n<li><a href=\"https:\/\/www.sciencespo.fr\/research\/cogito\/home\/travail-forestier-et-rechauffement-climatique\/\">Travail forestier et r\u00e9chauffement climatique<\/a>, par Charlotte Glinel<\/li>\n<li><a href=\"https:\/\/www.sciencespo.fr\/research\/cogito\/home\/pesticides-comment-ignorer-ce-que-lon-sait\/\">Pesticides. Comment ignorer ce que l\u2019on sait<\/a>, par Jean-No\u00ebl Jouzel<\/li>\n<li><a href=\"https:\/\/www.sciencespo.fr\/research\/cogito\/home\/les-petits-etats-insulaires-face-au-changement-climatique\/\">Les petits \u00c9tats insulaires face au changement climatique<\/a>, entretien avec Carola Kloeck et Michael Fink<\/li>\n<li><a href=\"https:\/\/www.sciencespo.fr\/research\/cogito\/home\/le-littoral-une-enquete-historique-a-lere-de-lanthropocene\/\">Le littoral : une enqu\u00eate historique \u00e0 l\u2019\u00e8re de l\u2019Anthropoc\u00e8ne<\/a>, par Giacomo Parrinello<\/li>\n<li><a href=\"https:\/\/www.sciencespo.fr\/research\/cogito\/home\/changement-climatique-et-sexes-des-perspectives-en-concurrence\/\" target=\"_blank\" rel=\"noopener\">Changement climatique et sexes : des perspectives en concurrence<\/a>, par Helena Alviar Garcia<\/li>\n<li><a href=\"https:\/\/www.sciencespo.fr\/research\/cogito\/home\/pas-deconomie-environnementale-sans-justice-sociale\/\">Pas d\u2019\u00e9conomie environnementale sans justice sociale<\/a>, par \u00c9loi Laurent<\/li>\n<li><a href=\"https:\/\/www.sciencespo.fr\/research\/cogito\/home\/crise-des-dechets-et-fabrique-urbaine-a-beyrouth\/\">Crise des d\u00e9chets et fabrique urbaine \u00e0 Beyrouth<\/a>, par Eric Verdeil<\/li>\n<li><a href=\"https:\/\/www.sciencespo.fr\/research\/cogito\/home\/comment-les-dechets-bouleversent-les-relations-de-pouvoir-a-lagos\/\">Comment les d\u00e9chets bouleversent les relations de pouvoir \u00e0 Lagos<\/a>, par C\u00f4me Salvaire<\/li>\n<\/ul>\n<h3>Projets de recherche<\/h3>\n<ul>\n<li><a href=\"https:\/\/www.sciencespo.fr\/research\/cogito\/home\/evaluer-les-politiques-publiques-environnementales\/\">\u00c9valuer les politiques publiques environnementales<\/a><\/li>\n<li><a href=\"https:\/\/www.sciencespo.fr\/research\/cogito\/home\/les-capteurs-de-pollution-un-outil-de-collaboration-entre-les-citoyens-et-les-autorites\/\">Les capteurs de pollution : un outil de collaboration entre les citoyens et les autorit\u00e9s ?<\/a><\/li>\n<li><a href=\"https:\/\/www.sciencespo.fr\/research\/cogito\/home\/lempreinte-carbone-des-menages-francais-et-le-commerce-international\/\">L\u2019empreinte carbone des m\u00e9nages fran\u00e7ais et le commerce international<\/a><\/li>\n<li><a href=\"https:\/\/www.sciencespo.fr\/research\/cogito\/home\/energies-renouvelables-et-structuration-des-filieres-en-europe\/\">\u00c9nergies renouvelables et structuration des fili\u00e8res en Europe<\/a><\/li>\n<li><a href=\"https:\/\/www.sciencespo.fr\/research\/cogito\/home\/quels-trajets-vers-la-decarbonisation\/\">Quels trajets vers la d\u00e9carbonisation ?<\/a><\/li>\n<li><a href=\"https:\/\/www.sciencespo.fr\/research\/cogito\/home\/quand-lhistoire-contribue-a-eclairer-levolution-dun-ecosysteme-et-ses-liens-avec-les-societes\/\">Quand l\u2019histoire \u00e9tudie les \u00e9cosyst\u00e8mes<\/a><\/li>\n<li><a href=\"https:\/\/www.sciencespo.fr\/research\/cogito\/home\/paris-va-t-elle-devenir-une-ville-verte\/\">Paris va-t-elle devenir une ville verte ?<\/a><\/li>\n<li><a href=\"https:\/\/www.sciencespo.fr\/research\/cogito\/home\/comprendre-le-geant-salifere-mediterraneen-a-travers-des-recherches-pluridisciplinaires\/\">Comprendre le g\u00e9ant salif\u00e8re m\u00e9diterran\u00e9en \u00e0 travers des recherches pluridisciplinaires<\/a><\/li>\n<\/ul>\n<\/div>\n","protected":false},"excerpt":{"rendered":"<p>Le dossier Introduction : Un collectif pour repenser l\u2019environnement La fabrique des politiques environnementales\u00a0: le cas chinois , par Richard Balme La consommation engag\u00e9e, que<span class=\"excerpt-hellip\"> [\u2026]<\/span><\/p>\n","protected":false},"author":3,"featured_media":0,"parent":0,"menu_order":0,"comment_status":"closed","ping_status":"closed","template":"","meta":{"footnotes":""},"_links":{"self":[{"href":"https:\/\/www.sciencespo.fr\/research\/cogito\/home\/wp-json\/wp\/v2\/pages\/13517"}],"collection":[{"href":"https:\/\/www.sciencespo.fr\/research\/cogito\/home\/wp-json\/wp\/v2\/pages"}],"about":[{"href":"https:\/\/www.sciencespo.fr\/research\/cogito\/home\/wp-json\/wp\/v2\/types\/page"}],"author":[{"embeddable":true,"href":"https:\/\/www.sciencespo.fr\/research\/cogito\/home\/wp-json\/wp\/v2\/users\/3"}],"replies":[{"embeddable":true,"href":"https:\/\/www.sciencespo.fr\/research\/cogito\/home\/wp-json\/wp\/v2\/comments?post=13517"}],"version-history":[{"count":9,"href":"https:\/\/www.sciencespo.fr\/research\/cogito\/home\/wp-json\/wp\/v2\/pages\/13517\/revisions"}],"predecessor-version":[{"id":14795,"href":"https:\/\/www.sciencespo.fr\/research\/cogito\/home\/wp-json\/wp\/v2\/pages\/13517\/revisions\/14795"}],"wp:attachment":[{"href":"https:\/\/www.sciencespo.fr\/research\/cogito\/home\/wp-json\/wp\/v2\/media?parent=13517"}],"curies":[{"name":"wp","href":"https:\/\/api.w.org\/{rel}","templated":true}]}}