{"id":13423,"date":"2022-06-01T15:08:01","date_gmt":"2022-06-01T13:08:01","guid":{"rendered":"https:\/\/www.sciencespo.fr\/research\/cogito\/home\/?page_id=13423"},"modified":"2022-06-16T11:50:41","modified_gmt":"2022-06-16T09:50:41","slug":"work-analyses-on-cogito","status":"publish","type":"page","link":"https:\/\/www.sciencespo.fr\/research\/cogito\/home\/work-analyses-on-cogito\/?lang=en","title":{"rendered":"Work analyses on Cogito"},"content":{"rendered":"<p>This issue explores the links between work and political life, related public policies, wage and career inequalities, universal income prospects, and the evolution of professions directly involved in more global challenges such as health and climate change. The variety of these approaches reflects the importance of research on work at Sciences Po across all the disciplines.\u00a0 Enjoy the read!<\/p>\n<h1>Dossier<\/h1>\n<ul>\n<li style=\"list-style-type: none;\">\n<ul>\n<li><strong><a href=\"https:\/\/www.sciencespo.fr\/research\/cogito\/home\/transformations-of-and-through-work\/?lang=en\" target=\"_blank\" rel=\"noopener noreferrer\">Transformations Of and Through Work<\/a><\/strong><em><br \/>\nby Henri Bergeron et Gwena\u00eble Rot, Center for the Sociology of Organisations (CSO)<br \/>\n<\/em><\/li>\n<li><strong><a href=\"https:\/\/www.sciencespo.fr\/research\/cogito\/home\/how-work-became-a-revolutionary-concept\/?lang=en\" target=\"_blank\" rel=\"noopener noreferrer\">How Work Became a Revolutionary Concept<\/a><\/strong><br \/>\n<em>by Samuel Hayat, Centre for Political Research (CEVIPOF) <\/em><\/li>\n<li><strong><a href=\"https:\/\/www.sciencespo.fr\/research\/cogito\/home\/forestry-work-a-key-to-fighting-global-warming\/?lang=en\" target=\"_blank\" rel=\"noopener noreferrer\">Forestry Work: a Key to Fighting Global Warming?<\/a><\/strong><br \/>\n<em>by Charlotte Glinel, Center for the Sociology of Organisations (CSO)<br \/>\n<\/em><\/li>\n<li><strong><a href=\"https:\/\/www.sciencespo.fr\/research\/cogito\/home\/welfare-and-reciprocity-should-we-really-feed-the-surfers\/?lang=en\" target=\"_blank\" rel=\"noopener noreferrer\">Welfare and Reciprocity: Should We (Really) Feed the Surfers?<\/a><\/strong><br \/>\n<em>by Guillaume All\u00e8gre, Observatoire fran\u00e7ais des conjonctures \u00e9conomiques(OFCE) <\/em><\/li>\n<li><strong><a href=\"https:\/\/www.sciencespo.fr\/research\/cogito\/home\/are-elected-officials-compensated-for-working\/?lang=en\" target=\"_blank\" rel=\"noopener noreferrer\">Are Elected Officials Compensated for Working? ?<\/a><\/strong><br \/>\n<em>by Didier Demazi\u00e8re, Center for the Sociology of Organisations (CSO)<\/em><\/li>\n<li><a href=\"https:\/\/www.sciencespo.fr\/research\/cogito\/home\/wage-inequality-the-price-of-motherhood\/?lang=en\" target=\"_blank\" rel=\"noopener noreferrer\"><strong>Wage Inequality: the Price of Motherhood<\/strong><\/a><br \/>\n<em>by Marta-Dominguez Folgueras, Observatoire sociologique du changement (OSC) <\/em><\/li>\n<li><strong><a href=\"https:\/\/www.sciencespo.fr\/research\/cogito\/home\/higher-education-graduatess-decreasing-returns-to-experience\/?lang=en\" target=\"_blank\" rel=\"noopener noreferrer\">Higher Education Graduates\u2019s Decreasing Returns to Experience<\/a><\/strong><br \/>\n<em>by Pauline Corblet, Department of Economics <\/em><\/li>\n<li><strong><a href=\"https:\/\/www.sciencespo.fr\/research\/cogito\/home\/dying-at-work-industrial-society-and-the-relationship-to-risk\/?lang=en\" target=\"_blank\" rel=\"noopener noreferrer\">Dying at Work? Industrial Society and the Relationship to Risk<\/a><\/strong><br \/>\n<em>by Marion Fontaine, Centre for History\u00a0 (CHSP)<\/em><\/li>\n<li>\n<p class=\"entry-title\"><a href=\"https:\/\/www.sciencespo.fr\/research\/cogito\/home\/directory-of-researchers-analyzisng-labour\/?lang=en\">Directory of Researchers Analysing Labour<\/a><\/p>\n<\/li>\n<\/ul>\n<\/li>\n<\/ul>\n<h1>All Articles Related to Work<\/h1>\n<ul>\n<li style=\"list-style-type: none;\">\n<ul>\n<li><a href=\"https:\/\/www.sciencespo.fr\/research\/cogito\/home\/doping-for-work\/?lang=en\" target=\"_blank\" rel=\"noopener noreferrer\">Doping for Work<\/a> by Renaud Crespin, Center for the Sociology of Organisations (CSO), 2021<\/li>\n<li><a href=\"https:\/\/www.sciencespo.fr\/research\/cogito\/home\/the-new-spirit-of-neoliberalism-equality-and-economic-prosperity\/?lang=en\" target=\"_blank\" rel=\"noopener noreferrer\">The New Spirit of Neoliberalism: Equality and Economic Prosperity<\/a> by H\u00e9l\u00e8ne P\u00e9rivier, Observatoire fran\u00e7ais des conjonctures \u00e9conomiques (OFCE) &#8211; PRESAGE, and R\u00e9jane S\u00e9nac, Observatoire sociologique du changement, 2020<\/li>\n<li><a href=\"https:\/\/www.sciencespo.fr\/research\/cogito\/home\/migration-wages-and-unemployment\/?lang=en\" target=\"_blank\" rel=\"noopener noreferrer\">Migration, Wages and (un)Employment<\/a> by H\u00e9l\u00e8ne Thiollet, Center for Internanational Studies (CERI) and Florian Oswald, Deparment of Economics, 2020<\/li>\n<li><a href=\"https:\/\/www.sciencespo.fr\/research\/cogito\/home\/migrant-labor-policies-serving-production-systems\/?lang=en\" target=\"_blank\" rel=\"noopener noreferrer\">Migrant Labor: Policies Serving Production Systems<\/a> by Lucas Puygrenier, Center for Internanational Studies (CERI), 2020<\/li>\n<li><a href=\"https:\/\/www.sciencespo.fr\/research\/cogito\/home\/work-and-disability-ending-exclusions\/?lang=en\" target=\"_blank\" rel=\"noopener noreferrer\">Work and Disability: Ending Exclusions<\/a>, by Anne Revillard, Observatoire sociologique du changement (OSC), 2019<\/li>\n<li><a href=\"https:\/\/www.sciencespo.fr\/research\/cogito\/home\/are-domestics-back\/?lang=en\" target=\"_blank\" rel=\"noopener noreferrer\">Are Domestics Back?<\/a> by Nathalie Morel, Center for European Studies and Comparative Politics(CEE), 2019<\/li>\n<li><a href=\"https:\/\/www.sciencespo.fr\/research\/cogito\/home\/what-remains-of-the-workers-internationals\/?lang=en\" target=\"_blank\" rel=\"noopener noreferrer\">What Remains of the Workers\u2019 Internationals?<\/a>\u00a0 by Nicola Delalande, Centre for History (CHSP), 2019<\/li>\n<li><a href=\"https:\/\/www.sciencespo.fr\/research\/cogito\/home\/from-unemployment-to-part-time-work\/?lang=en\" target=\"_blank\" rel=\"noopener noreferrer\">From Unemployment to Part-Time Work<\/a>, by Hadrien Clouet, Center for the Sociology of Organisations(CSO), 2019<\/li>\n<li><a href=\"https:\/\/www.sciencespo.fr\/research\/cogito\/home\/the-political-consequences-of-technological-change\/?lang=en\" target=\"_blank\" rel=\"noopener noreferrer\">The Political Consequences of Technological Change<\/a>, by Bruno Palier, Centre d\u2019\u00e9tudes europ\u00e9ennes et de politique compar\u00e9e (CEE), 2019<\/li>\n<li><a href=\"https:\/\/www.sciencespo.fr\/research\/cogito\/home\/labor-regulations-under-stress\/?lang=en\" target=\"_blank\" rel=\"noopener noreferrer\">Labor Regulations Under Stress<\/a> by J\u00e9r\u00f4me P\u00e9lisse, Center for the Sociology of Organisations (CSO),\u00a0 2018<\/li>\n<li><a href=\"https:\/\/www.sciencespo.fr\/research\/cogito\/home\/is-it-useful-to-work-on-sundays\/?lang=en\" target=\"_blank\" rel=\"noopener noreferrer\">Is it Useful to Work on Sundays?<\/a> by Laurent Lesnard, Observatoire sociologique du changement (OSC), 2018<\/li>\n<li><a href=\"https:\/\/www.sciencespo.fr\/research\/cogito\/home\/the-effects-of-economic-conditions-on-the-sorting-of-jobs-and-workers\/?lang=en\" target=\"_blank\" rel=\"noopener noreferrer\">The Effects of Economic Conditions on the Sorting of Jobs and Workers<\/a>, by Jean-Marc\u00a0 Robin, Deparment of Economics, 2018<\/li>\n<li><a href=\"https:\/\/www.sciencespo.fr\/research\/cogito\/home\/you-better-move-on\/?lang=en\" target=\"_blank\" rel=\"noopener noreferrer\">You Better Move On!<\/a>\u00a0 by Carlo Barone and Ettore Recchi, Observatoire sociologique du changement (OSC), 2018<\/li>\n<li><a href=\"https:\/\/www.sciencespo.fr\/research\/cogito\/home\/les-transformations-du-travail-et-par-le-travail\/\" target=\"_blank\" rel=\"noopener noreferrer\">Creating Illusion. Spotlight on the Production Designers<\/a>\u00a0 by Gwena\u00eble Rot, Center for the Sociology of Organisations(CSO), 2018<\/li>\n<li><a href=\"https:\/\/www.sciencespo.fr\/research\/cogito\/home\/jobs-at-risk-from-technology-when-supervising-machines-is-work-in-its-own-right\/?lang=en\" target=\"_blank\" rel=\"noopener noreferrer\">Jobs at Risk From Technology : When Supervising Machines is Work in its Own Right<\/a> by Gwena\u00eble Rot, Center for the Sociology of Organisations (CSO), 2017<\/li>\n<li><a href=\"https:\/\/www.sciencespo.fr\/research\/cogito\/home\/ambiguous-social-rights\/?lang=en\">Ambiguous Social Rights<\/a> by Paul-Andr\u00e9 Rosental, Centre d\u2019histoire (CHSP), 2016<\/li>\n<li><a href=\"https:\/\/www.sciencespo.fr\/research\/cogito\/home\/is-the-competitiveness-and-employment-tax-credit-effective\/?lang=en\">Is the Competitiveness and Employment Tax Credit Effective?<\/a> &#8211; Collective work, LIEPP, 2016<\/li>\n<li><a href=\"https:\/\/www.sciencespo.fr\/research\/cogito\/home\/to-be-represented-at-the-ilo\/?lang=en\">To be Represented at the International Labour Organisation<\/a> by Marieke Louis, Centre de Recherches Internationales (CERI), 2016<\/li>\n<\/ul>\n<\/li>\n<\/ul>\n<p>&nbsp;<\/p>\n","protected":false},"excerpt":{"rendered":"<p>This issue explores the links between work and political life, related public policies, wage and career inequalities, universal income prospects, and the evolution of professions<span class=\"excerpt-hellip\"> [\u2026]<\/span><\/p>\n","protected":false},"author":3,"featured_media":0,"parent":0,"menu_order":0,"comment_status":"closed","ping_status":"closed","template":"","meta":{"footnotes":""},"_links":{"self":[{"href":"https:\/\/www.sciencespo.fr\/research\/cogito\/home\/wp-json\/wp\/v2\/pages\/13423\/?lang=en"}],"collection":[{"href":"https:\/\/www.sciencespo.fr\/research\/cogito\/home\/wp-json\/wp\/v2\/pages\/?lang=en"}],"about":[{"href":"https:\/\/www.sciencespo.fr\/research\/cogito\/home\/wp-json\/wp\/v2\/types\/page\/?lang=en"}],"author":[{"embeddable":true,"href":"https:\/\/www.sciencespo.fr\/research\/cogito\/home\/wp-json\/wp\/v2\/users\/3\/?lang=en"}],"replies":[{"embeddable":true,"href":"https:\/\/www.sciencespo.fr\/research\/cogito\/home\/wp-json\/wp\/v2\/comments\/?lang=en&post=13423"}],"version-history":[{"count":11,"href":"https:\/\/www.sciencespo.fr\/research\/cogito\/home\/wp-json\/wp\/v2\/pages\/13423\/revisions\/?lang=en"}],"predecessor-version":[{"id":13515,"href":"https:\/\/www.sciencespo.fr\/research\/cogito\/home\/wp-json\/wp\/v2\/pages\/13423\/revisions\/13515\/?lang=en"}],"wp:attachment":[{"href":"https:\/\/www.sciencespo.fr\/research\/cogito\/home\/wp-json\/wp\/v2\/media\/?lang=en&parent=13423"}],"curies":[{"name":"wp","href":"https:\/\/api.w.org\/{rel}","templated":true}]}}