{"id":13321,"date":"2022-05-30T10:50:54","date_gmt":"2022-05-30T08:50:54","guid":{"rendered":"https:\/\/www.sciencespo.fr\/research\/cogito\/home\/?page_id=13321"},"modified":"2022-06-14T15:28:10","modified_gmt":"2022-06-14T13:28:10","slug":"les-analyses-du-travail-sur-cogito","status":"publish","type":"page","link":"https:\/\/www.sciencespo.fr\/research\/cogito\/home\/les-analyses-du-travail-sur-cogito\/","title":{"rendered":"Les analyses du travail sur Cogito"},"content":{"rendered":"<p>Dans ce dossier sont explor\u00e9s les liens entre le travail et la vie politique, les politiques publiques qui lui sont consacr\u00e9es, les in\u00e9galit\u00e9s de salaires et des trajectoires professionnelles, le revenu universel et l&rsquo;\u00e9volution de m\u00e9tiers en prise directe avec des d\u00e9fis plus globaux tels que la sant\u00e9 et le r\u00e9chauffement climatique. La vari\u00e9t\u00e9 de ces approches refl\u00e8te l&rsquo;importance des travaux consacr\u00e9s au travail \u00e0 Sciences Po dans toutes les disciplines. Bonnes lectures !<\/p>\n<h1>Le dossier<\/h1>\n<ul>\n<li style=\"list-style-type: none;\">\n<ul>\n<li><strong><a href=\"https:\/\/www.sciencespo.fr\/research\/cogito\/home\/les-transformations-du-travail-et-par-le-travail\/\" target=\"_blank\" rel=\"noopener noreferrer\">Les mutations du travail et par le travail<\/a><\/strong><em><br \/>\npar Henri Bergeron et Gwena\u00eble Rot, Centre de sociologie des organisations (CSO)<br \/>\n<\/em><\/li>\n<li><strong><a href=\"https:\/\/www.sciencespo.fr\/research\/cogito\/home\/comment-le-travail-est-devenu-un-concept-revolutionnaire\/\" target=\"_blank\" rel=\"noopener noreferrer\">Comment le travail est devenu un concept r\u00e9volutionnaire<\/a><\/strong><br \/>\n<em>par Samuel Hayat, Centre de recherches politiques (CEVIPOF) <\/em><\/li>\n<li><strong><a href=\"https:\/\/www.sciencespo.fr\/research\/cogito\/home\/travail-forestier-et-rechauffement-climatique\/\" target=\"_blank\" rel=\"noopener noreferrer\">Travail forestier et r\u00e9chauffement climatique<\/a><\/strong><br \/>\n<em>par Charlotte Glinel, Centre de sociologie des organisations (CSO)<br \/>\n<\/em><\/li>\n<li><strong><a href=\"https:\/\/www.sciencespo.fr\/research\/cogito\/home\/aide-sociale-et-reciprocite-faut-il-vraiment-nourrir-les-surfeurs\/\" target=\"_blank\" rel=\"noopener noreferrer\">Aide sociale et r\u00e9ciprocit\u00e9 : faut-il (vraiment) nourrir les surfeurs ?<\/a><\/strong><br \/>\n<em>par Guillaume All\u00e8gre, Observatoire fran\u00e7ais des conjonctures \u00e9conomiques(OFCE) <\/em><\/li>\n<li><strong><a href=\"https:\/\/www.sciencespo.fr\/research\/cogito\/home\/les-elus-sont-ils-indemnises-pour-travailler\/\" target=\"_blank\" rel=\"noopener noreferrer\">Les \u00e9lus sont-ils indemnis\u00e9s pour travailler ?<\/a><\/strong><br \/>\n<em>par Didier Demazi\u00e8re, Centre de sociologie des organisations (CSO)<\/em><\/li>\n<li><a href=\"https:\/\/www.sciencespo.fr\/research\/cogito\/home\/inegalites-salariales-le-prix-de-la-maternite\/\" target=\"_blank\" rel=\"noopener noreferrer\"><strong>In\u00e9galit\u00e9s salariales : le prix de la maternit\u00e9<\/strong><\/a><br \/>\n<em>par Marta-Dominguez Folgueras, Observatoire sociologique du changement (OSC) <\/em><\/li>\n<li><strong><a href=\"https:\/\/www.sciencespo.fr\/research\/cogito\/home\/diplomes-du-superieur-une-evolution-salariale-ralentie\/\" target=\"_blank\" rel=\"noopener noreferrer\">Dipl\u00f4m\u00e9s du sup\u00e9rieur : une \u00e9volution salariale ralentie<\/a><\/strong><br \/>\n<em>par Pauline Corblet, D\u00e9partement d&rsquo;\u00e9conomie <\/em><\/li>\n<li><strong><a href=\"https:\/\/www.sciencespo.fr\/research\/cogito\/home\/mourir-au-travail-societe-industrielle-et-rapport-au-risque\/\" target=\"_blank\" rel=\"noopener noreferrer\">Mourir au travail ? Soci\u00e9t\u00e9 industrielle et rapport au risque<\/a><\/strong><br \/>\n<em>par Marion Fontaine , Centre d\u2019histoire (CHSP)<\/em><\/li>\n<li class=\"entry-title\"><a href=\"https:\/\/www.sciencespo.fr\/research\/cogito\/home\/annuaire-des-chercheur-e-s-analysant-le-travail\/\" target=\"_blank\" rel=\"noopener noreferrer\">Annuaire des chercheur.e.s analysant le travail<\/a><\/li>\n<\/ul>\n<\/li>\n<\/ul>\n<h1>Tous les articles<\/h1>\n<ul>\n<li style=\"list-style-type: none;\">\n<ul>\n<li><a href=\"https:\/\/www.sciencespo.fr\/research\/cogito\/home\/se-doper-pour-travailler\/\">Se doper pour travailler<\/a> par Renaud Crespin, Centre de sociologie des organisations (CSO), 2021<\/li>\n<li><a href=\"https:\/\/www.sciencespo.fr\/research\/cogito\/home\/le-nouvel-esprit-du-neoliberalisme-egalite-et-prosperite-economique\/\">Le nouvel esprit du n\u00e9olib\u00e9ralisme : \u00e9galit\u00e9 et prosp\u00e9rit\u00e9 \u00e9conomique<\/a> par H\u00e9l\u00e8ne P\u00e9rivier, Observatoire fran\u00e7ais des conjonctures \u00e9conomiques (OFCE) &#8211; PRESAGE, 2020 et R\u00e9jane S\u00e9nac, Observatoire sociologique du changement, 2020<\/li>\n<li><a href=\"https:\/\/www.sciencespo.fr\/research\/cogito\/home\/migration-salaire-et-emploi-un-apercu-de-la-recherche\/\">Migration, salaire et emploi : un aper\u00e7u de la recherche<\/a>, par H\u00e9l\u00e8ne Thiollet, Centre de Recherches Internationales (CERI) et Florian Oswald, D\u00e9partement d\u2019\u00e9conomie, 2020<\/li>\n<li><a href=\"https:\/\/www.sciencespo.fr\/research\/cogito\/home\/travail-des-migrants-des-politiques-au-service-des-regimes-de-production\/\">Travail des migrants : des politiques au service des r\u00e9gimes de production<\/a> &#8211; par Lucas Puygrenier, Centre de Recherches Internationales (CERI), 2020<\/li>\n<li><a href=\"https:\/\/www.sciencespo.fr\/research\/cogito\/home\/travail-et-handicap-mettre-fin-aux-exclusions\/\">Travail et handicap : mettre fin aux exclusions<\/a>, par Anne Revillard, Observatoire sociologique du changement (OSC), 2019<\/li>\n<li><a href=\"https:\/\/www.sciencespo.fr\/research\/cogito\/home\/le-retour-des-domestiques\/\">Le retour des domestiques ?<\/a>, par Nathalie Morel, Centre d\u2019\u00e9tudes europ\u00e9ennes et de politique compar\u00e9e (CEE), 2019<\/li>\n<li><a href=\"https:\/\/www.sciencespo.fr\/research\/cogito\/home\/que-reste-t-il-des-internationales-ouvrieres\/\">Que reste-t-il des internationales ouvri\u00e8res ?<\/a>,\u00a0 par Nicola Delalande, Centre d\u2019histoire (CHSP), 2019<\/li>\n<li><a href=\"https:\/\/www.sciencespo.fr\/research\/cogito\/home\/du-chomage-au-temps-partiel\/\">Du ch\u00f4mage au temps partiel<\/a>, par Hadrien Clouet, Centre de sociologie des organisations (CSO), 2019<\/li>\n<li><a href=\"https:\/\/www.sciencespo.fr\/research\/cogito\/home\/les-consequences-politiques-du-changement-technologique\/\">Les cons\u00e9quences politiques du changement technologique<\/a>, par Bruno Palier, Centre d\u2019\u00e9tudes europ\u00e9ennes et de politique compar\u00e9e (CEE), 2019<\/li>\n<li><a href=\"https:\/\/www.sciencespo.fr\/research\/cogito\/home\/des-regulations-du-travail-sous-tensions\/\">Des r\u00e9gulations du travail sous tensions<\/a> par J\u00e9r\u00f4me P\u00e9lisse, Centre de sociologie des organisations (CSO),\u00a0 2018<\/li>\n<li><a href=\"https:\/\/www.sciencespo.fr\/research\/cogito\/home\/travailler-le-dimanche-est-il-utile\/\">Travailler le dimanche est-il utile ?<\/a> par Laurent Lesnard, Observatoire sociologique du changement (OSC), 2018<\/li>\n<li><a href=\"https:\/\/www.sciencespo.fr\/research\/cogito\/home\/les-effets-de-la-conjoncture-sur-les-appariements-entre-emplois-et-employes\/\">Les effets de la conjoncture sur les appariements entre emplois et employ\u00e9s<\/a>, par Jean-Marc\u00a0 Robin, D\u00e9partement d\u2019\u00e9conomie, 2018<\/li>\n<li><a href=\"https:\/\/www.sciencespo.fr\/research\/cogito\/home\/vous-feriez-mieux-de-partir\/\">Vous feriez mieux de partir !<\/a>\u00a0 par Carlo Barone et Ettore Recchi, Observatoire sociologique du changement (OSC), 2018<\/li>\n<li><a href=\"https:\/\/www.sciencespo.fr\/research\/cogito\/home\/la-fabrique-de-lillusion-coup-de-projecteur-sur-les-chefs-decorateurs-de-cinema\/\">La fabrique de l\u2019illusion. Coup de projecteur sur les chefs d\u00e9corateurs de cin\u00e9ma<\/a> \u00a0 par Gwena\u00eble Rot, Centre de sociologie des organisations (CSO), 2018<\/li>\n<li><a href=\"https:\/\/www.sciencespo.fr\/research\/cogito\/home\/quand-surveiller-les-machines-est-un-travail-a-part-entiere\/\">Quand surveiller les machines est un travail \u00e0 part enti\u00e8re<\/a> par Gwena\u00eble Rot, Centre de sociologie des organisations (CSO), 2017<\/li>\n<li><a href=\"https:\/\/www.sciencespo.fr\/research\/cogito\/home\/des-droits-sociaux-ambivalents\/\">Des droits sociaux ambivalents<\/a> par Paul-Andr\u00e9 Rosental, Centre d\u2019histoire (CHSP), 2016<\/li>\n<li><a href=\"https:\/\/www.sciencespo.fr\/research\/cogito\/home\/le-credit-dimpot-pour-la-competitivite-et-lemploi-est-il-efficace\/\">Le Cr\u00e9dit d\u2019imp\u00f4t pour la comp\u00e9titivit\u00e9 et l\u2019emploi est-il efficace ?<\/a> &#8211; Collectif, LIEPP, 2016<\/li>\n<li><a href=\"https:\/\/www.sciencespo.fr\/research\/cogito\/home\/etre-mieux-representes-au-sein-de-lorganisation-internationale-du-travail\/\">\u00catre repr\u00e9sent\u00e9s \u00e0 l\u2019Organisation internationale du travail<\/a>\u00a0 par Marieke Louis, Centre de Recherches Internationales (CERI), 2016<\/li>\n<\/ul>\n<\/li>\n<\/ul>\n<p>&nbsp;<\/p>\n","protected":false},"excerpt":{"rendered":"<p>Dans ce dossier sont explor\u00e9s les liens entre le travail et la vie politique, les politiques publiques qui lui sont consacr\u00e9es, les in\u00e9galit\u00e9s de salaires<span class=\"excerpt-hellip\"> [\u2026]<\/span><\/p>\n","protected":false},"author":3,"featured_media":0,"parent":0,"menu_order":0,"comment_status":"closed","ping_status":"closed","template":"","meta":{"footnotes":""},"_links":{"self":[{"href":"https:\/\/www.sciencespo.fr\/research\/cogito\/home\/wp-json\/wp\/v2\/pages\/13321"}],"collection":[{"href":"https:\/\/www.sciencespo.fr\/research\/cogito\/home\/wp-json\/wp\/v2\/pages"}],"about":[{"href":"https:\/\/www.sciencespo.fr\/research\/cogito\/home\/wp-json\/wp\/v2\/types\/page"}],"author":[{"embeddable":true,"href":"https:\/\/www.sciencespo.fr\/research\/cogito\/home\/wp-json\/wp\/v2\/users\/3"}],"replies":[{"embeddable":true,"href":"https:\/\/www.sciencespo.fr\/research\/cogito\/home\/wp-json\/wp\/v2\/comments?post=13321"}],"version-history":[{"count":11,"href":"https:\/\/www.sciencespo.fr\/research\/cogito\/home\/wp-json\/wp\/v2\/pages\/13321\/revisions"}],"predecessor-version":[{"id":13499,"href":"https:\/\/www.sciencespo.fr\/research\/cogito\/home\/wp-json\/wp\/v2\/pages\/13321\/revisions\/13499"}],"wp:attachment":[{"href":"https:\/\/www.sciencespo.fr\/research\/cogito\/home\/wp-json\/wp\/v2\/media?parent=13321"}],"curies":[{"name":"wp","href":"https:\/\/api.w.org\/{rel}","templated":true}]}}