{"id":1235,"date":"2016-06-20T20:32:51","date_gmt":"2016-06-20T20:32:51","guid":{"rendered":"http:\/\/www.sciencespo.fr\/research\/cogito\/home\/?page_id=1235"},"modified":"2024-10-23T17:35:49","modified_gmt":"2024-10-23T15:35:49","slug":"a-propos-de-cogito","status":"publish","type":"page","link":"https:\/\/www.sciencespo.fr\/research\/cogito\/home\/a-propos-de-cogito\/","title":{"rendered":"\u00c0 propos de Cogito"},"content":{"rendered":"<h2>Le comit\u00e9 \u00e9ditorial<\/h2>\n<h4 style=\"padding-left: 30px;\">\u00c9ditrice<\/h4>\n<ul>\n<li>H\u00e9l\u00e8ne Naudet, directrice adjointe en charge de la recherche, direction de la communication de Sciences Po.<\/li>\n<\/ul>\n<h4 style=\"padding-left: 30px;\">Membres du comit\u00e9<\/h4>\n<ul>\n<li>\u00c0 tour de r\u00f4le, trois repr\u00e9sentants de laboratoire de recherche participent au comit\u00e9 \u00e9ditorial de chaque num\u00e9ro.<\/li>\n<\/ul>\n<h2>Mentions l\u00e9gales<\/h2>\n<p>Le contenu de ce site internet est mis \u00e0 disposition par :<\/p>\n<div>\n<p>Sciences Po<br \/>\n27, rue Saint-Guillaume<br \/>\n75337 Paris Cedex 07<br \/>\nTel. : 01 45 49 50 50<br \/>\nFax. : 01 42 22 31 26<\/p>\n<p>Contact : <a href=\"mailto:helene.naudet@sciencespo.fr\">helene.naudet-at-sciencespo.fr<\/a><\/p>\n<h3>H\u00e9bergement<\/h3>\n<p>Ce site internet est h\u00e9berg\u00e9 par la Fondation Nationale des Sciences Politiques (FNSP),<br \/>\nSciences Po &#8211; Direction des Syst\u00e8mes d&rsquo;Information<br \/>\nCode APE : 803Z<br \/>\n27, rue saint Guillaume<br \/>\n75337 Paris cedex 07<\/p>\n<h3>Propri\u00e9t\u00e9 industrielle et intellectuelle<\/h3>\n<p>Toutes les informations reproduites dans ce site web (textes, logos&#8230;) sont prot\u00e9g\u00e9es par des droits de propri\u00e9t\u00e9 intellectuelle d\u00e9tenus par Sciences Po, par ses partenaires.<br \/>\nLes photographies ne peuvent pas \u00eatre r\u00e9utilis\u00e9es sans l\u2019autorisation de leurs auteurs mentionn\u00e9s dans les copyrights.<br \/>\nPar cons\u00e9quent, aucune de ces informations ne peut \u00eatre reproduite, modifi\u00e9e, rediffus\u00e9e, traduite, exploit\u00e9e commercialement ou r\u00e9utilis\u00e9e de quelque mani\u00e8re que ce soit sans l&rsquo;accord pr\u00e9alable et \u00e9crit de Sciences Po.<br \/>\nLe titre, la conception, la forme du site Cogito mais aussi son contenu tels que les actualit\u00e9s, descriptions, illustrations et images originales et leur organisation, ainsi que toute compilation de logiciels, code source fondamental et autres \u00e9l\u00e9ments contenus sur le site Cogito sont la propri\u00e9t\u00e9 de Sciences Po .<\/p>\n<h3>Les liens hypertextes<\/h3>\n<p>Nos pages web proposent \u00e9galement des liens vers d&rsquo;autres sites pour lesquels nous ne sommes responsables ni de leur int\u00e9gral respect aux normes d&rsquo;ordre public et bonnes m\u0153urs, d&rsquo;une part, ni de leur politique de protection des donn\u00e9es personnelles ou d&rsquo;utilisation qui en seraient faites, d&rsquo;autre part.<br \/>\nEn acc\u00e9dant \u00e0 un autre site, par l&rsquo;interm\u00e9diaire d&rsquo;un lien hypertexte, vous acceptez que cet acc\u00e8s s&rsquo;effectue \u00e0 vos risques et p\u00e9rils. En cons\u00e9quence, tout pr\u00e9judice direct ou indirect r\u00e9sultant de votre acc\u00e8s \u00e0 un autre site reli\u00e9 par un lien hypertexte ne peut engager la responsabilit\u00e9 de Sciences Po.<\/p>\n<\/div>\n","protected":false},"excerpt":{"rendered":"<p>Le comit\u00e9 \u00e9ditorial \u00c9ditrice H\u00e9l\u00e8ne Naudet, directrice adjointe en charge de la recherche, direction de la communication de Sciences Po. Membres du comit\u00e9 \u00c0 tour<span class=\"excerpt-hellip\"> [\u2026]<\/span><\/p>\n","protected":false},"author":3,"featured_media":0,"parent":0,"menu_order":0,"comment_status":"closed","ping_status":"closed","template":"","meta":{"footnotes":""},"_links":{"self":[{"href":"https:\/\/www.sciencespo.fr\/research\/cogito\/home\/wp-json\/wp\/v2\/pages\/1235"}],"collection":[{"href":"https:\/\/www.sciencespo.fr\/research\/cogito\/home\/wp-json\/wp\/v2\/pages"}],"about":[{"href":"https:\/\/www.sciencespo.fr\/research\/cogito\/home\/wp-json\/wp\/v2\/types\/page"}],"author":[{"embeddable":true,"href":"https:\/\/www.sciencespo.fr\/research\/cogito\/home\/wp-json\/wp\/v2\/users\/3"}],"replies":[{"embeddable":true,"href":"https:\/\/www.sciencespo.fr\/research\/cogito\/home\/wp-json\/wp\/v2\/comments?post=1235"}],"version-history":[{"count":22,"href":"https:\/\/www.sciencespo.fr\/research\/cogito\/home\/wp-json\/wp\/v2\/pages\/1235\/revisions"}],"predecessor-version":[{"id":15198,"href":"https:\/\/www.sciencespo.fr\/research\/cogito\/home\/wp-json\/wp\/v2\/pages\/1235\/revisions\/15198"}],"wp:attachment":[{"href":"https:\/\/www.sciencespo.fr\/research\/cogito\/home\/wp-json\/wp\/v2\/media?parent=1235"}],"curies":[{"name":"wp","href":"https:\/\/api.w.org\/{rel}","templated":true}]}}