{"id":3160,"date":"2025-11-24T12:38:49","date_gmt":"2025-11-24T11:38:49","guid":{"rendered":"https:\/\/www.sciencespo.fr\/research\/cities\/?page_id=3160"},"modified":"2025-11-24T12:38:51","modified_gmt":"2025-11-24T11:38:51","slug":"2025-2026-programme","status":"publish","type":"page","link":"https:\/\/www.sciencespo.fr\/research\/cities\/2025-2026-programme\/","title":{"rendered":"2025-2026 Programme"},"content":{"rendered":"\n<div class=\"wp-block-buttons is-layout-flex wp-block-buttons-is-layout-flex\">\n<div class=\"wp-block-button is-style-fill\"><a class=\"wp-block-button__link has-background wp-element-button\" href=\"https:\/\/forms.gle\/43irkFwGtMZC4HuP7\" style=\"border-radius:9px;background-color:#ec4e62\"><strong><span style=\"text-decoration: underline;\">Register here for all 12 seminars<\/span><\/strong><\/a><\/div>\n<\/div>\n\n\n\n<p><\/p>\n\n\n\n<p><strong><strong>FALL SEMESTER<\/strong><\/strong><\/p>\n\n\n\n<p>&nbsp;<\/p>\n\n\n\n<p><em><em>11 September 2025- 5-7 pm (hybrid)<\/em><\/em><\/p>\n\n\n\n<p><strong>Laurence Rocher<\/strong>, Professeure des Universit\u00e9s, Universit\u00e9 Lyon 3&nbsp;&nbsp;<\/p>\n\n\n\n<p><a href=\"https:\/\/www.sciencespo.fr\/research\/cities\/2025\/08\/28\/laurence-rocher-circularites-urbaines-du-gouvernement-extraterritorial-des-flux-residuels-11-09-2025-500pm-700pm-cest\/\">Book Presentation &#8220;Circularit\u00e9s urbaines. Du gouvernement (extra)territorial des flux r\u00e9siduels&#8221;<\/a><\/p>\n\n\n\n<p>Discussant: <strong>Marta Tramezzani<\/strong>, PhD Candidate, CEE, Sciences Po<\/p>\n\n\n\n<div style=\"height:50px\" aria-hidden=\"true\" class=\"wp-block-spacer\"><\/div>\n\n\n\n<p><em><em>2 October 2025 &#8211; 5-6:30 pm (online)<\/em><\/em><\/p>\n\n\n\n<p><strong>Ana Beraldo<\/strong> <strong>de Carvalho<\/strong>, Urban Studies Foundation International Fellow, Sciences Po<\/p>\n\n\n\n<p><a href=\"https:\/\/www.sciencespo.fr\/research\/cities\/2025\/09\/15\/ana-beraldo-managing-ordinary-life-impredictability-violence-and-solidarity-in-latin-american-urban-margins-02-10-2025-500pm-630pm-cest\/\">Managing ordinary life: (Im)predictability, Violence and Solidarity in Latin American Urban Margins<\/a><\/p>\n\n\n\n<p>Discussant: <strong>Patrick Le Gal\u00e8s<\/strong>, CNRS Research Professor, CEE, Sciences Po<\/p>\n\n\n\n<div style=\"height:50px\" aria-hidden=\"true\" class=\"wp-block-spacer\"><\/div>\n\n\n\n<p><em>16 <em>October 2025 &#8211; 5:30-7 (online)<\/em><\/em><\/p>\n\n\n\n<p><strong>Maren M. Larsen<\/strong>, Senior Lecturer, University of Basel&nbsp;&nbsp;<\/p>\n\n\n\n<p><a href=\"https:\/\/www.sciencespo.fr\/research\/cities\/2025\/10\/03\/maren-larsen-worlding-home-an-urban-ethnography-of-peacekeeping-camps-in-goma-drc-16-10-2025-530pm-700pm-cest\/\">Book Presentation \u201cWorlding Home: An Urban Ethnography of Peacekeeping Camps in Goma, DRC\u201d<\/a><\/p>\n\n\n\n<p>Discussant: <strong>Laurent Fourchard<\/strong>, Research Professor, CERI, Sciences Po<\/p>\n\n\n\n<div style=\"height:50px\" aria-hidden=\"true\" class=\"wp-block-spacer\"><\/div>\n\n\n\n<p><em><em>6 November 2025 &#8211; 5:30-7 pm (online)<\/em><\/em><\/p>\n\n\n\n<p><strong>Amani Hassani<\/strong>, Leverhulme Early Career Fellow, Brunel University London<\/p>\n\n\n\n<p><a href=\"https:\/\/www.sciencespo.fr\/research\/cities\/2025\/10\/20\/amani-hassani-navigating-colour-blind-societies-racial-governance-and-urban-erasure-in-denmarks-ghetto-policies-6-11-2025-530pm-700pm-cest\/\">Navigating Colourblind Societies: Racial Governance and Urban Erasure in Denmark\u2019s Ghetto Policies<\/a><\/p>\n\n\n\n<p>Discussant: <strong>Tommaso Vitale<\/strong>, Full Professor of Sociology, CEE, Sciences Po<\/p>\n\n\n\n<div style=\"height:50px\" aria-hidden=\"true\" class=\"wp-block-spacer\"><\/div>\n\n\n\n<p><em><em>13 November 2025 &#8211; 5-7 pm (hybrid)<\/em><\/em><\/p>\n\n\n\n<p><strong>Cl\u00e9ment Barbier<\/strong>, Professor of Sociology, LARSH, Polytechnic University of Hauts-de-France&nbsp;<\/p>\n\n\n\n<p><a href=\"https:\/\/www.sciencespo.fr\/research\/cities\/2025\/11\/03\/clement-barbier-seeking-attractiveness-large-scale-urban-renewal-projects-in-the-metropolitan-areas-of-lille-and-hamburg-13-11-2025-500pm-700pm-cet\/\">Book Presentation: \u201cEn qu\u00eate d&#8217;attractivit\u00e9. Le renouvellement urbain par grand projet dans les m\u00e9tropoles de Lille et Hambourg\u201d<\/a><\/p>\n\n\n\n<p>Discussant: <strong>C\u00e9line Gipoulon<\/strong>, Deputy Director, \u00c9cole du Renouvellement Urbain<\/p>\n\n\n\n<div style=\"height:50px\" aria-hidden=\"true\" class=\"wp-block-spacer\"><\/div>\n\n\n\n<p><em>4 December 2025 &#8211; <em>5-7 pm<\/em><\/em> (<em>hybrid<\/em>)<\/p>\n\n\n\n<p><strong>Thomas Aguilera<\/strong>, Assistant Professor of Political Science, Deputy Director of ARENES, Sciences Po Rennes<\/p>\n\n\n\n<p><strong>Francesca Artioli<\/strong>, Assistant Professor of Spatial Planning, Paris-Est Cr\u00e9teil University<\/p>\n\n\n\n<p><strong>Claire Colomb<\/strong>, Professor of Land Economy, University of Cambridge<\/p>\n\n\n\n<p><a href=\"https:\/\/www.sciencespo.fr\/research\/cities\/2025\/11\/20\/thomas-aguilera-francesa-artioli-claire-colomb-housing-under-platform-capitalism-04-12-2025-500pm-700pm-cet\/\">Book Presentation: \u201cHousing Under Platform Capitalism\u201d<\/a><\/p>\n\n\n\n<p>Discussant: <strong>Beatriz Botero Arcila, <\/strong>Assistant Professor of Law, Sciences Po Law School<\/p>\n\n\n\n<div style=\"height:50px\" aria-hidden=\"true\" class=\"wp-block-spacer\"><\/div>\n\n\n\n<hr class=\"wp-block-separator has-alpha-channel-opacity\"\/>\n\n\n\n<p><strong><strong>SPRING SEMESTER<\/strong><\/strong><\/p>\n\n\n\n<p>&nbsp;<\/p>\n\n\n\n<p><em><em>5 February 2026 &#8211; 5-7 pm (hybrid)<\/em><\/em><\/p>\n\n\n\n<p><strong>Joanie Cayouette-Rembli\u00e8re<\/strong>, Sociologist, Researcher at INED, Head of the Housing, Spatial Inequalities, and Trajectories Unit (LIST)<\/p>\n\n\n\n<p>The relational side of urban segregation<\/p>\n\n\n\n<div style=\"height:50px\" aria-hidden=\"true\" class=\"wp-block-spacer\"><\/div>\n\n\n\n<p><em>19 February 2025 &#8211; <strong>10:30-12 am<\/strong> (online)<\/em><\/p>\n\n\n\n<p><strong>Malini Sur<\/strong>, Associate Professor of Anthropology, School of Social Sciences, Western Sydney University&nbsp;&nbsp;<\/p>\n\n\n\n<p>Title TBA<\/p>\n\n\n\n<div style=\"height:50px\" aria-hidden=\"true\" class=\"wp-block-spacer\"><\/div>\n\n\n\n<p><em><em>12 March 2026 &#8211; 5-7 pm (hybrid) <\/em><\/em><\/p>\n\n\n\n<p><strong>Dominique Rivi\u00e8re<\/strong>, Professeure au D\u00e9partement de G\u00e9ographie de l\u2019Universit\u00e9 Paris Cit\u00e9&nbsp;&nbsp;<\/p>\n\n\n\n<p>Pr\u00e9sentation de l\u2019ouvrage collectif \u201cLes m\u00e9tropoles d\u2019Europe du Sud \u00e0 l\u2019\u00e9preuve des crises du XXIe si\u00e8cle\u201d<\/p>\n\n\n\n<div style=\"height:50px\" aria-hidden=\"true\" class=\"wp-block-spacer\"><\/div>\n\n\n\n<p><em><em>26 March 2026<\/em> &#8211; 5:30-7:00 pm (online)<\/em><\/p>\n\n\n\n<p><strong>Stephanie Ternullo<\/strong>, Assistant Professor of Government, Harvard University&nbsp;<\/p>\n\n\n\n<p>Suburban Blues: The Clash of Local and National Politics in America\u2019s Suburbs<\/p>\n\n\n\n<div style=\"height:50px\" aria-hidden=\"true\" class=\"wp-block-spacer\"><\/div>\n\n\n\n<p><em><em>9 April 2026 &#8211; 5-7 pm (hybrid) <\/em><\/em><\/p>\n\n\n\n<p><strong>Christian Schmid<\/strong>, Professor of Sociology, Department of Architecture, ETH Z\u00fcrich<\/p>\n\n\n\n<p>Book Presentation: \u201cHenri Lefebvre and the Production of Space&#8221;<\/p>\n\n\n\n<div style=\"height:50px\" aria-hidden=\"true\" class=\"wp-block-spacer\"><\/div>\n\n\n\n<p><em><em>30 April 2026 &#8211; 5:30-7:00 pm (online)<\/em><\/em><\/p>\n\n\n\n<p><strong>Michael Albertus<\/strong>, Professor of Political Science, University of Chicago<\/p>\n\n\n\n<p>Book Presentation: \u201cLand Power: Who Has It, Who Doesn\u2019t, and How That Determines the Fate of Societies&#8221;<\/p>\n\n\n\n<p>&nbsp;<\/p>\n\n\n\n<p><\/p>\n\n\n\n<p><\/p>\n\n\n\n<p><\/p>\n","protected":false},"excerpt":{"rendered":"<p>FALL SEMESTER &nbsp; 11 September 2025- 5-7 pm (hybrid) Laurence Rocher, Professeure des Universit\u00e9s, Universit\u00e9 Lyon 3&nbsp;&nbsp; Book Presentation &#8220;Circularit\u00e9s urbaines. Du gouvernement (extra)territorial des flux r\u00e9siduels&#8221; Discussant: Marta Tramezzani, PhD Candidate, CEE, Sciences Po 2 October 2025 &#8211; 5-6:30 pm (online) Ana Beraldo de Carvalho, Urban Studies Foundation International Fellow, Sciences Po Managing ordinary life: (Im)predictability, Violence and Solidarity in Latin American Urban Margins Discussant: Patrick Le Gal\u00e8s, CNRS Research Professor, CEE, Sciences Po 16 October 2025 &#8211; 5:30-7 (online) Maren M. Larsen, Senior Lecturer, University of Basel&nbsp;&nbsp; Book Presentation \u201cWorlding Home: An Urban Ethnography of Peacekeeping Camps in<span class=\"excerpt-hellip\"> [\u2026]<\/span><\/p>\n","protected":false},"author":8,"featured_media":0,"parent":0,"menu_order":4,"comment_status":"closed","ping_status":"closed","template":"","meta":{"footnotes":""},"_links":{"self":[{"href":"https:\/\/www.sciencespo.fr\/research\/cities\/wp-json\/wp\/v2\/pages\/3160"}],"collection":[{"href":"https:\/\/www.sciencespo.fr\/research\/cities\/wp-json\/wp\/v2\/pages"}],"about":[{"href":"https:\/\/www.sciencespo.fr\/research\/cities\/wp-json\/wp\/v2\/types\/page"}],"author":[{"embeddable":true,"href":"https:\/\/www.sciencespo.fr\/research\/cities\/wp-json\/wp\/v2\/users\/8"}],"replies":[{"embeddable":true,"href":"https:\/\/www.sciencespo.fr\/research\/cities\/wp-json\/wp\/v2\/comments?post=3160"}],"version-history":[{"count":1,"href":"https:\/\/www.sciencespo.fr\/research\/cities\/wp-json\/wp\/v2\/pages\/3160\/revisions"}],"predecessor-version":[{"id":3162,"href":"https:\/\/www.sciencespo.fr\/research\/cities\/wp-json\/wp\/v2\/pages\/3160\/revisions\/3162"}],"wp:attachment":[{"href":"https:\/\/www.sciencespo.fr\/research\/cities\/wp-json\/wp\/v2\/media?parent=3160"}],"curies":[{"name":"wp","href":"https:\/\/api.w.org\/{rel}","templated":true}]}}