{"id":2,"date":"2019-12-18T14:17:43","date_gmt":"2019-12-18T14:17:43","guid":{"rendered":"https:\/\/www.sciencespo.fr\/ceri\/plurispace\/?page_id=2"},"modified":"2020-03-27T15:54:11","modified_gmt":"2020-03-27T14:54:11","slug":"project","status":"publish","type":"page","link":"https:\/\/www.sciencespo.fr\/ceri\/plurispace\/project\/","title":{"rendered":"The project"},"content":{"rendered":"<p><strong><span style=\"color: #e6142d;\">The Project<\/span><\/strong><br \/>\nThe question of diversity and integration has occupied public debates, political agendas and social sciences for decades. In Europe, it refers to the settlement of populations who migrated in the 1960s, along with the expression and organization of collective identities; claims for participation\/representation and recognition; the role of religion in public space; and the increasing influence of transnational politics.<\/p>\n<p>To better grasp the complexity and multiplicity of European public spaces, PLURISPACE builds on four policy and theoretical approaches to diversity management and understanding of public space: multiculturalism, interculturalism, transnationalism, and cosmopolitanism. Each approach has its own political and normative conception of public space, diversity, equality, and solidarity<\/p>\n<p>PLURISPACE proposes to mobilize these four theoretical perspectives, with a view to contributing to the development of a new normative approach to integration and diversity management in different European countries. Based on empirical studies on the perception of these four approaches by both, actors involved in the organization of ethno-religious groups and local actors, this project will allow us to clarify the relations between these multiple visions of integration in the European public space.<\/p>\n<p>Beyond the borders of the European Union, PLURISPACE includes in its research Norway (a non-EU Member State), Great Britain (a new category of ex-Member State) and the transnational dimension which includes certain migrant-sending countries with active diaspora engagement politics.<\/p>\n<div id=\"fr\"><strong><span style=\"color: #e6142d;\">Le Projet<\/span><\/strong><\/div>\n<p>La question de la diversit\u00e9 et de l\u2019int\u00e9gration occupe les d\u00e9bats publics, les agendas politiques et les sciences sociales depuis des d\u00e9cennies. En Europe, elle renvoie \u00e0 l\u2019installation des populations issues de l\u2019immigration des ann\u00e9es 1960, \u00e0 leur mode d\u2019organisation, \u00e0 l\u2019expression des identit\u00e9s collectives, aux revendications de reconnaissance et de repr\u00e9sentation, au r\u00f4le de la religion dans l\u2019espace public et \u00e0 l\u2019influence croissante des solidarit\u00e9s transnationales.<\/p>\n<p>Pour mieux cerner la complexit\u00e9 et la multiplicit\u00e9 des espaces publics europ\u00e9ens, PLURISPACE s\u2019appuie sur quatre approches th\u00e9oriques qui portent sur la gestion de la diversit\u00e9\u00a0: le multiculturalisme, l\u2019interculturalisme, le transnationalisme et le cosmopolitisme. Chacune d\u2019elles a une vision politique et normative de l\u2019espace public ainsi que de la diversit\u00e9, de la citoyennet\u00e9, de l\u2019\u00e9galit\u00e9 et de la solidarit\u00e9. La plupart des \u00e9tudes sur l\u2019int\u00e9gration se sont content\u00e9es d\u2019une seule approche th\u00e9orique et ont donn\u00e9 lieu \u00e0 des interpr\u00e9tations contest\u00e9es et des \u00e0 d\u00e9bats controvers\u00e9s quant \u00e0 la d\u00e9finition d\u2019un espace public d\u00e9mocratique. Aucune \u00e9tude n\u2019a compar\u00e9 ou oppos\u00e9 ces quatre concepts. PLURISPACE propose pr\u00e9cis\u00e9ment de prendre en consid\u00e9ration ces quatre perspectives ayant comme objectif de contribuer \u00e0 d\u00e9finir une nouvelle th\u00e9orie normative de l\u2019int\u00e9gration et de la gestion de la diversit\u00e9 dans diff\u00e9rents pays europ\u00e9ens. A partir d\u2019\u00e9tudes empiriques sur la perception de ces quatre approches par des acteurs \u00e0 la fois impliqu\u00e9s dans l\u2019organisation des groupes ethno-religieux et des acteurs locaux, ce projet nous permettra de clarifier les relations entre ces multiples visions de l\u2019int\u00e9gration dans l\u2019espace public europ\u00e9en.<\/p>\n<p>Au-del\u00e0 des fronti\u00e8res de la seule Union europ\u00e9enne, PLURISPACE inclut dans la recherche la Norv\u00e8ge (pays non membre de l\u2019Union), la Grande-Bretagne (une nouvelle cat\u00e9gorie d\u2019ex-membre) et la dimension transnationale qui comprend certains pays de d\u00e9part des post-migrants, actifs dans des politiques de diaspora.<\/p>\n","protected":false},"excerpt":{"rendered":"<div class=\"entry-summary\">\nThe Project The question of diversity and integration has occupied public debates,&hellip;\n<\/div>\n<div class=\"link-more\"><a href=\"https:\/\/www.sciencespo.fr\/ceri\/plurispace\/project\/\" class=\"more-link\">Continue reading<span class=\"screen-reader-text\"> &ldquo;The project&rdquo;<\/span>&hellip;<\/a><\/div>\n","protected":false},"author":1,"featured_media":0,"parent":0,"menu_order":0,"comment_status":"closed","ping_status":"open","template":"","meta":{"footnotes":""},"_links":{"self":[{"href":"https:\/\/www.sciencespo.fr\/ceri\/plurispace\/wp-json\/wp\/v2\/pages\/2"}],"collection":[{"href":"https:\/\/www.sciencespo.fr\/ceri\/plurispace\/wp-json\/wp\/v2\/pages"}],"about":[{"href":"https:\/\/www.sciencespo.fr\/ceri\/plurispace\/wp-json\/wp\/v2\/types\/page"}],"author":[{"embeddable":true,"href":"https:\/\/www.sciencespo.fr\/ceri\/plurispace\/wp-json\/wp\/v2\/users\/1"}],"replies":[{"embeddable":true,"href":"https:\/\/www.sciencespo.fr\/ceri\/plurispace\/wp-json\/wp\/v2\/comments?post=2"}],"version-history":[{"count":11,"href":"https:\/\/www.sciencespo.fr\/ceri\/plurispace\/wp-json\/wp\/v2\/pages\/2\/revisions"}],"predecessor-version":[{"id":176,"href":"https:\/\/www.sciencespo.fr\/ceri\/plurispace\/wp-json\/wp\/v2\/pages\/2\/revisions\/176"}],"wp:attachment":[{"href":"https:\/\/www.sciencespo.fr\/ceri\/plurispace\/wp-json\/wp\/v2\/media?parent=2"}],"curies":[{"name":"wp","href":"https:\/\/api.w.org\/{rel}","templated":true}]}}