{"id":96,"date":"2022-01-31T13:32:19","date_gmt":"2022-01-31T12:32:19","guid":{"rendered":"https:\/\/www.sciencespo.fr\/ceri\/nuclear\/?page_id=96"},"modified":"2024-10-29T11:08:54","modified_gmt":"2024-10-29T10:08:54","slug":"legal-notice","status":"publish","type":"page","link":"https:\/\/www.sciencespo.fr\/ceri\/nuclear\/legal-notice\/","title":{"rendered":"Legal notice"},"content":{"rendered":"<p><strong>EDITEUR<\/strong><br \/>\nCERI\/Sciences Po<br \/>\n28 rue des Saints-P\u00e8res<br \/>\n75007 Paris<br \/>\nT\u00e9l\u00e9phone : 01 58 71 70 00<br \/>\nEmail : <a href=\"info.ceri@sciencespo.fr\">info.ceri@sciencespo.fr<\/a><\/p>\n<p><strong>Directrice de publication :<\/strong><br \/>\nLuis Vassy, administrateur de l\u2019Institut d\u2019\u00e9tudes politiques de Paris et de la Fondation nationale des sciences politiques.<\/p>\n<p><strong>Direction scientifique :<\/strong><br \/>\n<a href=\"mailto:benoit.pelopidas@sciencespo.fr\">Beno\u00eet Pelopidas<\/a>, Associate Professor<\/p>\n<p><strong>Contact technique<\/strong>\u00a0:\u00a0<a href=\"mailto:gregory.cales@sciencespo.fr\">gregory.cales@sciencespo.fr<\/a><\/p>\n<p><strong>HEBERGEMENT<\/strong><br \/>\nCe site internet est h\u00e9berg\u00e9 par la Fondation Nationale des Sciences Politiques<br \/>\nSciences Po \u2013 Direction des Syst\u00e8mes d\u2019Information<br \/>\n27 rue Saint Guillaume 75337 Paris cedex 07<\/p>\n<p><strong>CREDITS<\/strong><br \/>\nOutil de gestion de contenu : WordPress<\/p>\n<h2>1 \u2013 CONDITIONS D\u2019ACCES ET D\u2019UTILISATION<\/h2>\n<p>En utilisant le site web https:\/\/www.sciencespo.fr\/ceri\/nuclear, vous reconnaissez accepter toutes les stipulations des mentions l\u00e9gales et conditions g\u00e9n\u00e9rales d\u2019utilisation du CERI Sciences Po.<\/p>\n<p>Le site https:\/\/www.sciencespo.fr\/ceri\/nuclear ici pr\u00e9sente des informations, il ne peut \u00eatre garanti qu\u2019elles soient, \u00e0 tout moment, exactes, compl\u00e8tes et \u00e0 jour. Il appartient au visiteur d\u2019obtenir toute confirmation par d\u2019autres moyens, y compris en nous contactant pour des informations compl\u00e9mentaires.<\/p>\n<p>L\u2019utilisation du site se fait sous la seule responsabilit\u00e9 du visiteur. Le CERI, ne pourra en aucun cas \u00eatre tenu responsable pour les dommages, directs ou indirects, pouvant survenir suite \u00e0 l\u2019utilisation du site ou aux d\u00e9cisions prises sur la base des informations qui s\u2019y trouvent.<\/p>\n<p>Nous nous r\u00e9servons le droit de modifier ou corriger le contenu du site ainsi que les pr\u00e9sentes conditions g\u00e9n\u00e9rales, \u00e0 tout moment.<\/p>\n<h2>2 \u2013 DROIT DE PROPRIETE INTELLECTUELLE<\/h2>\n<p>Toutes les informations reproduites dans ce site web (textes, photos, logos\u2026) sont prot\u00e9g\u00e9es par des droits de propri\u00e9t\u00e9 intellectuelle d\u00e9tenus par Sciences Po ou par ses partenaires.<\/p>\n<p>Par cons\u00e9quent, aucune de ces informations ne peut \u00eatre reproduite, modifi\u00e9e, rediffus\u00e9e, traduite, exploit\u00e9e commercialement ou r\u00e9utilis\u00e9e de quelque mani\u00e8re que ce soit sans l\u2019accord pr\u00e9alable et \u00e9crit de Sciences Po. Le titre, la conception, la forme du site https:\/\/www.sciencespo.fr\/ceri\/nuclear mais aussi son contenu tels que les actualit\u00e9s, descriptions, illustrations et images originales et leur organisation, ainsi que toute compilation de logiciels, code source fondamental et autres \u00e9l\u00e9ments contenus sur le site https:\/\/www.sciencespo.fr\/ceri\/nuclear sont la propri\u00e9t\u00e9 de Sciences Po.<\/p>\n<h2>3 \u2013 LES LIENS HYPERTEXTES<\/h2>\n<p>Nos pages web proposent des liens vers d\u2019autres sites pour lesquels nous ne sommes responsables ni de leur int\u00e9gral respect aux normes d\u2019ordre public et bonnes m\u0153urs, d\u2019une part, ni de leur politique de protection des donn\u00e9es personnelles ou d\u2019utilisation qui en seraient faites, d\u2019autre part.<br \/>\nEn acc\u00e9dant \u00e0 un autre site, par l\u2019interm\u00e9diaire d\u2019un lien hypertexte, vous acceptez que cet acc\u00e8s s\u2019effectue \u00e0 vos risques et p\u00e9rils. En cons\u00e9quence, tout pr\u00e9judice direct ou indirect r\u00e9sultant de votre acc\u00e8s \u00e0 un autre site reli\u00e9 par un lien hypertexte ne peut engager la responsabilit\u00e9 du CERI.<\/p>\n<p>Le site du CERI autorise la mise en place d\u2019un lien hypertexte pointant vers son contenu, sous r\u00e9serve de mentionner la source qui pointera gr\u00e2ce \u00e0 un lien hypertexte directement sur le contenu vis\u00e9.<\/p>\n<p>Attention ! Cette autorisation ne s\u2019applique pas aux sites internet diffusant des informations \u00e0 caract\u00e8re pol\u00e9mique, pornographique, x\u00e9nophobe ou pouvant, dans une plus large mesure porter atteinte \u00e0 la sensibilit\u00e9 du plus grand nombre.<\/p>\n<p>Le CERI s\u2019engage \u00e0 faire cesser les liens vers d\u2019autres sites internet d\u00e8s la premi\u00e8re demande des entreprises \u00e0 qui appartiennent les sites faisant l\u2019objet de liens.<\/p>\n","protected":false},"excerpt":{"rendered":"<div class=\"entry-summary\">\nEDITEUR CERI\/Sciences Po 28 rue des Saints-P\u00e8res 75007 Paris T\u00e9l\u00e9phone : 01&hellip;\n<\/div>\n<div class=\"link-more\"><a href=\"https:\/\/www.sciencespo.fr\/ceri\/nuclear\/legal-notice\/\" class=\"more-link\">Continue reading<span class=\"screen-reader-text\"> &ldquo;Legal notice&rdquo;<\/span>&hellip;<\/a><\/div>\n","protected":false},"author":1,"featured_media":0,"parent":0,"menu_order":0,"comment_status":"closed","ping_status":"closed","template":"page-template\/_fullwidth.php","meta":{"footnotes":""},"_links":{"self":[{"href":"https:\/\/www.sciencespo.fr\/ceri\/nuclear\/wp-json\/wp\/v2\/pages\/96"}],"collection":[{"href":"https:\/\/www.sciencespo.fr\/ceri\/nuclear\/wp-json\/wp\/v2\/pages"}],"about":[{"href":"https:\/\/www.sciencespo.fr\/ceri\/nuclear\/wp-json\/wp\/v2\/types\/page"}],"author":[{"embeddable":true,"href":"https:\/\/www.sciencespo.fr\/ceri\/nuclear\/wp-json\/wp\/v2\/users\/1"}],"replies":[{"embeddable":true,"href":"https:\/\/www.sciencespo.fr\/ceri\/nuclear\/wp-json\/wp\/v2\/comments?post=96"}],"version-history":[{"count":4,"href":"https:\/\/www.sciencespo.fr\/ceri\/nuclear\/wp-json\/wp\/v2\/pages\/96\/revisions"}],"predecessor-version":[{"id":118,"href":"https:\/\/www.sciencespo.fr\/ceri\/nuclear\/wp-json\/wp\/v2\/pages\/96\/revisions\/118"}],"wp:attachment":[{"href":"https:\/\/www.sciencespo.fr\/ceri\/nuclear\/wp-json\/wp\/v2\/media?parent=96"}],"curies":[{"name":"wp","href":"https:\/\/api.w.org\/{rel}","templated":true}]}}