{"id":22,"date":"2021-04-08T16:01:58","date_gmt":"2021-04-08T14:01:58","guid":{"rendered":"https:\/\/www.sciencespo.fr\/ceri\/nuclear\/?page_id=22"},"modified":"2021-12-21T11:48:31","modified_gmt":"2021-12-21T10:48:31","slug":"publications","status":"publish","type":"page","link":"https:\/\/www.sciencespo.fr\/ceri\/nuclear\/publications\/","title":{"rendered":"Publications"},"content":{"rendered":"<p><img loading=\"lazy\" decoding=\"async\" class=\"alignleft size-medium wp-image-83\" src=\"https:\/\/www.sciencespo.fr\/ceri\/nuclear\/wp-content\/uploads\/2021\/12\/Livre_profil-300x179.jpg\" alt=\"\" width=\"300\" height=\"179\" srcset=\"https:\/\/www.sciencespo.fr\/ceri\/nuclear\/wp-content\/uploads\/2021\/12\/Livre_profil-300x179.jpg 300w, https:\/\/www.sciencespo.fr\/ceri\/nuclear\/wp-content\/uploads\/2021\/12\/Livre_profil-768x457.jpg 768w, https:\/\/www.sciencespo.fr\/ceri\/nuclear\/wp-content\/uploads\/2021\/12\/Livre_profil.jpg 850w\" sizes=\"(max-width: 300px) 100vw, 300px\" \/><\/p>\n<p>\u00ab Le livre de Beno\u00eet Pelopidas constitue une pr\u00e9cieuse contribution au d\u00e9bat en cours sur l\u2019armement nucl\u00e9aire. [\u2026] \u00c0 travers un examen approfondi des recherches les plus r\u00e9centes consacr\u00e9es \u00e0 la politique nucl\u00e9aire et \u00e0 l\u2019histoire de ces armements, Beno\u00eet Pelopidas propose une analyse perspicace et originale de notre dilemme actuel. Il b\u00e2tit une argumentation solide \u00e0 l\u2019encontre du discours qui voudrait nous faire croire que la d\u00e9tention d\u2019armes nucl\u00e9aires et leur prolif\u00e9ration sont in\u00e9vitables, tandis que leur abandon serait inconcevable. [\u2026] Explorant les conditions requises pour un choix \u00e9clair\u00e9 et d\u00e9mocratique sur cette question, il s\u2019attache \u00e0 fournir tous les \u00e9l\u00e9ments n\u00e9cessaires \u00e0 la compr\u00e9hension des diff\u00e9rentes options disponibles. [\u2026] En pr\u00e9sentant de mani\u00e8re p\u00e9dagogique l\u2019alternative \u00e0 laquelle nous sommes confront\u00e9s, l\u2019ouvrage de Beno\u00eet Pelopidas apporte une contribution d\u00e9cisive au d\u00e9bat en cours sur l\u2019avenir nucl\u00e9aire de la plan\u00e8te. [\u2026] Il nous aide \u00e0 mieux comprendre le probl\u00e8me nucl\u00e9aire auquel nous sommes tous confront\u00e9s et comment nous devrions y faire face. \u00bb<\/p>\n<p><strong style=\"font-size: 0.8em;\">David Holloway, Professeur \u00e9m\u00e9rite d\u2019histoire internationale et de science politique \u00e0 l\u2019Universit\u00e9 Stanford (USA), auteur de <em>Stalin and the Bomb<\/em> et<em> The Soviet Union and the Arms Race<\/em>, (extraits de la pr\u00e9face) <\/strong><\/p>\n<p>\u00ab Dans un livre riche et reposant sur une argumentation brillante, P\u00e9lopidas met en cause le raisonnement selon lequel les armes nucl\u00e9aires sont essentielles \u00e0 la s\u00e9curit\u00e9 et le d\u00e9sarmement constitue le r\u00eave des na\u00effs. De mani\u00e8re convaincante, il d\u00e9montre au contraire que ces deux choix politiques, la dissuasion et le d\u00e9sarmement, sont des paris sur des vuln\u00e9rabilit\u00e9s trop souvent obscurcies par les activistes des deux bords. Il les expose et montre notamment que les partisans de la dissuasion sous-estiment le r\u00f4le de la chance dans l&rsquo;\u00e9vitement d&rsquo;explosions nucl\u00e9aires non-d\u00e9sir\u00e9es. \u00bb<\/p>\n<p><strong style=\"font-size: 0.8em;\">Richard Ned Lebow, Professeur de th\u00e9orie politique internationale, d\u00e9partement de <em>War Studies<\/em>, King\u2019s College, Londres, auteur de <em>Forbidden Fruit: Counterfactuals and International Relations<\/em> et <em>We all lost the Cold War<\/em> (avec Janice Stein).<\/strong><\/p>\n<p>\u00ab Un livre important. Fruit d\u2019une recherche minutieuse dans les archives de participants cl\u00e9s de l\u2019histoire nucl\u00e9aire doubl\u00e9e d\u2019entretiens, <em>Repenser les choix nucl\u00e9aires<\/em> offre une analyse et une critique originales de la politique nucl\u00e9aire de la France et des compr\u00e9hensions usuelles des armes nucl\u00e9aires en g\u00e9n\u00e9ral. Tout comme les travaux pr\u00e9c\u00e9dents de son auteur, cette \u00e9tude bouleverse en profondeur les id\u00e9es re\u00e7ues. Que vous soyez d\u2019accord ou pas, <em>Repenser les choix nucl\u00e9aires est incontournable<\/em>. \u00bb<\/p>\n<p><strong style=\"font-size: 0.8em;\">Matthew Evangelista, Professeur d\u2019histoire et de science politique \u00e0 l\u2019Universit\u00e9 de Cornell (USA) auteur de Innovation and the Arms Race et Unarmed Forces. <em>The Transnational Movement that ended the Cold War<\/em><\/strong><\/p>\n<p>&nbsp;<\/p>\n<p><a href=\"https:\/\/www.tandfonline.com\/doi\/full\/10.1080\/23340460.2021.1955622\">Misremembering the ACRS: economic imaginations and nuclear negotiations in the Middle East<\/a><br \/>\nHebatalla Taha<br \/>\nReceived 02 Feb 2021, Accepted 12 Jul 2021, Published online: 28 Jul 2021<br \/>\nThis article examines the political economy of Arab-Israeli peacemaking in the first half of the 1990s, specifically the multilateral working group on Arms Control and Regional Security (ACRS). It focuses on the misplaced memorialization of the ACRS process as a lost opportunity for the establishment of a nuclear weapons free zone (NWFZ) in the Middle East, which has resulted in a continuous \u201creturn\u201d to ACRS in policy discussions. The article contends that rather than producing mechanisms for disarmament, the ACRS process was part of a larger economic restructuring and served as a platform for militarized economic relations. Seeking to destabilize dominant repertoires on peacemaking in the Middle East, the article demonstrates the overlap between processes of nuclear entrenchment and economic imaginaries. It offers a deeper understanding of how the nuclear realm interacts with motifs of peace and prosperity.<\/p>\n<p><a href=\"https:\/\/www.oxfordhandbooks.com\/view\/10.1093\/oxfordhb\/9780198806820.001.0001\/oxfordhb-9780198806820-e-28\">The Birth of Nuclear Eternity <\/a><br \/>\nin Jenny Andersson and Sandra Kemp (eds.), <em>Futures<\/em>. Oxford: Oxford University Press, 2021<br \/>\nThis chapter reconnects modes of futures-making with the requirements of democracy by focusing on the naturalization of nuclear weapons and their removal from the realm of democratic choice at a particular point in time. The chapter revolves around the concept of \u2018nuclear eternity\u2019 as a means of reducing public choices about the use of nuclear weapons. It critiques the idea that nuclear weapons have always been perceived as \u2018here to stay\u2019 and reassesses the dominant narrative about the 1960s as an emancipatory decade by arguing that the decade actually witnessed a significant shrinking of future political possibilities. Finally, the chapter identifies three shapes of the future which produce \u2018nuclear eternity\u2019\u2014an <em>absent post-nuclear future<\/em>, an <em>inconsistent post-nuclear future<\/em>, and a <em>disconnected post-nuclear future<\/em>\u2014and illustrates them with historical examples.<\/p>\n<p><a href=\"https:\/\/www.tandfonline.com\/doi\/full\/10.1080\/09662839.2020.1855147?src=recsys\">European nuclear weapons. Zombie debates and nuclear realities<\/a><br \/>\nIn February 2020, French president Emmanuel Macron invited all interested European states to a \u201cstrategic dialogue\u201d on the supposed contribution of France\u2019s nuclear arsenal to European collective security. While certain media commentators relayed Macron\u2019s intervention with approbation and excitement, framing the proposal as an exciting new idea that, if implemented, might boost Europe\u2019s clout on the world stage, the dominant reaction was one of ennui. After all, the argument for Euro-nukes is far from new. In fact, several (mostly French) actors have unsuccessfully attempted to persuade European policymakers of the necessity of European nuclear weapons cooperation for more than half a century. In this article, we investigate the history, merits, and longevity of the case for European nuclear arms. Drawing on secondary literature, policymakers\u2019 writings, and two hitherto untapped surveys of European public opinion conducted by one of the authors, we argue that the case for Euro-nukes is critically flawed with respect to security, strategic autonomy, futurity, and democratic good governance. We maintain that the continuous resurfacing of the \u201czombie\u201d case for Euro-nukes is made possible by powerful organisational interests, as well as conceptual reversification resulting in enduring contradictions between nuclear vulnerabilities and claims of protection and autonomy.<\/p>\n<p><a href=\"https:\/\/thebulletin.org\/2020\/08\/what-europeans-believe-about-hiroshima-and-nagasaki-and-why-it-matters\/\">What Europeans believe about Hiroshima and Nagasaki\u2014and why it matters<\/a><br \/>\nDid the atomic bombings of\u00a0Hiroshima and Nagasaki\u00a0shorten the war, and were they necessary to force the Japanese surrender? Many people believe the answer to both questions is yes: In dropping the Bomb, America chose the lesser of two evils. Although historians have long challenged this narrative as wrong or misleading, a significant number of Europeans still believe it. That is the primary result of a recent survey of European views on nuclear affairs generally and the atomic bombings of Japan specifically. The survey, carried out in October 2019, involved approximately 7,000 respondents aged 18 and upward, carefully selected to ensure representative samples from Belgium, France, Germany, Italy, the Netherlands, Poland, Sweden, Turkey, and the United Kingdom.<\/p>\n<p><a href=\"https:\/\/spire.sciencespo.fr\/hdl:\/2441\/6bi1nh2b6s9j3p7lojijksb9ve\/resources\/2019-pelopidas-snyder-correspondence-is.pdf\">Correspondence. New Era or New Error? Technology and the Future of Deterrence<\/a><br \/>\nA debate on imagined futures and the material vulnerability of nuclear weapons systems<\/p>\n<p><a href=\"https:\/\/nationalinterest.org\/feature\/donald-trump-could-lose-election-authorizing-new-nuclear-weapons-test-163328\">Donald Trump could lose the election by authorizing new nuclear weapons tests<\/a><br \/>\nPolls in the United States and nine allied countries in Europe and Asia show that public support for a nuclear test is very low. If the Trump administration conducts a test, then it shouldn\u2019t expect backing from Americans or its closest U.S. partners.<br \/>\nThis evidence was used in the U.S. Congress in the Fall of 2020<\/p>\n<p><a href=\"https:\/\/spire.sciencespo.fr\/hdl:\/2441\/28pvfa93m799h8kv0rsvnk7psd\/resources\/2019-06-pelopidas-france-nc3-special-report.pdf\">France: nuclear command, control and communications<\/a><br \/>\nIn this essay, Beno\u00eet\u00a0<span class=\"il\">Pelopidas<\/span>\u00a0outlines what is known about French NC3 and identifies discursive, sociological and temporal challenges to assessing the validity of claims on this topic. After reviewing the primacy of presidential nuclear authority, the nuclear chain of command, civilian control over the arsenal, tension between legitimacy and robustness of the chain of command, the role of military authority in the launch order, inadequate code transfer, and accidents and close calls, he concludes: \u201cBeyond the problems of arbitrariness, mismanagement, incidents and accidents outlined above, there are key components of the French nuclear command and control system about which we either do not know much or have partial and conflicting accounts<\/p>\n<p><a href=\"https:\/\/spire.sciencespo.fr\/hdl:\/2441\/5s7b7pgb6f8j9pjajv7bpa4sva\/resources\/2019-pelopidas-conclusion-strategies-nucleaires.pdf\"> Conclusion : D\u00e9passer le panglossisme nucl\u00e9aire<\/a><br \/>\nCe chapitre montre les postulats partag\u00e9s par le discours officiel fran\u00e7ais sur la question nucl\u00e9aire et celui des chercheurs francophones sur le sujet \u00e0 partir d&rsquo;une analyse de contenu d\u00e9taill\u00e9e, et ses implications pour le diagnostic strat\u00e9gique. Il montre notamment, \u00e0 partir du diagnostic p\u00e9n\u00e9trant de Lucien Poirier, comment les propos analytiques des chercheurs dans la tradition des \u00e9tudes strat\u00e9giques sont pris dans un pi\u00e8ge incantatoire. En d&rsquo;autres termes, ils pr\u00e9tendent \u00e9valuer l&rsquo;efficacit\u00e9 des politiques de dissuasion nucl\u00e9aire mais sont dans une position o\u00f9 ils ne pourraient pas en dire les limites s&rsquo;ils en trouvaient puisque cela \u00e9quivaudrait \u00e0 faire le jeu de l&rsquo;adversaire. (L&rsquo;argument est plus sophistiqu\u00e9, mieux \u00e9tay\u00e9 et d\u00e9velopp\u00e9 dans le chapitre) Le chapitre propose des pistes et des pratiques qui permettent d&rsquo;\u00e9chapper au pi\u00e8ge incantatoire.<\/p>\n<p><a href=\"https:\/\/spire.sciencespo.fr\/hdl:\/2441\/6v7kc9gqp99r3at0m27hqqnu80\/resources\/2019-pelopidas-chapitre1-strategies-nucleaires.pdf\"> L\u2019insoutenable l\u00e9g\u00e8ret\u00e9 de la chance : trois sources d&rsquo;exc\u00e8s de confiance dans la possibilit\u00e9 de contr\u00f4ler les crises nucl\u00e9aires<\/a><br \/>\nUne version augment\u00e9e du travail publi\u00e9 en anglais sur le r\u00f4le de la chance dans les crises nucl\u00e9aires et de la construction de la confiance excessive dans la possibilit\u00e9 de contr\u00f4ler les crises nucl\u00e9aires qui s&rsquo;appuie sur l&rsquo;\u00e9tude de l&rsquo;exp\u00e9rience et de la m\u00e9morialisation de la crise de Cuba en France \u00e0 partir de sources primaires.<\/p>\n","protected":false},"excerpt":{"rendered":"<div class=\"entry-summary\">\n\u00ab Le livre de Beno\u00eet Pelopidas constitue une pr\u00e9cieuse contribution au d\u00e9bat&hellip;\n<\/div>\n<div class=\"link-more\"><a href=\"https:\/\/www.sciencespo.fr\/ceri\/nuclear\/publications\/\" class=\"more-link\">Continue reading<span class=\"screen-reader-text\"> &ldquo;Publications&rdquo;<\/span>&hellip;<\/a><\/div>\n","protected":false},"author":1,"featured_media":0,"parent":0,"menu_order":0,"comment_status":"closed","ping_status":"closed","template":"page-template\/_fullwidth.php","meta":{"footnotes":""},"_links":{"self":[{"href":"https:\/\/www.sciencespo.fr\/ceri\/nuclear\/wp-json\/wp\/v2\/pages\/22"}],"collection":[{"href":"https:\/\/www.sciencespo.fr\/ceri\/nuclear\/wp-json\/wp\/v2\/pages"}],"about":[{"href":"https:\/\/www.sciencespo.fr\/ceri\/nuclear\/wp-json\/wp\/v2\/types\/page"}],"author":[{"embeddable":true,"href":"https:\/\/www.sciencespo.fr\/ceri\/nuclear\/wp-json\/wp\/v2\/users\/1"}],"replies":[{"embeddable":true,"href":"https:\/\/www.sciencespo.fr\/ceri\/nuclear\/wp-json\/wp\/v2\/comments?post=22"}],"version-history":[{"count":20,"href":"https:\/\/www.sciencespo.fr\/ceri\/nuclear\/wp-json\/wp\/v2\/pages\/22\/revisions"}],"predecessor-version":[{"id":86,"href":"https:\/\/www.sciencespo.fr\/ceri\/nuclear\/wp-json\/wp\/v2\/pages\/22\/revisions\/86"}],"wp:attachment":[{"href":"https:\/\/www.sciencespo.fr\/ceri\/nuclear\/wp-json\/wp\/v2\/media?parent=22"}],"curies":[{"name":"wp","href":"https:\/\/api.w.org\/{rel}","templated":true}]}}