{"id":18,"date":"2021-04-08T16:01:10","date_gmt":"2021-04-08T14:01:10","guid":{"rendered":"https:\/\/www.sciencespo.fr\/ceri\/nuclear\/?page_id=18"},"modified":"2023-08-29T16:21:27","modified_gmt":"2023-08-29T14:21:27","slug":"events","status":"publish","type":"page","link":"https:\/\/www.sciencespo.fr\/ceri\/nuclear\/events\/","title":{"rendered":"Events and Outreach"},"content":{"rendered":"<p><iframe loading=\"lazy\" title=\"YouTube video player\" src=\"https:\/\/www.youtube.com\/embed\/rP0N6B1moRU?si=VMeHuS-mIuFwiAas\" width=\"560\" height=\"315\" frameborder=\"0\"><span data-mce-type=\"bookmark\" style=\"display: inline-block; width: 0px; overflow: hidden; line-height: 0;\" class=\"mce_SELRES_start\">\ufeff<\/span><\/iframe><\/p>\n<p><strong>Scoping Nuclear Weapons Choices in an Age of Existential Threats<br \/>\n14\/06\/2023<\/strong><\/p>\n<p>The Centre for the Study of Existential Risk is hosting a public lecture by Professor Beno\u00eet Pelopidas (Founding director of the Nuclear Knowledges program at Sciences Po) on 14th June at 5.30pm in the Runcie Room, Faculty of Divinity.<\/p>\n<p>Professor Beno\u00eet Pelopidas is the founding director of the Nuclear Knowledges program (formerly chair of excellence in security studies) at Sciences Po (CERI). His program, \u201cNuclear Knowledges\u201d, is the first independent scholarly research program on the nuclear phenomenon in France. He is also an affiliate of the Center for International Security and Cooperation (CISAC) at Stanford University.<\/p>\n<p>His research has received four international prizes and the most prestigious European grants based on scholarly assessment by peers, most notably an ERC Starting Grant. This interdisciplinary effort of independent scholarship has led to the following discoveries over the last five years: the lack of credibility and rationality of the French nuclear arsenal at least until 1974; the underestimation of the effects of French nuclear weapons tests in Polynesia; the role of luck in the past avoidance of unwanted nuclear explosions; the limits of popular support for nuclear weapons policy, the role of nostalgia and imagined futures in shaping nuclear weapons politics and the effects of funding carrying conflicts of interests on nuclear weapons policy analysis.<\/p>\n<p>&nbsp;<\/p>\n<p><iframe loading=\"lazy\" title=\"YouTube video player\" src=\"https:\/\/www.youtube.com\/embed\/V87qX76cLSE?si=3yxiN3xxHdonxPzg\" width=\"560\" height=\"315\" frameborder=\"0\"><\/iframe><\/p>\n<p><strong>Spheres of (In)security: Global Nuclear Order between Past and Future Injustices<br \/>\n17\/05\/2023<\/strong><\/p>\n<p>The global nuclear order that comprises nuclear deterrence, nonproliferation, and disarmament is often viewed as discriminatory and increasingly castigated as unjust. Few states got to develop and deploy nuclear weapons in the name of their own security and that of their allies. Most are prohibited from doing so by the international nonproliferation regime. All stand to lose if a nuclear exchange takes place. Russia\u2019s war against Ukraine underscored the inequities and injustices in the global nuclear order built on hierarchical spheres of (in)security. How to define injustice in nuclear affairs? How sustainable is an unjust global nuclear order? At what cost can it be maintained in its present form, and how can it be long tolerated by the future generations? The panel brings together scholars to critically reflect on past, ongoing, and future nuclear injustices \u2013 in the context of the war in Ukraine and beyond \u2013 to assess the main tensions and pave the way for a research agenda beyond the usual boundaries of the nuclear policy field and community.<\/p>\n<p><a href=\"https:\/\/www.belfercenter.org\/event\/spheres-insecurity-global-nuclear-order-between-past-and-future-injustices\">More informations<\/a><\/p>\n<p>&nbsp;<\/p>\n<p><iframe loading=\"lazy\" title=\"YouTube video player\" src=\"https:\/\/www.youtube.com\/embed\/bDnmMkGENWA\" width=\"100%\" height=\"500\" frameborder=\"0\" allowfullscreen=\"allowfullscreen\"><span data-mce-type=\"bookmark\" style=\"display: inline-block; width: 0px; overflow: hidden; line-height: 0;\" class=\"mce_SELRES_start\">\ufeff<\/span><\/iframe><\/p>\n<p><strong>Nuclear Knowledge Production: Authority, Truths, and Making Sense of the Bomb<br \/>\n27 janv. 2022<\/strong><br \/>\n\u2022 Dr. Carol Cohn, Founding Director, Consortium on Gender, Security and Human Rights<br \/>\n\u2022 Dr. Beno\u00eet Pelopidas, Director, Nuclear Knowledges, Sciences Po<br \/>\n\u2022 Dr. Jayita Sarkar, Founding Director, Global Decolonization Initiative, Boston University<br \/>\nModerator:<br \/>\n\u2022 Dr. Mariana Budjeryn, Research Associate, Project on Managing the Atom<\/p>\n<p>&nbsp;<\/p>\n<div style=\"padding: 56.25% 0 0 0; position: relative;\">\n<p><iframe style=\"position: absolute; top: 0; left: 0; width: 100%; height: 100%;\" src=\"https:\/\/player.vimeo.com\/video\/651148809?h=c4807ca8ff\" frameborder=\"0\" allowfullscreen=\"allowfullscreen\"><\/iframe><\/p>\n<\/div>\n<p><script src=\"https:\/\/player.vimeo.com\/api\/player.js\"><\/script><\/p>\n<p><a href=\"https:\/\/vimeo.com\/651148809\">Quel r\u00f4le pour la fiction face aux catastrophes pr\u00e9sentes et \u00e0 venir ?<\/a> from <a href=\"https:\/\/vimeo.com\/user4881172\">CERI SciencesPo CNRS<\/a> on <a href=\"https:\/\/vimeo.com\">Vimeo<\/a>.<\/p>\n<p><iframe class=\"event\" title=\"Benoit Pelopidas on luck and vulnerability in nuclear security\" src=\"https:\/\/www.youtube.com\/embed\/dsLdEyFGNFU?start=001\" width=\"100%\" frameborder=\"0\" allowfullscreen=\"allowfullscreen\"><span data-mce-type=\"bookmark\" style=\"display: inline-block; width: 0px; overflow: hidden; line-height: 0;\" class=\"mce_SELRES_start\">\ufeff<\/span><span data-mce-type=\"bookmark\" style=\"display: inline-block; width: 0px; overflow: hidden; line-height: 0;\" class=\"mce_SELRES_start\">\ufeff<\/span><span data-mce-type=\"bookmark\" style=\"display: inline-block; width: 0px; overflow: hidden; line-height: 0;\" class=\"mce_SELRES_start\">\ufeff<\/span><\/iframe><br \/>\nBenoit Pelopidas on luck and vulnerability in nuclear security<\/p>\n<p>Thomas fraise, \u201c<a href=\"https:\/\/theconversation.com\/jusqua-quand-letat-doit-il-garder-ses-secrets-162693\">Jusqu\u2019\u00e0 quand l\u2019\u00c9tat doit-il garder ses \u00ab secrets \u00bb ?<\/a>\u201d, <em>The Conversation<\/em>, June, 28, 2021.<br \/>\nBeno\u00eet Pelopidas and Alex Wellerstein, \u201c<a href=\"https:\/\/www.washingtonpost.com\/gdpr-consent\/?next_url=https%3a%2f%2fwww.washingtonpost.com%2foutlook%2f2020%2f08%2f10%2freason-we-havent-had-nuclear-disasters-isnt-careful-planning-its-luck%2f\">The reason we haven\u2019t had nuclear disasters is not careful planning, it\u2019s luck<\/a>\u201d,<em> The Washington Post<\/em>, August, 10, 2020.<br \/>\nBeno\u00eet Pelopidas et Kj\u00f8lv Egeland,\u201c<a href=\"https:\/\/www.la-croix.com\/Debats\/ombres-Hiroshima-Nagasaki-Europe-2020-08-11-1201108643\">Les ombres d\u2019Hiroshima et de Nagasaki en Europe<\/a>\u201d, <em>La Croix<\/em>, 11 ao\u00fbt 2020<br \/>\nBeno\u00eet Pelopidas, \u201c<a href=\"https:\/\/www.liberation.fr\/debats\/2020\/08\/06\/prendre-les-vulnerabilites-nucleaires-au-serieux_1796103\/\">Prendre les vuln\u00e9rabilit\u00e9s nucl\u00e9aires au s\u00e9rieux<\/a>\u201d, <em>Lib\u00e9ration<\/em>, 6 ao\u00fbt 2020<br \/>\nBeno\u00eet Pelopidas, \u201c<a href=\"https:\/\/www.franceculture.fr\/emissions\/le-magazine-du-week-end\/dettes-publiques-obsession-comptable-ou-question-democratique-nucleaire-militaire-a-t-trop-vite\">A-t-on trop vite oubli\u00e9 Hiroshima?<\/a>\u201d, <em>Le magazine du weekend<\/em> sur <em>France Culture<\/em>, par Julie Gacon, 9 ao\u00fbt 2020<br \/>\nBeno\u00eet Pelopidas, \u201c<a href=\"https:\/\/www.humanite.fr\/tribune-libre-la-chaine-de-transmission-de-lordre-de-frappe-ne-permet-pas-aux-citoyens-de-sy-opposer\">Tribune libre. La cha\u00eene de transmission de l\u2019ordre de frappe ne permet pas aux citoyens de s\u2019y opposer. On ne peut pas choisir de ne pas \u00eatre affect\u00e9 par les politiques d\u2019armement nucl\u00e9aire<\/a>\u201d, <em>L\u2019Humanit\u00e9<\/em>, 6 ao\u00fbt 2020<br \/>\nBeno\u00eet Pelopidas and M.V. Ramana, \u201c<a href=\"https:\/\/www.thehindu.com\/opinion\/op-ed\/taking-nuclear-vulnerabilities-seriously\/article32279584.ece?__cf_chl_captcha_tk__=43d91af044efde3a4d658a1ef627d54b1dbecfc1-1617980105-0-AcW1aiLhI60ECiog2tsUaW-DnJgOxJRUqDeDt5MD7ekXt53c9rNcBteWdcHwrOpNJJTciyp2NVjh8YkgnENBQpYhEO20gt5ou2XapwWdA_4BjF2EUKhwoD1McSczLkz3etjxQY179w0meuaURYLWXWoXTY8Um_0ppS1T9I0KxsHhmELi8x_heTCtIEg9m6TrQcB89U5KX32uYRr1Au46-ZZIG5_cwk83o1fIy_p5pHZEoI8dWJLXGC0fVrlprGGYa4vHyPyaEr8nm-YhJb9DjRHiuUFxib5uNtWv4IF5r_vJb_JJjCrpaKdpILcjD6vTIjtaK9ARAiD4ODAIRnq1nKeaNGhfFOEfayIfwh71sZtnoJBNOu8Mc0DLmsd94ou0dKBrIKNGgTPL_NFtIjrF53FOgyXoXgMW7dArpdYvdtMjVBrPE10uVfa1f0AfZiSVrPlH-CHXCSNqjI-wUqkeNy2cgxk4Rnai77DHHGO70bHvaChIX2aPyGkHfTlls1YY_To4jTLFKbFnFOkvWqm6tTpWLchuxOpOwF5IEh5BmRVZ2A9LQWlcNQf2vHftdtWhWCyO0HS2vaOFaCF-MCPaEzU_KGDS_Ew5Zu95OnWwBEL7uva2WPLoWOcWKwI5PMxFsJ0nswODNItfGpuScqRCq29YXHM7eBEEPiB04iRSZbS5068UFdUTDspZ60lOnGTHZg\">Taking nuclear vulnerabilities seriously<\/a>\u201d, <em>The Hindu<\/em>, August 6, 2020<br \/>\nBeno\u00eet Pelopidas, \u00ab <a href=\"https:\/\/www.humanite.fr\/defense-la-nouvelle-course-aux-armements-nucleaires-deja-commence-675588\">Nucl\u00e9aire : la course aux armements a d\u00e9j\u00e0 commenc\u00e9<\/a> \u00bb, <em>L\u2019Humanit\u00e9<\/em>, 6 ao\u00fbt 2019 [entretien avec Pierre Barbancey]<br \/>\nBeno\u00eet Pelopidas, \u00ab <a href=\"https:\/\/www.franceculture.fr\/emissions\/du-grain-a-moudre-dete\/du-grain-a-moudre-dete-emission-du-jeudi-01-aout-2019\">Nucl\u00e9aire, faut-il craindre un r\u00e9armement g\u00e9n\u00e9ral<\/a> \u00bb, <em>Du grain \u00e0 moudre<\/em> par Antoine Genton, <em>France Culture<\/em>, 1 August 2019 [avec Fran\u00e7ois Heisbourg, Antoine Bondaz et Jean-Marie Collin]<\/p>\n","protected":false},"excerpt":{"rendered":"<div class=\"entry-summary\">\n\ufeff Scoping Nuclear Weapons Choices in an Age of Existential Threats 14\/06\/2023&hellip;\n<\/div>\n<div class=\"link-more\"><a href=\"https:\/\/www.sciencespo.fr\/ceri\/nuclear\/events\/\" class=\"more-link\">Continue reading<span class=\"screen-reader-text\"> &ldquo;Events and Outreach&rdquo;<\/span>&hellip;<\/a><\/div>\n","protected":false},"author":1,"featured_media":0,"parent":0,"menu_order":0,"comment_status":"closed","ping_status":"closed","template":"page-template\/_fullwidth.php","meta":{"footnotes":""},"_links":{"self":[{"href":"https:\/\/www.sciencespo.fr\/ceri\/nuclear\/wp-json\/wp\/v2\/pages\/18"}],"collection":[{"href":"https:\/\/www.sciencespo.fr\/ceri\/nuclear\/wp-json\/wp\/v2\/pages"}],"about":[{"href":"https:\/\/www.sciencespo.fr\/ceri\/nuclear\/wp-json\/wp\/v2\/types\/page"}],"author":[{"embeddable":true,"href":"https:\/\/www.sciencespo.fr\/ceri\/nuclear\/wp-json\/wp\/v2\/users\/1"}],"replies":[{"embeddable":true,"href":"https:\/\/www.sciencespo.fr\/ceri\/nuclear\/wp-json\/wp\/v2\/comments?post=18"}],"version-history":[{"count":27,"href":"https:\/\/www.sciencespo.fr\/ceri\/nuclear\/wp-json\/wp\/v2\/pages\/18\/revisions"}],"predecessor-version":[{"id":103,"href":"https:\/\/www.sciencespo.fr\/ceri\/nuclear\/wp-json\/wp\/v2\/pages\/18\/revisions\/103"}],"wp:attachment":[{"href":"https:\/\/www.sciencespo.fr\/ceri\/nuclear\/wp-json\/wp\/v2\/media?parent=18"}],"curies":[{"name":"wp","href":"https:\/\/api.w.org\/{rel}","templated":true}]}}